{"id":6535,"date":"2025-11-05T14:55:25","date_gmt":"2025-11-05T13:55:25","guid":{"rendered":"https:\/\/grandboisweine.com\/?post_type=product&#038;p=6535"},"modified":"2026-01-27T16:19:44","modified_gmt":"2026-01-27T15:19:44","slug":"2024-wei%c3%9f-cuvee","status":"publish","type":"product","link":"https:\/\/grandboisweine.com\/fr\/shop\/weisswein\/2024-wei%c3%9f-cuvee\/","title":{"rendered":"2024 WEI\u1e9e Cuv\u00e9e"},"content":{"rendered":"<p data-path-to-node=\"4\"><b data-path-to-node=\"4\" data-index-in-node=\"0\">Le meilleur des deux mondes. Coferment\u00e9 pour un \u00e9quilibre maximal.<\/b><\/p>\n<p data-path-to-node=\"5\">Pourquoi choisir quand on peut avoir les deux ? Notre site <b data-path-to-node=\"5\" data-index-in-node=\"59\">Cuv\u00e9e blanche<\/b> (85 % Pinot Blanc, 15 % Riesling) n'est pas un assemblage ult\u00e9rieur, mais une unit\u00e9 d\u00e9lib\u00e9r\u00e9e. Les raisins ont \u00e9t\u00e9 r\u00e9colt\u00e9s ensemble <b data-path-to-node=\"5\" data-index-in-node=\"201\">co-ferment\u00e9<\/b>, Le vin a \u00e9t\u00e9 \u00e9labor\u00e9 \u00e0 partir d'un m\u00e9lange de Pinot Blanc et de Riesling, ce qui a permis d'unir d\u00e8s le d\u00e9but la richesse onctueuse du Pinot Blanc et l'acidit\u00e9 vive du Riesling.<\/p>\n<ul data-path-to-node=\"6\">\n<li>\n<p data-path-to-node=\"6,0,0\"><b data-path-to-node=\"6,0,0\" data-index-in-node=\"0\">Le coup de pied :<\/b> La poire m\u00fbre et la p\u00eache blanche rencontrent le trait froid et pr\u00e9cis du riesling. L'\u00e9levage en <b data-path-to-node=\"6,0,0\" data-index-in-node=\"108\">Cuve en acier inoxydable<\/b> pr\u00e9serve le fruit pur et authentique et assure une fra\u00eecheur cristalline.<\/p>\n<\/li>\n<li>\n<p data-path-to-node=\"6,1,0\"><b data-path-to-node=\"6,1,0\" data-index-in-node=\"0\">L'artisanat :<\/b> Cons\u00e9quence : <b data-path-to-node=\"6,1,0\" data-index-in-node=\"27\">Low Intervention<\/b>. <b data-path-to-node=\"6,1,0\" data-index-in-node=\"45\">Fermentation spontan\u00e9e<\/b> (co-ferment), pleine <b data-path-to-node=\"6,1,0\" data-index-in-node=\"79\">12 mois sur lies compl\u00e8tes<\/b> en cuve acier pour le fondant et la structure sans influence du bois. <b data-path-to-node=\"6,1,0\" data-index-in-node=\"163\">Non filtr\u00e9<\/b>, <b data-path-to-node=\"6,1,0\" data-index-in-node=\"176\">vegan<\/b> et un minimum de soufre.<\/p>\n<\/li>\n<li>\n<p data-path-to-node=\"6,2,0\"><b data-path-to-node=\"6,2,0\" data-index-in-node=\"0\">La vibe :<\/b> \u00e9l\u00e9gant, pr\u00e9cis et incroyablement buvable. Un vin qui montre \u00e0 quel point une \u00e9quipe de la Hesse rh\u00e9nane et de la Moselle peut travailler en harmonie.<\/p>\n<\/li>\n<li>\n<p data-path-to-node=\"6,3,0\"><b data-path-to-node=\"6,3,0\" data-index-in-node=\"0\">L'appariement des aliments :<\/b> Un point fort pour la cuisine quotidienne honn\u00eate. Excellent avec <b data-path-to-node=\"6,3,0\" data-index-in-node=\"75\">Poulet au citron au four<\/b>, <b data-path-to-node=\"6,3,0\" data-index-in-node=\"107\">p\u00e2tes fra\u00eeches aux petits pois et \u00e0 la menthe<\/b> ou <b data-path-to-node=\"6,3,0\" data-index-in-node=\"148\">sandre r\u00f4ti sur la peau<\/b>.<\/p>\n<\/li>\n<\/ul>\n<p>D\u00e9tails techniques &gt;&gt;. <img decoding=\"async\" class=\"alignnone wp-image-5600\" src=\"https:\/\/i0.wp.com\/grandboisweine.com\/wp-content\/uploads\/2025\/01\/Raisin-1-150x150.png?resize=5050&amp;ssl=1\" sizes=\"(max-width: 50px) 100vw, 50px\" srcset=\"\" alt=\"\" width=\"50\" height=\"50\" data-attachment-id=\"5600\" data-permalink=\"https:\/\/grandboisweine.com\/?attachment_id=5600\" data-orig-file=\"https:\/\/i0.wp.com\/grandboisweine.com\/wp-content\/uploads\/2025\/01\/Raisin-1.webp?fit=482%2C482&amp;ssl=1\" data-orig-size=\"482,482\" data-comments-opened=\"1\" data-image-meta=\"{&quot;aperture&quot;:&quot;0&quot;,&quot;credit&quot;:&quot;&quot;,&quot;camera&quot;:&quot;&quot;,&quot;caption&quot;:&quot;&quot;,&quot;created_timestamp&quot;:&quot;0&quot;,&quot;copyright&quot;:&quot;&quot;,&quot;focal_length&quot;:&quot;0&quot;,&quot;iso&quot;:&quot;0&quot;,&quot;shutter_speed&quot;:&quot;0&quot;,&quot;title&quot;:&quot;&quot;,&quot;orientation&quot;:&quot;0&quot;}\" data-image-title=\"Raisin\" data-image-description=\"\" data-image-caption=\"\" data-medium-file=\"https:\/\/i0.wp.com\/grandboisweine.com\/wp-content\/uploads\/2025\/01\/Raisin-1.webp?fit=300%2C300&amp;ssl=1\" data-large-file=\"https:\/\/i0.wp.com\/grandboisweine.com\/wp-content\/uploads\/2025\/01\/Raisin-1.webp?fit=482%2C482&amp;ssl=1\" data-recalc-dims=\"1\" data-srcset=\"\" \/><\/p>\n<div class=\"elementor-element elementor-element-4e83acf elementor-widget elementor-widget-woocommerce-product-additional-information\" data-id=\"4e83acf\" data-element_type=\"widget\" data-widget_type=\"woocommerce-product-additional-information.default\">\n<div class=\"elementor-widget-container\"><\/div>\n<\/div>","protected":false},"excerpt":{"rendered":"<p>Best of both worlds. Cofermentiert f\u00fcr maximale Balance. Warum sich entscheiden, wenn man beides haben kann? Unsere Weiss Cuv\u00e9e (85 % Pinot Blanc, 15 % Riesling) ist kein nachtr\u00e4glicher Verschnitt, sondern eine bewusste Einheit. Die Trauben wurden gemeinsam co-fermentiert, wodurch die cremige F\u00fclle des Pinot Blancs und die lebendige S\u00e4ure des Rieslings von Anfang an [&hellip;]<\/p>\n","protected":false},"featured_media":6513,"template":"","meta":[],"product_brand":[],"product_cat":[1587],"product_tag":[1563,1627,1628],"class_list":{"0":"post-6535","1":"product","2":"type-product","3":"status-publish","4":"has-post-thumbnail","6":"product_cat-weisswein","7":"product_tag-riesling","8":"product_tag-pinot","9":"product_tag-pinot-blanc","11":"first","12":"instock","13":"taxable","14":"shipping-taxable","15":"purchasable","16":"product-type-simple"},"group_of_quantity":0,"min_quantity":0,"max_quantity":"","exclude_order_quantity_value_rules":"no","exclude_category_quantity_rules":"no","combine_variations":"no","jetpack_sharing_enabled":true,"_links":{"self":[{"href":"https:\/\/grandboisweine.com\/fr\/wp-json\/wp\/v2\/product\/6535","targetHints":{"allow":["GET"]}}],"collection":[{"href":"https:\/\/grandboisweine.com\/fr\/wp-json\/wp\/v2\/product"}],"about":[{"href":"https:\/\/grandboisweine.com\/fr\/wp-json\/wp\/v2\/types\/product"}],"version-history":[{"count":0,"href":"https:\/\/grandboisweine.com\/fr\/wp-json\/wp\/v2\/product\/6535\/revisions"}],"wp:featuredmedia":[{"embeddable":true,"href":"https:\/\/grandboisweine.com\/fr\/wp-json\/wp\/v2\/media\/6513"}],"wp:attachment":[{"href":"https:\/\/grandboisweine.com\/fr\/wp-json\/wp\/v2\/media?parent=6535"}],"wp:term":[{"taxonomy":"product_brand","embeddable":true,"href":"https:\/\/grandboisweine.com\/fr\/wp-json\/wp\/v2\/product_brand?post=6535"},{"taxonomy":"product_cat","embeddable":true,"href":"https:\/\/grandboisweine.com\/fr\/wp-json\/wp\/v2\/product_cat?post=6535"},{"taxonomy":"product_tag","embeddable":true,"href":"https:\/\/grandboisweine.com\/fr\/wp-json\/wp\/v2\/product_tag?post=6535"}],"curies":[{"name":"wp","href":"https:\/\/api.w.org\/{rel}","templated":true}]}}