{"id":6521,"date":"2025-11-05T14:30:31","date_gmt":"2025-11-05T13:30:31","guid":{"rendered":"https:\/\/grandboisweine.com\/?post_type=product&#038;p=6521"},"modified":"2026-01-27T16:26:20","modified_gmt":"2026-01-27T15:26:20","slug":"2024-unicorn-knight-chardonnay","status":"publish","type":"product","link":"https:\/\/grandboisweine.com\/fr\/shop\/weisswein\/2024-unicorn-knight-chardonnay\/","title":{"rendered":"2024 Unicorn Knight Chardonnay"},"content":{"rendered":"<div class=\"flex-shrink-0 flex flex-col relative items-end\">\n<div class=\"pt-0\">\n<div class=\"gizmo-bot-avatar flex h-8 w-8 items-center justify-center overflow-hidden rounded-full\">\n<div class=\"relative p-1 rounded-sm flex items-center justify-center bg-token-main-surface-primary text-token-text-primary h-8 w-8\">\n<p data-path-to-node=\"4\"><b class=\"\" data-path-to-node=\"4\" data-index-in-node=\"0\">La fabuleuse nature de la Moselle.<\/b><\/p>\n<p data-path-to-node=\"5\"><span class=\"\">Un chardonnay de la Moselle ?<\/span><span class=\"\"> Presque aussi rare qu'une licorne - et au moins aussi fascinant.<\/span><span class=\"\"> Ce vin rompt avec le clich\u00e9 du chardonnay au beurre lourd et montre \u00e0 la place la fra\u00eecheur,<\/span><span class=\"\"> c\u00f4t\u00e9 pr\u00e9cis et min\u00e9ral de ce c\u00e9page mondial,<\/span><span class=\"\"> marqu\u00e9 par notre <\/span><b class=\"\" data-path-to-node=\"5\" data-index-in-node=\"273\">Terrains en pente<\/b><span class=\"\">.<\/span><\/p>\n<ul data-path-to-node=\"6\">\n<li>\n<p data-path-to-node=\"6,0,0\"><b class=\"\" data-path-to-node=\"6,0,0\" data-index-in-node=\"0\">Le coup de pied :<\/b><span class=\"\"> Au nez, on trouve de la pomme jaune,<\/span><span class=\"\"> citron m\u00fbr et une fine,<\/span><span class=\"\"> min\u00e9ralit\u00e9 fum\u00e9e de silex.<\/span><span class=\"\"> En bouche, il est puissant et vif,<\/span><span class=\"\"> avec une acidit\u00e9 animatrice et une finale sal\u00e9e,<\/span><span class=\"\"> qui donne envie de boire la prochaine gorg\u00e9e.<\/span><\/p>\n<\/li>\n<li>\n<p data-path-to-node=\"6,1,0\"><b class=\"\" data-path-to-node=\"6,1,0\" data-index-in-node=\"0\">L'artisanat :<\/b><span class=\"\"> Cons\u00e9quence : <\/span><b class=\"\" data-path-to-node=\"6,1,0\" data-index-in-node=\"27\">Low Intervention<\/b><span class=\"\">.<\/span><span class=\"\"> Ferment\u00e9 et m\u00fbri en <\/span><b class=\"\" data-path-to-node=\"6,1,0\" data-index-in-node=\"69\">tonneau en bois rotatif<\/b><span class=\"\"> (neutre <\/span><b class=\"\" data-path-to-node=\"6,1,0\" data-index-in-node=\"101\">Acacia<\/b><span class=\"\">).<\/span><span class=\"\"> Cela permet une micro-oxydation fine et une texture soyeuse,<\/span><span class=\"\"> sans masquer le fruit par des ar\u00f4mes de bois.<\/span> <b class=\"\" data-path-to-node=\"6,1,0\" data-index-in-node=\"218\">Fermentation spontan\u00e9e<\/b><span class=\"\">,<\/span> <b class=\"\" data-path-to-node=\"6,1,0\" data-index-in-node=\"233\">non filtr\u00e9<\/b><span class=\"\">,<\/span> <b class=\"\" data-path-to-node=\"6,1,0\" data-index-in-node=\"246\">vegan<\/b><span class=\"\"> et un minimum de soufre.<\/span><\/p>\n<\/li>\n<li>\n<p data-path-to-node=\"6,2,0\"><b class=\"\" data-path-to-node=\"6,2,0\" data-index-in-node=\"0\">La vibe :<\/b><span class=\"\"> Un vin pour les explorateurs.<\/span><span class=\"\"> Surprenant,<\/span><span class=\"\"> \u00e9l\u00e9gante et loin du courant dominant.<\/span><\/p>\n<\/li>\n<li>\n<p data-path-to-node=\"6,3,0\"><b class=\"\" data-path-to-node=\"6,3,0\" data-index-in-node=\"0\">L'appariement des aliments :<\/b><span class=\"\"> Un favori pour le \u201eElevated Home Cooking\u201c.<\/span><span class=\"\"> Parfait pour <\/span><b class=\"\" data-path-to-node=\"6,3,0\" data-index-in-node=\"70\">coquilles Saint-Jacques grill\u00e9es au beurre brun<\/b><span class=\"\">,<\/span> <b class=\"\" data-path-to-node=\"6,3,0\" data-index-in-node=\"116\">Poulet \u00e0 la cr\u00e8me \u00e0 l'estragon<\/b><span class=\"\"> ou un <\/span><b class=\"\" data-path-to-node=\"6,3,0\" data-index-in-node=\"159\">Chou-fleur cuit au four avec tahini et citron<\/b><span class=\"\">.<\/span><\/p>\n<\/li>\n<\/ul>\n<div class=\"elementor-element elementor-element-f7c1d33 elementor-widget elementor-widget-woocommerce-product-content\" data-id=\"f7c1d33\" data-element_type=\"widget\" data-widget_type=\"woocommerce-product-content.default\">\n<div class=\"elementor-widget-container\">\n<p><a href=\"https:\/\/www.raisin.digital\/en\/artisans\/natural-winemakers\/tanja-philippe-grandbois\/grandboisweine\/wines\/whites\/unicorn-knight-chardonnay-2023-280122\/\">D\u00e9tails techniques &gt;&gt;.\u00a0<img decoding=\"async\" class=\"alignnone wp-image-5600\" src=\"https:\/\/i0.wp.com\/grandboisweine.com\/wp-content\/uploads\/2025\/01\/Raisin-1-150x150.png?resize=5050&amp;ssl=1\" sizes=\"(max-width: 50px) 100vw, 50px\" srcset=\"\" alt=\"\" width=\"50\" height=\"50\" data-attachment-id=\"5600\" data-permalink=\"https:\/\/grandboisweine.com\/?attachment_id=5600\" data-orig-file=\"https:\/\/i0.wp.com\/grandboisweine.com\/wp-content\/uploads\/2025\/01\/Raisin-1.webp?fit=482%2C482&amp;ssl=1\" data-orig-size=\"482,482\" data-comments-opened=\"1\" data-image-meta=\"{&quot;aperture&quot;:&quot;0&quot;,&quot;credit&quot;:&quot;&quot;,&quot;camera&quot;:&quot;&quot;,&quot;caption&quot;:&quot;&quot;,&quot;created_timestamp&quot;:&quot;0&quot;,&quot;copyright&quot;:&quot;&quot;,&quot;focal_length&quot;:&quot;0&quot;,&quot;iso&quot;:&quot;0&quot;,&quot;shutter_speed&quot;:&quot;0&quot;,&quot;title&quot;:&quot;&quot;,&quot;orientation&quot;:&quot;0&quot;}\" data-image-title=\"Raisin\" data-image-description=\"\" data-image-caption=\"\" data-medium-file=\"https:\/\/i0.wp.com\/grandboisweine.com\/wp-content\/uploads\/2025\/01\/Raisin-1.webp?fit=300%2C300&amp;ssl=1\" data-large-file=\"https:\/\/i0.wp.com\/grandboisweine.com\/wp-content\/uploads\/2025\/01\/Raisin-1.webp?fit=482%2C482&amp;ssl=1\" data-recalc-dims=\"1\" data-srcset=\"\" \/><\/a><\/p>\n<\/div>\n<\/div>\n<div class=\"elementor-element elementor-element-4e83acf elementor-widget elementor-widget-woocommerce-product-additional-information\" data-id=\"4e83acf\" data-element_type=\"widget\" data-widget_type=\"woocommerce-product-additional-information.default\">\n<div class=\"elementor-widget-container\"><\/div>\n<\/div>\n<\/div>\n<\/div>\n<\/div>\n<\/div>","protected":false},"excerpt":{"rendered":"<p>Das fabelhafte Wesen der Mosel. Ein Chardonnay von der Mosel? Fast so selten wie ein Einhorn \u2013 und mindestens genauso faszinierend. Dieser Wein bricht mit dem Klischee vom schweren Butter-Chardonnay und zeigt stattdessen die k\u00fchle, pr\u00e4zise und mineralische Seite dieser Weltrebsorte, gepr\u00e4gt durch unsere Steillagen. Der Kick: In der Nase finden sich gelber Apfel, reife [&hellip;]<\/p>\n","protected":false},"featured_media":6504,"template":"","meta":[],"product_brand":[],"product_cat":[1587],"product_tag":[1607,1608,1609,1585],"class_list":{"0":"post-6521","1":"product","2":"type-product","3":"status-publish","4":"has-post-thumbnail","6":"product_cat-weisswein","7":"product_tag-chardonnay","8":"product_tag-unicorn","9":"product_tag-natural-wine","10":"product_tag-mosel","12":"first","13":"instock","14":"taxable","15":"shipping-taxable","16":"purchasable","17":"product-type-simple"},"group_of_quantity":0,"min_quantity":0,"max_quantity":"","exclude_order_quantity_value_rules":"no","exclude_category_quantity_rules":"no","combine_variations":"no","jetpack_sharing_enabled":true,"_links":{"self":[{"href":"https:\/\/grandboisweine.com\/fr\/wp-json\/wp\/v2\/product\/6521","targetHints":{"allow":["GET"]}}],"collection":[{"href":"https:\/\/grandboisweine.com\/fr\/wp-json\/wp\/v2\/product"}],"about":[{"href":"https:\/\/grandboisweine.com\/fr\/wp-json\/wp\/v2\/types\/product"}],"version-history":[{"count":0,"href":"https:\/\/grandboisweine.com\/fr\/wp-json\/wp\/v2\/product\/6521\/revisions"}],"wp:featuredmedia":[{"embeddable":true,"href":"https:\/\/grandboisweine.com\/fr\/wp-json\/wp\/v2\/media\/6504"}],"wp:attachment":[{"href":"https:\/\/grandboisweine.com\/fr\/wp-json\/wp\/v2\/media?parent=6521"}],"wp:term":[{"taxonomy":"product_brand","embeddable":true,"href":"https:\/\/grandboisweine.com\/fr\/wp-json\/wp\/v2\/product_brand?post=6521"},{"taxonomy":"product_cat","embeddable":true,"href":"https:\/\/grandboisweine.com\/fr\/wp-json\/wp\/v2\/product_cat?post=6521"},{"taxonomy":"product_tag","embeddable":true,"href":"https:\/\/grandboisweine.com\/fr\/wp-json\/wp\/v2\/product_tag?post=6521"}],"curies":[{"name":"wp","href":"https:\/\/api.w.org\/{rel}","templated":true}]}}