{"id":6502,"date":"2025-01-08T16:36:09","date_gmt":"2025-01-08T15:36:09","guid":{"rendered":"https:\/\/grandboisweine.com\/?post_type=product&#038;p=6502"},"modified":"2026-01-27T16:10:28","modified_gmt":"2026-01-27T15:10:28","slug":"2024-pinecone-pinot-blanc","status":"publish","type":"product","link":"https:\/\/grandboisweine.com\/fr\/shop\/weisswein\/2024-pinecone-pinot-blanc\/","title":{"rendered":"2024 PINECONE Pinot Blanc *Bio"},"content":{"rendered":"<p data-path-to-node=\"4\"><b data-path-to-node=\"4\" data-index-in-node=\"0\">Texture douce et agr\u00e9able. 12 mois de maturit\u00e9. Un \u00e9quilibre pur.<\/b><\/p>\n<p data-path-to-node=\"5\">Notre <b data-path-to-node=\"5\" data-index-in-node=\"6\">Pinot Blanc<\/b> provient des douces collines de la Hesse rh\u00e9nane. Les sols plus souples de notre r\u00e9gion voisine conf\u00e8rent \u00e0 ce vin une souplesse que l'on ne trouve pas en Moselle. C'est un vin pour les \u00e9picuriens qui recherchent de la profondeur et du fondant sans pour autant renoncer \u00e0 la fra\u00eecheur.<\/p>\n<ul data-path-to-node=\"6\">\n<li>\n<p data-path-to-node=\"6,0,0\"><b data-path-to-node=\"6,0,0\" data-index-in-node=\"0\">Le coup de pied :<\/b> Au nez, on trouve de la pomme jaune m\u00fbre, de la p\u00eache blanche et une note discr\u00e8te de brioche fra\u00eeche. En bouche, il est d\u00e9licieusement cr\u00e9meux et \u00e9toff\u00e9 - le r\u00e9sultat de la patience de la cave.<\/p>\n<\/li>\n<li>\n<p data-path-to-node=\"6,1,0\"><b data-path-to-node=\"6,1,0\" data-index-in-node=\"0\">L'artisanat :<\/b> Cons\u00e9quence : <b data-path-to-node=\"6,1,0\" data-index-in-node=\"27\">Low Intervention<\/b>. Le vin \u00e9tait plein <b data-path-to-node=\"6,1,0\" data-index-in-node=\"64\">12 mois sur lies compl\u00e8tes<\/b>, Le vin est \u00e9galement tr\u00e8s riche en alcool, ce qui lui conf\u00e8re une texture soyeuse et un \u00e9quilibre remarquable. <b data-path-to-node=\"6,1,0\" data-index-in-node=\"162\">Fermentation spontan\u00e9e<\/b>, <b data-path-to-node=\"6,1,0\" data-index-in-node=\"177\">non filtr\u00e9<\/b>, <b data-path-to-node=\"6,1,0\" data-index-in-node=\"190\">vegan<\/b> et rempli avec un minimum de soufre ajout\u00e9. Un exemple parfait de perfectionnisme \u00e0 faible acidit\u00e9.<\/p>\n<\/li>\n<li>\n<p data-path-to-node=\"6,2,0\"><b data-path-to-node=\"6,2,0\" data-index-in-node=\"0\">La vibe :<\/b> souverain et d\u00e9tendu. Un vin qui convainc par son calme int\u00e9rieur et sa pr\u00e9cision artisanale.<\/p>\n<\/li>\n<li>\n<p data-path-to-node=\"6,3,0\"><b data-path-to-node=\"6,3,0\" data-index-in-node=\"0\">L'appariement des aliments :<\/b> Le compl\u00e9ment parfait pour la cuisine quotidienne raffin\u00e9e. Id\u00e9al pour <b data-path-to-node=\"6,3,0\" data-index-in-node=\"77\">risotto cr\u00e9meux aux asperges<\/b>, <b data-path-to-node=\"6,3,0\" data-index-in-node=\"103\">filet de truite r\u00f4ti au beurre d'amandes<\/b> ou <b data-path-to-node=\"6,3,0\" data-index-in-node=\"149\">P\u00e2tes avec une sauce claire au citron et \u00e0 la cr\u00e8me<\/b>.<\/p>\n<\/li>\n<\/ul>\n<div class=\"elementor-element elementor-element-f7c1d33 elementor-widget elementor-widget-woocommerce-product-content\" data-id=\"f7c1d33\" data-element_type=\"widget\" data-widget_type=\"woocommerce-product-content.default\">\n<div class=\"elementor-widget-container\">\n<p><a href=\"https:\/\/www.raisin.digital\/en\/artisans\/natural-winemakers\/tanja-philippe-grandbois\/grandboisweine\/wines\/whites\/pinecone-blanc-2022-263432\/\">D\u00e9tails techniques &gt;&gt;.\u00a0<img decoding=\"async\" class=\"alignnone wp-image-5600\" src=\"https:\/\/i0.wp.com\/grandboisweine.com\/wp-content\/uploads\/2025\/01\/Raisin-1-150x150.png?resize=5050&amp;ssl=1\" sizes=\"(max-width: 50px) 100vw, 50px\" srcset=\"\" alt=\"\" width=\"50\" height=\"50\" data-attachment-id=\"5600\" data-permalink=\"https:\/\/grandboisweine.com\/?attachment_id=5600\" data-orig-file=\"https:\/\/i0.wp.com\/grandboisweine.com\/wp-content\/uploads\/2025\/01\/Raisin-1.webp?fit=482%2C482&amp;ssl=1\" data-orig-size=\"482,482\" data-comments-opened=\"1\" data-image-meta=\"{&quot;aperture&quot;:&quot;0&quot;,&quot;credit&quot;:&quot;&quot;,&quot;camera&quot;:&quot;&quot;,&quot;caption&quot;:&quot;&quot;,&quot;created_timestamp&quot;:&quot;0&quot;,&quot;copyright&quot;:&quot;&quot;,&quot;focal_length&quot;:&quot;0&quot;,&quot;iso&quot;:&quot;0&quot;,&quot;shutter_speed&quot;:&quot;0&quot;,&quot;title&quot;:&quot;&quot;,&quot;orientation&quot;:&quot;0&quot;}\" data-image-title=\"Raisin\" data-image-description=\"\" data-image-caption=\"\" data-medium-file=\"https:\/\/i0.wp.com\/grandboisweine.com\/wp-content\/uploads\/2025\/01\/Raisin-1.webp?fit=300%2C300&amp;ssl=1\" data-large-file=\"https:\/\/i0.wp.com\/grandboisweine.com\/wp-content\/uploads\/2025\/01\/Raisin-1.webp?fit=482%2C482&amp;ssl=1\" data-recalc-dims=\"1\" data-srcset=\"\" \/><\/a><\/p>\n<\/div>\n<\/div>\n<div class=\"elementor-element elementor-element-4e83acf elementor-widget elementor-widget-woocommerce-product-additional-information\" data-id=\"4e83acf\" data-element_type=\"widget\" data-widget_type=\"woocommerce-product-additional-information.default\">\n<div class=\"elementor-widget-container\"><\/div>\n<\/div>","protected":false},"excerpt":{"rendered":"<p>Sanfte Textur. 12 Monate Reife. Pure Balance. Unser Pinot Blanc (Wei\u00dfburgunder) stammt aus den sanften H\u00fcgeln Rheinhessens. Die weicheren B\u00f6den unserer Nachbarregion verleihen diesem Wein eine Geschmeidigkeit, die wir an der Mosel so nicht finden. Es ist ein Wein f\u00fcr Genie\u00dfer, die Tiefe und Schmelz suchen, ohne auf Frische zu verzichten. Der Kick: In der [&hellip;]<\/p>\n","protected":false},"featured_media":6516,"template":"","meta":[],"product_brand":[],"product_cat":[1587],"product_tag":[1626,1627,1628],"class_list":{"0":"post-6502","1":"product","2":"type-product","3":"status-publish","4":"has-post-thumbnail","6":"product_cat-weisswein","7":"product_tag-pinecone","8":"product_tag-pinot","9":"product_tag-pinot-blanc","11":"first","12":"instock","13":"taxable","14":"shipping-taxable","15":"purchasable","16":"product-type-simple"},"group_of_quantity":0,"min_quantity":0,"max_quantity":"","exclude_order_quantity_value_rules":"no","exclude_category_quantity_rules":"no","combine_variations":"no","jetpack_sharing_enabled":true,"_links":{"self":[{"href":"https:\/\/grandboisweine.com\/fr\/wp-json\/wp\/v2\/product\/6502","targetHints":{"allow":["GET"]}}],"collection":[{"href":"https:\/\/grandboisweine.com\/fr\/wp-json\/wp\/v2\/product"}],"about":[{"href":"https:\/\/grandboisweine.com\/fr\/wp-json\/wp\/v2\/types\/product"}],"version-history":[{"count":0,"href":"https:\/\/grandboisweine.com\/fr\/wp-json\/wp\/v2\/product\/6502\/revisions"}],"wp:featuredmedia":[{"embeddable":true,"href":"https:\/\/grandboisweine.com\/fr\/wp-json\/wp\/v2\/media\/6516"}],"wp:attachment":[{"href":"https:\/\/grandboisweine.com\/fr\/wp-json\/wp\/v2\/media?parent=6502"}],"wp:term":[{"taxonomy":"product_brand","embeddable":true,"href":"https:\/\/grandboisweine.com\/fr\/wp-json\/wp\/v2\/product_brand?post=6502"},{"taxonomy":"product_cat","embeddable":true,"href":"https:\/\/grandboisweine.com\/fr\/wp-json\/wp\/v2\/product_cat?post=6502"},{"taxonomy":"product_tag","embeddable":true,"href":"https:\/\/grandboisweine.com\/fr\/wp-json\/wp\/v2\/product_tag?post=6502"}],"curies":[{"name":"wp","href":"https:\/\/api.w.org\/{rel}","templated":true}]}}