{"id":5463,"date":"2025-01-08T16:36:01","date_gmt":"2025-01-08T15:36:01","guid":{"rendered":"https:\/\/grandboisweine.com\/?post_type=product&#038;p=5463"},"modified":"2025-11-05T14:30:05","modified_gmt":"2025-11-05T13:30:05","slug":"2022-pinecone-pinot-blanc","status":"publish","type":"product","link":"https:\/\/grandboisweine.com\/fr\/shop\/weisswein\/2022-pinecone-pinot-blanc\/","title":{"rendered":"2022 PINECONE Pinot Blanc"},"content":{"rendered":"<p>La r\u00e9ponse \u00e0 la question \u201eQuel vin blanc mettre sur la table quand on a un groupe de 10 personnes ou plus ? Pinot blanc. Repos de 12 mois dans un tonneau fran\u00e7ais neutre. Avec un batonnage chaque mois pendant 12 mois.<\/p>\n<p>Le nom \u00ab pinot \u00bb vient du mot fran\u00e7ais signifiant \u00ab pin \u00bb et fait r\u00e9f\u00e9rence aux raisins en forme de pin de ce c\u00e9page. Notre s\u00e9rie PINECONE c\u00e9l\u00e8bre cet h\u00e9ritage en pr\u00e9sentant la polyvalence du Mosel Slate Pinot Noir avec diff\u00e9rentes proportions de ch\u00eane neuf, chaque bouteille refl\u00e9tant la riche tradition du c\u00e9page et notre d\u00e9vouement \u00e0 l'artisanat.<\/p>\n<p>Genie\u00dfen Sie die Kunstfertigkeit unserer PINECONE-Serie \u2013 ein wahres Spiegelbild der Pracht des Pinot Noir und der hervorragenden Weinherstellung an der Mosel.<\/p>\n<div class=\"elementor-element elementor-element-f7c1d33 elementor-widget elementor-widget-woocommerce-product-content\" data-id=\"f7c1d33\" data-element_type=\"widget\" data-widget_type=\"woocommerce-product-content.default\">\n<div class=\"elementor-widget-container\">\n<p><a href=\"https:\/\/www.raisin.digital\/en\/artisans\/natural-winemakers\/tanja-philippe-grandbois\/grandboisweine\/wines\/whites\/pinecone-blanc-2022-263432\/\">D\u00e9tails techniques &gt;&gt;.\u00a0<img decoding=\"async\" class=\"alignnone wp-image-5600\" src=\"https:\/\/i0.wp.com\/grandboisweine.com\/wp-content\/uploads\/2025\/01\/Raisin-1-150x150.png?resize=5050&amp;ssl=1\" sizes=\"(max-width: 50px) 100vw, 50px\" srcset=\"\" alt=\"\" width=\"50\" height=\"50\" data-attachment-id=\"5600\" data-permalink=\"https:\/\/grandboisweine.com\/?attachment_id=5600\" data-orig-file=\"https:\/\/i0.wp.com\/grandboisweine.com\/wp-content\/uploads\/2025\/01\/Raisin-1.webp?fit=482%2C482&amp;ssl=1\" data-orig-size=\"482,482\" data-comments-opened=\"1\" data-image-meta=\"{&quot;aperture&quot;:&quot;0&quot;,&quot;credit&quot;:&quot;&quot;,&quot;camera&quot;:&quot;&quot;,&quot;caption&quot;:&quot;&quot;,&quot;created_timestamp&quot;:&quot;0&quot;,&quot;copyright&quot;:&quot;&quot;,&quot;focal_length&quot;:&quot;0&quot;,&quot;iso&quot;:&quot;0&quot;,&quot;shutter_speed&quot;:&quot;0&quot;,&quot;title&quot;:&quot;&quot;,&quot;orientation&quot;:&quot;0&quot;}\" data-image-title=\"Raisin\" data-image-description=\"\" data-image-caption=\"\" data-medium-file=\"https:\/\/i0.wp.com\/grandboisweine.com\/wp-content\/uploads\/2025\/01\/Raisin-1.webp?fit=300%2C300&amp;ssl=1\" data-large-file=\"https:\/\/i0.wp.com\/grandboisweine.com\/wp-content\/uploads\/2025\/01\/Raisin-1.webp?fit=482%2C482&amp;ssl=1\" data-recalc-dims=\"1\" data-srcset=\"\" \/><\/a><\/p>\n<\/div>\n<\/div>\n<div class=\"elementor-element elementor-element-4e83acf elementor-widget elementor-widget-woocommerce-product-additional-information\" data-id=\"4e83acf\" data-element_type=\"widget\" data-widget_type=\"woocommerce-product-additional-information.default\">\n<div class=\"elementor-widget-container\"><\/div>\n<\/div>","protected":false},"excerpt":{"rendered":"<p>Die Antwort auf die Frage &#8222;Welchen Wei\u00dfwein soll man auf den Tisch stellen, wenn man eine Gruppe von 10 oder mehr Personen hat?&#8220;. Wei\u00dfburgunder. 12 Monate Ruhezeit in einem neutralen franz\u00f6sischen Tonneau. Mit einer Batonnage jeden Monat f\u00fcr 12 Monate. Der Name Pinot&#8220; leitet sich vom franz\u00f6sischen Wort f\u00fcr Kiefer ab und bezieht sich auf [&hellip;]<\/p>\n","protected":false},"featured_media":5369,"template":"","meta":[],"product_brand":[],"product_cat":[1587],"product_tag":[1626,1627,1628],"class_list":{"0":"post-5463","1":"product","2":"type-product","3":"status-publish","4":"has-post-thumbnail","6":"product_cat-weisswein","7":"product_tag-pinecone","8":"product_tag-pinot","9":"product_tag-pinot-blanc","11":"first","12":"outofstock","13":"taxable","14":"shipping-taxable","15":"purchasable","16":"product-type-simple"},"group_of_quantity":0,"min_quantity":0,"max_quantity":"","exclude_order_quantity_value_rules":"no","exclude_category_quantity_rules":"no","combine_variations":"no","jetpack_sharing_enabled":true,"_links":{"self":[{"href":"https:\/\/grandboisweine.com\/fr\/wp-json\/wp\/v2\/product\/5463","targetHints":{"allow":["GET"]}}],"collection":[{"href":"https:\/\/grandboisweine.com\/fr\/wp-json\/wp\/v2\/product"}],"about":[{"href":"https:\/\/grandboisweine.com\/fr\/wp-json\/wp\/v2\/types\/product"}],"version-history":[{"count":0,"href":"https:\/\/grandboisweine.com\/fr\/wp-json\/wp\/v2\/product\/5463\/revisions"}],"wp:featuredmedia":[{"embeddable":true,"href":"https:\/\/grandboisweine.com\/fr\/wp-json\/wp\/v2\/media\/5369"}],"wp:attachment":[{"href":"https:\/\/grandboisweine.com\/fr\/wp-json\/wp\/v2\/media?parent=5463"}],"wp:term":[{"taxonomy":"product_brand","embeddable":true,"href":"https:\/\/grandboisweine.com\/fr\/wp-json\/wp\/v2\/product_brand?post=5463"},{"taxonomy":"product_cat","embeddable":true,"href":"https:\/\/grandboisweine.com\/fr\/wp-json\/wp\/v2\/product_cat?post=5463"},{"taxonomy":"product_tag","embeddable":true,"href":"https:\/\/grandboisweine.com\/fr\/wp-json\/wp\/v2\/product_tag?post=5463"}],"curies":[{"name":"wp","href":"https:\/\/api.w.org\/{rel}","templated":true}]}}