{"id":5459,"date":"2025-01-08T16:28:37","date_gmt":"2025-01-08T15:28:37","guid":{"rendered":"https:\/\/grandboisweine.com\/?post_type=product&#038;p=5459"},"modified":"2026-01-27T16:03:51","modified_gmt":"2026-01-27T15:03:51","slug":"2023-pinecone-pinot-noir-rose","status":"publish","type":"product","link":"https:\/\/grandboisweine.com\/fr\/shop\/rosewein\/2023-pinecone-pinot-noir-rose\/","title":{"rendered":"2023 PINECONE Pinot Noir Ros\u00e9"},"content":{"rendered":"<p data-path-to-node=\"4\"><b data-path-to-node=\"4\" data-index-in-node=\"0\">La pl\u00e9nitude fruit\u00e9e rencontre la pr\u00e9cision de l'ardoise.<\/b><\/p>\n<p data-path-to-node=\"5\">Ce <b data-path-to-node=\"5\" data-index-in-node=\"7\">Pinot noir ros\u00e9<\/b> est la r\u00e9ponse \u00e0 tous ceux qui recherchent de la s\u00e8ve et de la structure. Un ros\u00e9 qui a de l'\u00e2me et qui exprime le fruit m\u00fbr du pinot noir directement de la <b data-path-to-node=\"5\" data-index-in-node=\"160\">Terrain en pente<\/b> dans le verre - sans perdre son origine et sa fra\u00eecheur.<\/p>\n<ul data-path-to-node=\"6\">\n<li>\n<p data-path-to-node=\"6,0,0\"><b data-path-to-node=\"6,0,0\" data-index-in-node=\"0\">Le coup de pied :<\/b> Une corbeille de fruits m\u00fbrs <b data-path-to-node=\"6,0,0\" data-index-in-node=\"33\">Cerises<\/b> et des notes de pain fra\u00eechement cuit <b data-path-to-node=\"6,0,0\" data-index-in-node=\"74\">G\u00e2teau aux cerises<\/b>. Malgr\u00e9 sa richesse fruit\u00e9e, il reste pr\u00e9cis, avec un tirage vif et la min\u00e9ralit\u00e9 fra\u00eeche typique de la Moselle en fin de bouche.<\/p>\n<\/li>\n<li>\n<p data-path-to-node=\"6,1,0\"><b data-path-to-node=\"6,1,0\" data-index-in-node=\"0\">L'artisanat :<\/b> Cons\u00e9quence : <b data-path-to-node=\"6,1,0\" data-index-in-node=\"27\">Low Intervention<\/b>. Obtenu \u00e0 partir de <b data-path-to-node=\"6,1,0\" data-index-in-node=\"58\">Pinot Noir<\/b> Raisin, <b data-path-to-node=\"6,1,0\" data-index-in-node=\"78\">ferment\u00e9 spontan\u00e9ment<\/b> et d\u00e9velopp\u00e9e avec patience. <b data-path-to-node=\"6,1,0\" data-index-in-node=\"120\">Non filtr\u00e9<\/b>, <b data-path-to-node=\"6,1,0\" data-index-in-node=\"133\">vegan<\/b> et un minimum de soufre. Un vin qui montre \u00e0 quel point un \u201eros\u00e9 de schiste\u201c peut \u00eatre puissant et aromatique.<\/p>\n<\/li>\n<li>\n<p data-path-to-node=\"6,2,0\"><b data-path-to-node=\"6,2,0\" data-index-in-node=\"0\">La vibe :<\/b> accueillant, g\u00e9n\u00e9reux et tout simplement honn\u00eate. Un vin qui fait plaisir sans \u00eatre superficiel.<\/p>\n<\/li>\n<li>\n<p data-path-to-node=\"6,3,0\"><b data-path-to-node=\"6,3,0\" data-index-in-node=\"0\">L'appariement des aliments :<\/b> Un compagnon id\u00e9al pour les plats aux ar\u00f4mes grill\u00e9s. Excellent avec <b data-path-to-node=\"6,3,0\" data-index-in-node=\"81\">Halloumi grill\u00e9 avec chutney aux cerises<\/b>, <b data-path-to-node=\"6,3,0\" data-index-in-node=\"121\">cuisse de poulet d\u00e9soss\u00e9e \u00e0 la peau croustillante<\/b> ou un <b data-path-to-node=\"6,3,0\" data-index-in-node=\"174\">tarte flamb\u00e9e savoureuse au lard et aux oignons rouges<\/b>.<\/p>\n<\/li>\n<\/ul>\n<p><a href=\"https:\/\/www.raisin.digital\/en\/artisans\/natural-winemakers\/tanja-philippe-grandbois\/grandboisweine\/wines\/roses\/pincone-rose-2023-263430\/\">D\u00e9tails techniques &gt;&gt;.\u00a0<img decoding=\"async\" class=\"alignnone wp-image-5600\" src=\"https:\/\/i0.wp.com\/grandboisweine.com\/wp-content\/uploads\/2025\/01\/Raisin-1-150x150.png?resize=5050&amp;ssl=1\" sizes=\"(max-width: 50px) 100vw, 50px\" srcset=\"\" alt=\"\" width=\"50\" height=\"50\" data-attachment-id=\"5600\" data-permalink=\"https:\/\/grandboisweine.com\/?attachment_id=5600\" data-orig-file=\"https:\/\/i0.wp.com\/grandboisweine.com\/wp-content\/uploads\/2025\/01\/Raisin-1.webp?fit=482%2C482&amp;ssl=1\" data-orig-size=\"482,482\" data-comments-opened=\"1\" data-image-meta=\"{&quot;aperture&quot;:&quot;0&quot;,&quot;credit&quot;:&quot;&quot;,&quot;camera&quot;:&quot;&quot;,&quot;caption&quot;:&quot;&quot;,&quot;created_timestamp&quot;:&quot;0&quot;,&quot;copyright&quot;:&quot;&quot;,&quot;focal_length&quot;:&quot;0&quot;,&quot;iso&quot;:&quot;0&quot;,&quot;shutter_speed&quot;:&quot;0&quot;,&quot;title&quot;:&quot;&quot;,&quot;orientation&quot;:&quot;0&quot;}\" data-image-title=\"Raisin\" data-image-description=\"\" data-image-caption=\"\" data-medium-file=\"https:\/\/i0.wp.com\/grandboisweine.com\/wp-content\/uploads\/2025\/01\/Raisin-1.webp?fit=300%2C300&amp;ssl=1\" data-large-file=\"https:\/\/i0.wp.com\/grandboisweine.com\/wp-content\/uploads\/2025\/01\/Raisin-1.webp?fit=482%2C482&amp;ssl=1\" data-recalc-dims=\"1\" data-srcset=\"\" \/><\/a><\/p>","protected":false},"excerpt":{"rendered":"<p>Fruchtige F\u00fclle trifft Schiefer-Pr\u00e4zision. Dieser Pinot Noir Ros\u00e9 ist die Antwort f\u00fcr alle, die Saftigkeit und Struktur suchen. Ein Ros\u00e9 mit Seele, der die reife Frucht des Sp\u00e4tburgunders direkt aus der Steillage ins Glas bringt \u2013 ohne dabei seine Herkunft und Frische zu verlieren. Der Kick: Ein Korb voller reifer Kirschen und Noten von frisch [&hellip;]<\/p>\n","protected":false},"featured_media":5365,"template":"","meta":[],"product_brand":[],"product_cat":[1611,1610],"product_tag":[1616,1618,1626,1627],"class_list":{"0":"post-5459","1":"product","2":"type-product","3":"status-publish","4":"has-post-thumbnail","6":"product_cat-rosewein","7":"product_cat-rotwein","8":"product_tag-pinot-noir","9":"product_tag-red","10":"product_tag-pinecone","11":"product_tag-pinot","13":"first","14":"instock","15":"taxable","16":"shipping-taxable","17":"purchasable","18":"product-type-simple"},"group_of_quantity":0,"min_quantity":0,"max_quantity":"","exclude_order_quantity_value_rules":"no","exclude_category_quantity_rules":"no","combine_variations":"no","jetpack_sharing_enabled":true,"_links":{"self":[{"href":"https:\/\/grandboisweine.com\/fr\/wp-json\/wp\/v2\/product\/5459","targetHints":{"allow":["GET"]}}],"collection":[{"href":"https:\/\/grandboisweine.com\/fr\/wp-json\/wp\/v2\/product"}],"about":[{"href":"https:\/\/grandboisweine.com\/fr\/wp-json\/wp\/v2\/types\/product"}],"version-history":[{"count":0,"href":"https:\/\/grandboisweine.com\/fr\/wp-json\/wp\/v2\/product\/5459\/revisions"}],"wp:featuredmedia":[{"embeddable":true,"href":"https:\/\/grandboisweine.com\/fr\/wp-json\/wp\/v2\/media\/5365"}],"wp:attachment":[{"href":"https:\/\/grandboisweine.com\/fr\/wp-json\/wp\/v2\/media?parent=5459"}],"wp:term":[{"taxonomy":"product_brand","embeddable":true,"href":"https:\/\/grandboisweine.com\/fr\/wp-json\/wp\/v2\/product_brand?post=5459"},{"taxonomy":"product_cat","embeddable":true,"href":"https:\/\/grandboisweine.com\/fr\/wp-json\/wp\/v2\/product_cat?post=5459"},{"taxonomy":"product_tag","embeddable":true,"href":"https:\/\/grandboisweine.com\/fr\/wp-json\/wp\/v2\/product_tag?post=5459"}],"curies":[{"name":"wp","href":"https:\/\/api.w.org\/{rel}","templated":true}]}}