{"id":5448,"date":"2025-01-08T16:09:21","date_gmt":"2025-01-08T15:09:21","guid":{"rendered":"https:\/\/grandboisweine.com\/?post_type=product&#038;p=5448"},"modified":"2026-02-20T15:41:40","modified_gmt":"2026-02-20T14:41:40","slug":"2022-pinecone-pinot-noir","status":"publish","type":"product","link":"https:\/\/grandboisweine.com\/fr\/shop\/rotwein\/2022-pinecone-pinot-noir\/","title":{"rendered":"2022 PINECONE Pinot Noir"},"content":{"rendered":"<p data-path-to-node=\"4\"><b data-path-to-node=\"4\" data-index-in-node=\"0\">L'\u00e9l\u00e9gance du schiste. La puissance de la fra\u00eecheur.<\/b><\/p>\n<p data-path-to-node=\"5\">Qui a dit que la Moselle ne savait faire que du vin blanc ? Ce <b data-path-to-node=\"5\" data-index-in-node=\"46\">Pinot noir<\/b> (pinot noir) prouve le contraire. Cultiv\u00e9 dans nos <b data-path-to-node=\"5\" data-index-in-node=\"117\">Terrains en pente<\/b>, Il montre le c\u00f4t\u00e9 \u00e0 la fois d\u00e9licat et profond de l'un des c\u00e9pages les plus exigeants du monde. Un vin pour les connaisseurs qui privil\u00e9gient la structure et la finesse \u00e0 l'extraction lourde.<\/p>\n<ul data-path-to-node=\"6\">\n<li>\n<p data-path-to-node=\"6,0,0\"><b data-path-to-node=\"6,0,0\" data-index-in-node=\"0\">Le coup de pied :<\/b> Le nez r\u00e9v\u00e8le des baies rouges fra\u00eeches des bois, de la griotte et une fine \u00e9pice fum\u00e9e. En bouche, il est pr\u00e9cis et \u00e9l\u00e9gant, port\u00e9 par une acidit\u00e9 vive et la typicit\u00e9 de l'ar\u00f4me. <b data-path-to-node=\"6,0,0\" data-index-in-node=\"182\">Min\u00e9ralit\u00e9 du schiste<\/b>.<\/p>\n<\/li>\n<li>\n<p data-path-to-node=\"6,1,0\"><b data-path-to-node=\"6,1,0\" data-index-in-node=\"0\">L'artisanat :<\/b> Cons\u00e9quence : <b data-path-to-node=\"6,1,0\" data-index-in-node=\"27\">Low Intervention<\/b>. Vendange manuelle en forte pente, <b data-path-to-node=\"6,1,0\" data-index-in-node=\"72\">Fermentation spontan\u00e9e<\/b> et un long \u00e9levage en bois d'occasion pour ne pas masquer le fruit. <b data-path-to-node=\"6,1,0\" data-index-in-node=\"163\">Non filtr\u00e9<\/b>, <b data-path-to-node=\"6,1,0\" data-index-in-node=\"176\">vegan<\/b> et remplie avec un minimum de soufre ajout\u00e9.<\/p>\n<\/li>\n<li>\n<p data-path-to-node=\"6,2,0\"><b data-path-to-node=\"6,2,0\" data-index-in-node=\"0\">La vibe :<\/b> Intemporel et profond. Un vin qui se d\u00e9veloppe dans le verre et qui m\u00e9rite le temps de respirer.<\/p>\n<\/li>\n<li>\n<p data-path-to-node=\"6,3,0\"><b data-path-to-node=\"6,3,0\" data-index-in-node=\"0\">L'appariement des aliments :<\/b> Un point fort pour la cuisine haut de gamme \u00e0 la maison. Parfait pour <b data-path-to-node=\"6,3,0\" data-index-in-node=\"72\">chevreuil bri\u00e8vement r\u00f4ti au geni\u00e8vre<\/b>, <b data-path-to-node=\"6,3,0\" data-index-in-node=\"107\">Risotto aux champignons et au thym frais<\/b> ou <b data-path-to-node=\"6,3,0\" data-index-in-node=\"146\">betteraves rouges cuites au fromage de ch\u00e8vre<\/b>.<\/p>\n<\/li>\n<\/ul>\n<p><a href=\"https:\/\/www.raisin.digital\/en\/artisans\/natural-winemakers\/tanja-philippe-grandbois\/grandboisweine\/wines\/reds\/pinecone-noir-2022-263431\/\">D\u00e9tails techniques &gt;&gt;.\u00a0<img decoding=\"async\" class=\"alignnone wp-image-5600\" src=\"https:\/\/i0.wp.com\/grandboisweine.com\/wp-content\/uploads\/2025\/01\/Raisin-1-150x150.png?resize=5050&amp;ssl=1\" sizes=\"(max-width: 50px) 100vw, 50px\" srcset=\"\" alt=\"\" width=\"50\" height=\"50\" data-attachment-id=\"5600\" data-permalink=\"https:\/\/grandboisweine.com\/?attachment_id=5600\" data-orig-file=\"https:\/\/i0.wp.com\/grandboisweine.com\/wp-content\/uploads\/2025\/01\/Raisin-1.webp?fit=482%2C482&amp;ssl=1\" data-orig-size=\"482,482\" data-comments-opened=\"1\" data-image-meta=\"{&quot;aperture&quot;:&quot;0&quot;,&quot;credit&quot;:&quot;&quot;,&quot;camera&quot;:&quot;&quot;,&quot;caption&quot;:&quot;&quot;,&quot;created_timestamp&quot;:&quot;0&quot;,&quot;copyright&quot;:&quot;&quot;,&quot;focal_length&quot;:&quot;0&quot;,&quot;iso&quot;:&quot;0&quot;,&quot;shutter_speed&quot;:&quot;0&quot;,&quot;title&quot;:&quot;&quot;,&quot;orientation&quot;:&quot;0&quot;}\" data-image-title=\"Raisin\" data-image-description=\"\" data-image-caption=\"\" data-medium-file=\"https:\/\/i0.wp.com\/grandboisweine.com\/wp-content\/uploads\/2025\/01\/Raisin-1.webp?fit=300%2C300&amp;ssl=1\" data-large-file=\"https:\/\/i0.wp.com\/grandboisweine.com\/wp-content\/uploads\/2025\/01\/Raisin-1.webp?fit=482%2C482&amp;ssl=1\" data-recalc-dims=\"1\" data-srcset=\"\" \/><\/a><\/p>","protected":false},"excerpt":{"rendered":"<p>Eleganz vom Schiefer. Kraft aus der K\u00fchle. Wer sagt, die Mosel kann nur Wei\u00dfwein? Dieser Sp\u00e4tburgunder (Pinot Noir) beweist das Gegenteil. Gewachsen in unseren Steillagen, zeigt er die filigrane und zugleich tiefgr\u00fcndige Seite einer der anspruchsvollsten Rebsorten der Welt. Ein Wein f\u00fcr Kenner, die Struktur und Finesse \u00fcber schwere Extraktion stellen. Der Kick: In der [&hellip;]<\/p>\n","protected":false},"featured_media":5362,"template":"","meta":[],"product_brand":[],"product_cat":[1610],"product_tag":[1616,1618,1626,1627],"class_list":{"0":"post-5448","1":"product","2":"type-product","3":"status-publish","4":"has-post-thumbnail","6":"product_cat-rotwein","7":"product_tag-pinot-noir","8":"product_tag-red","9":"product_tag-pinecone","10":"product_tag-pinot","12":"first","13":"instock","14":"taxable","15":"shipping-taxable","16":"purchasable","17":"product-type-simple"},"group_of_quantity":0,"min_quantity":0,"max_quantity":"","exclude_order_quantity_value_rules":"no","exclude_category_quantity_rules":"no","combine_variations":"no","jetpack_sharing_enabled":true,"_links":{"self":[{"href":"https:\/\/grandboisweine.com\/fr\/wp-json\/wp\/v2\/product\/5448","targetHints":{"allow":["GET"]}}],"collection":[{"href":"https:\/\/grandboisweine.com\/fr\/wp-json\/wp\/v2\/product"}],"about":[{"href":"https:\/\/grandboisweine.com\/fr\/wp-json\/wp\/v2\/types\/product"}],"version-history":[{"count":1,"href":"https:\/\/grandboisweine.com\/fr\/wp-json\/wp\/v2\/product\/5448\/revisions"}],"predecessor-version":[{"id":7277,"href":"https:\/\/grandboisweine.com\/fr\/wp-json\/wp\/v2\/product\/5448\/revisions\/7277"}],"wp:featuredmedia":[{"embeddable":true,"href":"https:\/\/grandboisweine.com\/fr\/wp-json\/wp\/v2\/media\/5362"}],"wp:attachment":[{"href":"https:\/\/grandboisweine.com\/fr\/wp-json\/wp\/v2\/media?parent=5448"}],"wp:term":[{"taxonomy":"product_brand","embeddable":true,"href":"https:\/\/grandboisweine.com\/fr\/wp-json\/wp\/v2\/product_brand?post=5448"},{"taxonomy":"product_cat","embeddable":true,"href":"https:\/\/grandboisweine.com\/fr\/wp-json\/wp\/v2\/product_cat?post=5448"},{"taxonomy":"product_tag","embeddable":true,"href":"https:\/\/grandboisweine.com\/fr\/wp-json\/wp\/v2\/product_tag?post=5448"}],"curies":[{"name":"wp","href":"https:\/\/api.w.org\/{rel}","templated":true}]}}