{"id":5425,"date":"2025-01-08T13:29:27","date_gmt":"2025-01-08T12:29:27","guid":{"rendered":"https:\/\/grandboisweine.com\/?post_type=product&#038;p=5425"},"modified":"2025-04-30T18:02:38","modified_gmt":"2025-04-30T16:02:38","slug":"2022-heart-pinot-noir-red","status":"publish","type":"product","link":"https:\/\/grandboisweine.com\/fr\/shop\/rotwein\/2022-heart-pinot-noir-red\/","title":{"rendered":"2022 Heart Pinot Noir Rouge"},"content":{"rendered":"<p>Le Heart Pinot Noir Red est la version enti\u00e8rement neutre en f\u00fbt de ch\u00eane de notre Pinot Noir 2022. Il s'agit d'un regard d\u00e9licat sur le mill\u00e9sime. Une seule barrique. Un petit fr\u00e8re du Pinecone Red.<\/p>\n<p>Nous pr\u00e9sentons nos vins Heart Series, inspir\u00e9s par le parcours de notre fille atteinte d'une malformation cardiaque cong\u00e9nitale. Son indestructibilit\u00e9 et sa vitalit\u00e9 se refl\u00e8tent dans ces vins jeunes et pleins d'\u00e9nergie, tous vivants et pleins de caract\u00e8re. Cette collection illustre les diff\u00e9rentes expressions du pinot noir de Moselle et refl\u00e8te la force et l'esprit des exp\u00e9riences de notre famille.<\/p>\n<p>Le parcours de notre fille est un exemple des progr\u00e8s de la m\u00e9decine moderne qui permettent aux personnes atteintes de cardiopathies cong\u00e9nitales de s'\u00e9panouir. Sa force et sa vitalit\u00e9 nous inspirent chaque jour, et nous souhaitons capturer cet esprit dans chaque bouteille de la gamme Heart Series.<\/p>\n<p>En explorant les diff\u00e9rentes expressions du pinot noir de Moselle, nous c\u00e9l\u00e9brons non seulement la polyvalence de ce noble c\u00e9page, mais aussi la r\u00e9sistance et la d\u00e9termination qui ont fait l'histoire de notre famille.<\/p>\n<div class=\"elementor-element elementor-element-f7c1d33 elementor-widget elementor-widget-woocommerce-product-content\" data-id=\"f7c1d33\" data-element_type=\"widget\" data-widget_type=\"woocommerce-product-content.default\">\n<div class=\"elementor-widget-container\">\n<p><a href=\"https:\/\/www.raisin.digital\/en\/artisans\/natural-winemakers\/tanja-philippe-grandbois\/grandboisweine\/wines\/reds\/noir-2022-280115\/\">D\u00e9tails techniques &gt;&gt;.\u00a0<img decoding=\"async\" class=\"alignnone wp-image-5600\" src=\"https:\/\/i0.wp.com\/grandboisweine.com\/wp-content\/uploads\/2025\/01\/Raisin-1-150x150.png?resize=5050&amp;ssl=1\" alt=\"\" width=\"50\" height=\"50\" data-attachment-id=\"5600\" data-permalink=\"https:\/\/grandboisweine.com\/?attachment_id=5600\" data-orig-file=\"https:\/\/i0.wp.com\/grandboisweine.com\/wp-content\/uploads\/2025\/01\/Raisin-1.webp?fit=482%2C482&amp;ssl=1\" data-orig-size=\"482,482\" data-comments-opened=\"1\" data-image-meta=\"{&quot;aperture&quot;:&quot;0&quot;,&quot;credit&quot;:&quot;&quot;,&quot;camera&quot;:&quot;&quot;,&quot;caption&quot;:&quot;&quot;,&quot;created_timestamp&quot;:&quot;0&quot;,&quot;copyright&quot;:&quot;&quot;,&quot;focal_length&quot;:&quot;0&quot;,&quot;iso&quot;:&quot;0&quot;,&quot;shutter_speed&quot;:&quot;0&quot;,&quot;title&quot;:&quot;&quot;,&quot;orientation&quot;:&quot;0&quot;}\" data-image-title=\"Raisin\" data-image-description=\"\" data-image-caption=\"\" data-medium-file=\"https:\/\/i0.wp.com\/grandboisweine.com\/wp-content\/uploads\/2025\/01\/Raisin-1.webp?fit=300%2C300&amp;ssl=1\" data-large-file=\"https:\/\/i0.wp.com\/grandboisweine.com\/wp-content\/uploads\/2025\/01\/Raisin-1.webp?fit=482%2C482&amp;ssl=1\" data-recalc-dims=\"1\" srcset=\"\" sizes=\"(max-width: 50px) 100vw, 50px\" data-srcset=\"\" \/><\/a><\/p>\n<\/div>\n<\/div>\n<div class=\"elementor-element elementor-element-4e83acf elementor-widget elementor-widget-woocommerce-product-additional-information\" data-id=\"4e83acf\" data-element_type=\"widget\" data-widget_type=\"woocommerce-product-additional-information.default\">\n<div class=\"elementor-widget-container\"><\/div>\n<\/div>","protected":false},"excerpt":{"rendered":"<p>Der Heart Pinot Noir Red ist die komplett neutrale Eichenfass-Version unseres Pinot Noir 2022. Dies ist ein delikater Blick auf den Jahrgang. Ein einzelnes Fass. Ein kleiner Bruder des Pinecone Red. Wir stellen unsere Weine der Heart Series vor, inspiriert durch den Weg unserer Tochter mit angeborenem Herzfehler. Ihre Unverw\u00fcstlichkeit und Vitalit\u00e4t spiegeln sich in [&hellip;]<\/p>\n","protected":false},"featured_media":5366,"template":"","meta":[],"product_brand":[],"product_cat":[1610],"product_tag":[1617,1618,1585,1616],"class_list":{"0":"post-5425","1":"product","2":"type-product","3":"status-publish","4":"has-post-thumbnail","6":"product_cat-rotwein","7":"product_tag-barrique","8":"product_tag-red","9":"product_tag-mosel","10":"product_tag-pinot-noir","12":"first","13":"outofstock","14":"taxable","15":"shipping-taxable","16":"purchasable","17":"product-type-simple"},"group_of_quantity":0,"min_quantity":1,"max_quantity":"","exclude_order_quantity_value_rules":"no","exclude_category_quantity_rules":"no","combine_variations":"no","jetpack_sharing_enabled":true,"_links":{"self":[{"href":"https:\/\/grandboisweine.com\/fr\/wp-json\/wp\/v2\/product\/5425","targetHints":{"allow":["GET"]}}],"collection":[{"href":"https:\/\/grandboisweine.com\/fr\/wp-json\/wp\/v2\/product"}],"about":[{"href":"https:\/\/grandboisweine.com\/fr\/wp-json\/wp\/v2\/types\/product"}],"version-history":[{"count":0,"href":"https:\/\/grandboisweine.com\/fr\/wp-json\/wp\/v2\/product\/5425\/revisions"}],"wp:featuredmedia":[{"embeddable":true,"href":"https:\/\/grandboisweine.com\/fr\/wp-json\/wp\/v2\/media\/5366"}],"wp:attachment":[{"href":"https:\/\/grandboisweine.com\/fr\/wp-json\/wp\/v2\/media?parent=5425"}],"wp:term":[{"taxonomy":"product_brand","embeddable":true,"href":"https:\/\/grandboisweine.com\/fr\/wp-json\/wp\/v2\/product_brand?post=5425"},{"taxonomy":"product_cat","embeddable":true,"href":"https:\/\/grandboisweine.com\/fr\/wp-json\/wp\/v2\/product_cat?post=5425"},{"taxonomy":"product_tag","embeddable":true,"href":"https:\/\/grandboisweine.com\/fr\/wp-json\/wp\/v2\/product_tag?post=5425"}],"curies":[{"name":"wp","href":"https:\/\/api.w.org\/{rel}","templated":true}]}}