{"id":5392,"date":"2025-01-08T07:24:26","date_gmt":"2025-01-08T06:24:26","guid":{"rendered":"https:\/\/grandboisweine.com\/?post_type=product&#038;p=5392"},"modified":"2026-03-11T15:38:53","modified_gmt":"2026-03-11T14:38:53","slug":"2021-maringer-honigberg-riesling-kabinett","status":"publish","type":"product","link":"https:\/\/grandboisweine.com\/fr\/shop\/weisswein\/2021-maringer-honigberg-riesling-kabinett\/","title":{"rendered":"2021 Maringer Honigberg Riesling Kabinett"},"content":{"rendered":"<p>\u201eOh Kabinett\u201c \u00e9tait une collaboration avec des vignobles locaux de Maring. Le nom est une ode au Canada, d'o\u00f9 nous venons. Ce vin a \u00e9t\u00e9 fait dans la tradition locale de la r\u00e9colte pr\u00e9coce, vin doux, \u00e0 faible teneur en alcool.<\/p>\n<p>Un vin qui peut vivre 50 ans, mais qui se boit d\u00e9j\u00e0 aujourd'hui avec maturit\u00e9 et \u00e9l\u00e9gance.<\/p>","protected":false},"excerpt":{"rendered":"<p>&#8222;Oh Kabinett&#8220; war eine Zusammenarbeit mit lokalen Weing\u00fctern in Maring. Der Name ist eine Ode an Kanada, wo wir herkommen. Dieser Wein wurde in der lokalen Tradition der fr\u00fchen Ernte, s\u00fc\u00dfen, alkoholarmen Wein gemacht. Ein Wein, der 50 Jahre alt werden kann, aber schon heute mit Reife und Eleganz getrunken wird.<\/p>","protected":false},"featured_media":5357,"template":"","meta":[],"product_brand":[],"product_cat":[1587],"product_tag":[1563,1585,1458,1606],"class_list":{"0":"post-5392","1":"product","2":"type-product","3":"status-publish","4":"has-post-thumbnail","6":"product_cat-weisswein","7":"product_tag-riesling","8":"product_tag-mosel","9":"product_tag-oh-kabinett","10":"product_tag-kabinett","12":"first","13":"instock","14":"taxable","15":"shipping-taxable","16":"purchasable","17":"product-type-simple"},"group_of_quantity":0,"min_quantity":1,"max_quantity":"","exclude_order_quantity_value_rules":"no","exclude_category_quantity_rules":"no","combine_variations":"no","jetpack_sharing_enabled":true,"_links":{"self":[{"href":"https:\/\/grandboisweine.com\/fr\/wp-json\/wp\/v2\/product\/5392","targetHints":{"allow":["GET"]}}],"collection":[{"href":"https:\/\/grandboisweine.com\/fr\/wp-json\/wp\/v2\/product"}],"about":[{"href":"https:\/\/grandboisweine.com\/fr\/wp-json\/wp\/v2\/types\/product"}],"version-history":[{"count":1,"href":"https:\/\/grandboisweine.com\/fr\/wp-json\/wp\/v2\/product\/5392\/revisions"}],"predecessor-version":[{"id":7378,"href":"https:\/\/grandboisweine.com\/fr\/wp-json\/wp\/v2\/product\/5392\/revisions\/7378"}],"wp:featuredmedia":[{"embeddable":true,"href":"https:\/\/grandboisweine.com\/fr\/wp-json\/wp\/v2\/media\/5357"}],"wp:attachment":[{"href":"https:\/\/grandboisweine.com\/fr\/wp-json\/wp\/v2\/media?parent=5392"}],"wp:term":[{"taxonomy":"product_brand","embeddable":true,"href":"https:\/\/grandboisweine.com\/fr\/wp-json\/wp\/v2\/product_brand?post=5392"},{"taxonomy":"product_cat","embeddable":true,"href":"https:\/\/grandboisweine.com\/fr\/wp-json\/wp\/v2\/product_cat?post=5392"},{"taxonomy":"product_tag","embeddable":true,"href":"https:\/\/grandboisweine.com\/fr\/wp-json\/wp\/v2\/product_tag?post=5392"}],"curies":[{"name":"wp","href":"https:\/\/api.w.org\/{rel}","templated":true}]}}