{"id":943,"date":"2021-10-08T13:02:14","date_gmt":"2021-10-08T11:02:14","guid":{"rendered":"https:\/\/grandboisweine.com\/shipping-methods\/"},"modified":"2026-03-16T09:14:04","modified_gmt":"2026-03-16T08:14:04","slug":"versand","status":"publish","type":"page","link":"https:\/\/grandboisweine.com\/fr\/versand\/","title":{"rendered":"Exp\u00e9dition"},"content":{"rendered":"<div data-elementor-type=\"wp-page\" data-elementor-id=\"943\" class=\"elementor elementor-943\" data-elementor-post-type=\"page\">\n\t\t\t\t\t\t<section class=\"elementor-section elementor-top-section elementor-element elementor-element-c8cf42c elementor-section-boxed elementor-section-height-default elementor-section-height-default\" data-id=\"c8cf42c\" data-element_type=\"section\" data-e-type=\"section\">\n\t\t\t\t\t\t<div class=\"elementor-container elementor-column-gap-default\">\n\t\t\t\t\t<div class=\"elementor-column elementor-col-100 elementor-top-column elementor-element elementor-element-fdb0673\" data-id=\"fdb0673\" data-element_type=\"column\" data-e-type=\"column\">\n\t\t\t<div class=\"elementor-widget-wrap elementor-element-populated\">\n\t\t\t\t\t\t<div class=\"elementor-element elementor-element-cf2df5d elementor-widget elementor-widget-heading\" data-id=\"cf2df5d\" data-element_type=\"widget\" data-e-type=\"widget\" data-widget_type=\"heading.default\">\n\t\t\t\t<div class=\"elementor-widget-container\">\n\t\t\t\t\t<h2 class=\"elementor-heading-title elementor-size-default\">M\u00e9thodes d'exp\u00e9dition<\/h2>\t\t\t\t<\/div>\n\t\t\t\t<\/div>\n\t\t\t\t<div class=\"elementor-element elementor-element-b19f037 elementor-widget elementor-widget-text-editor\" data-id=\"b19f037\" data-element_type=\"widget\" data-e-type=\"widget\" data-widget_type=\"text-editor.default\">\n\t\t\t\t<div class=\"elementor-widget-container\">\n\t\t\t\t\t\t\t\t\t<p><span style=\"font-family: var( --e-global-typography-secondary-font-family ), Sans-serif; font-weight: var( --e-global-typography-secondary-font-weight );\">L'EXPEDITION doit se faire dans les coupures suivantes : 3-6-9-12<\/span><\/p><p><span style=\"font-weight: bolder;\">Allemagne<\/span><\/p><p>La commande est &lt; 90 \u20ac = 10 \u20ac.<br \/>La commande est &lt; 90 \u20ac = GRATUIT<\/p><p><strong>Union europ\u00e9enne<\/strong><\/p><p><span style=\"font-family: var( --e-global-typography-secondary-font-family ), Sans-serif; font-weight: var( --e-global-typography-secondary-font-weight );\">6 \u00e0 12 bouteilles = 20 \u00e0 31 \u20ac.<\/span><\/p><p><span style=\"font-family: var( --e-global-typography-secondary-font-family ), Sans-serif; font-weight: var( --e-global-typography-secondary-font-weight );\">Nous travaillons \u00e9galement avec des importateurs dans certains pays de l'UE. Renseigne-toi directement aupr\u00e8s de nous sur les <\/span><a href=\"https:\/\/grandboisweine.com\/kontakt\/\">Page de contact<\/a><span style=\"font-family: var( --e-global-typography-secondary-font-family ), Sans-serif; font-weight: var( --e-global-typography-secondary-font-weight );\">.<\/span><\/p><p>ENVOI PAR UPS<br \/>Les services de livraison de colis essaieront au maximum deux fois de livrer la marchandise. Veuillez vous assurer que l'envoi peut \u00eatre accept\u00e9. Veuillez contr\u00f4ler imm\u00e9diatement la marchandise en pr\u00e9sence du livreur du colis.<\/p><p>NOS VINS, sauf indication contraire, sont des vins de qualit\u00e9 produits dans la r\u00e9gion viticole de la Moselle et contiennent des sulfites.<\/p><p>NOTRE OFFRE est sans engagement. Cette liste de prix remplace toutes les listes de prix pr\u00e9c\u00e9dentes.<\/p><p>LES PRIX comprennent la TVA, le verre et l'emballage au d\u00e9part du domaine. Notre vin mousseux comprend la taxe sur les vins mousseux.<\/p><p>\u00a0<\/p>\t\t\t\t\t\t\t\t<\/div>\n\t\t\t\t<\/div>\n\t\t\t\t\t<\/div>\n\t\t<\/div>\n\t\t\t\t\t<\/div>\n\t\t<\/section>\n\t\t<div class=\"elementor-element elementor-element-7b8d294 e-flex e-con-boxed e-con e-parent\" data-id=\"7b8d294\" data-element_type=\"container\" data-e-type=\"container\">\n\t\t\t\t\t<div class=\"e-con-inner\">\n\t\t\t\t<div class=\"elementor-element elementor-element-4e587d0 elementor-nav-menu__align-center elementor-nav-menu--dropdown-tablet elementor-nav-menu__text-align-aside elementor-nav-menu--toggle elementor-nav-menu--burger elementor-widget elementor-widget-nav-menu\" data-id=\"4e587d0\" data-element_type=\"widget\" data-e-type=\"widget\" data-settings=\"{&quot;layout&quot;:&quot;horizontal&quot;,&quot;submenu_icon&quot;:{&quot;value&quot;:&quot;&lt;svg aria-hidden=\\&quot;true\\&quot; class=\\&quot;e-font-icon-svg e-fas-caret-down\\&quot; viewBox=\\&quot;0 0 320 512\\&quot; xmlns=\\&quot;http:\\\/\\\/www.w3.org\\\/2000\\\/svg\\&quot;&gt;&lt;path d=\\&quot;M31.3 192h257.3c17.8 0 26.7 21.5 14.1 34.1L174.1 354.8c-7.8 7.8-20.5 7.8-28.3 0L17.2 226.1C4.6 213.5 13.5 192 31.3 192z\\&quot;&gt;&lt;\\\/path&gt;&lt;\\\/svg&gt;&quot;,&quot;library&quot;:&quot;fa-solid&quot;},&quot;toggle&quot;:&quot;burger&quot;}\" data-widget_type=\"nav-menu.default\">\n\t\t\t\t<div class=\"elementor-widget-container\">\n\t\t\t\t\t\t\t\t<nav aria-label=\"Menu\" class=\"elementor-nav-menu--main elementor-nav-menu__container elementor-nav-menu--layout-horizontal e--pointer-underline e--animation-fade\">\n\t\t\t\t<ul id=\"menu-1-4e587d0\" class=\"elementor-nav-menu\"><li class=\"menu-item menu-item-type-post_type menu-item-object-page menu-item-1313\"><a href=\"https:\/\/grandboisweine.com\/fr\/mein-konto\/\" class=\"elementor-item\">Mon compte<\/a><\/li>\n<li class=\"menu-item menu-item-type-post_type menu-item-object-page menu-item-1315\"><a href=\"https:\/\/grandboisweine.com\/fr\/warenkorb\/\" class=\"elementor-item\">Panier<\/a><\/li>\n<li class=\"menu-item menu-item-type-post_type menu-item-object-page menu-item-1314\"><a href=\"https:\/\/grandboisweine.com\/fr\/kasse\/\" class=\"elementor-item\">Caisse<\/a><\/li>\n<li class=\"menu-item menu-item-type-post_type menu-item-object-page menu-item-1340\"><a href=\"https:\/\/grandboisweine.com\/fr\/zahlungsarten\/\" class=\"elementor-item\">M\u00e9thodes de paiement<\/a><\/li>\n<li class=\"menu-item menu-item-type-post_type menu-item-object-page menu-item-3050\"><a href=\"https:\/\/grandboisweine.com\/fr\/widerruf\/\" class=\"elementor-item\">R\u00e9vocation<\/a><\/li>\n<li class=\"menu-item menu-item-type-post_type menu-item-object-page menu-item-1341\"><a href=\"https:\/\/grandboisweine.com\/fr\/versand\/\" class=\"elementor-item\">Exp\u00e9dition<\/a><\/li>\n<\/ul>\t\t\t<\/nav>\n\t\t\t\t\t<div class=\"elementor-menu-toggle\" role=\"button\" tabindex=\"0\" aria-label=\"Permuter le menu\" aria-expanded=\"false\">\n\t\t\t<svg aria-hidden=\"true\" role=\"presentation\" class=\"elementor-menu-toggle__icon--open e-font-icon-svg e-eicon-menu-bar\" viewbox=\"0 0 1000 1000\" xmlns=\"http:\/\/www.w3.org\/2000\/svg\"><path d=\"M104 333H896C929 333 958 304 958 271S929 208 896 208H104C71 208 42 237 42 271S71 333 104 333ZM104 583H896C929 583 958 554 958 521S929 458 896 458H104C71 458 42 487 42 521S71 583 104 583ZM104 833H896C929 833 958 804 958 771S929 708 896 708H104C71 708 42 737 42 771S71 833 104 833Z\"><\/path><\/svg><svg aria-hidden=\"true\" role=\"presentation\" class=\"elementor-menu-toggle__icon--close e-font-icon-svg e-eicon-close\" viewbox=\"0 0 1000 1000\" xmlns=\"http:\/\/www.w3.org\/2000\/svg\"><path d=\"M742 167L500 408 258 167C246 154 233 150 217 150 196 150 179 158 167 167 154 179 150 196 150 212 150 229 154 242 171 254L408 500 167 742C138 771 138 800 167 829 196 858 225 858 254 829L496 587 738 829C750 842 767 846 783 846 800 846 817 842 829 829 842 817 846 804 846 783 846 767 842 750 829 737L588 500 833 258C863 229 863 200 833 171 804 137 775 137 742 167Z\"><\/path><\/svg>\t\t<\/div>\n\t\t\t\t\t<nav class=\"elementor-nav-menu--dropdown elementor-nav-menu__container\" aria-hidden=\"true\">\n\t\t\t\t<ul id=\"menu-2-4e587d0\" class=\"elementor-nav-menu\"><li class=\"menu-item menu-item-type-post_type menu-item-object-page menu-item-1313\"><a href=\"https:\/\/grandboisweine.com\/fr\/mein-konto\/\" class=\"elementor-item\" tabindex=\"-1\">Mon compte<\/a><\/li>\n<li class=\"menu-item menu-item-type-post_type menu-item-object-page menu-item-1315\"><a href=\"https:\/\/grandboisweine.com\/fr\/warenkorb\/\" class=\"elementor-item\" tabindex=\"-1\">Panier<\/a><\/li>\n<li class=\"menu-item menu-item-type-post_type menu-item-object-page menu-item-1314\"><a href=\"https:\/\/grandboisweine.com\/fr\/kasse\/\" class=\"elementor-item\" tabindex=\"-1\">Caisse<\/a><\/li>\n<li class=\"menu-item menu-item-type-post_type menu-item-object-page menu-item-1340\"><a href=\"https:\/\/grandboisweine.com\/fr\/zahlungsarten\/\" class=\"elementor-item\" tabindex=\"-1\">M\u00e9thodes de paiement<\/a><\/li>\n<li class=\"menu-item menu-item-type-post_type menu-item-object-page menu-item-3050\"><a href=\"https:\/\/grandboisweine.com\/fr\/widerruf\/\" class=\"elementor-item\" tabindex=\"-1\">R\u00e9vocation<\/a><\/li>\n<li class=\"menu-item menu-item-type-post_type menu-item-object-page menu-item-1341\"><a href=\"https:\/\/grandboisweine.com\/fr\/versand\/\" class=\"elementor-item\" tabindex=\"-1\">Exp\u00e9dition<\/a><\/li>\n<\/ul>\t\t\t<\/nav>\n\t\t\t\t\t\t<\/div>\n\t\t\t\t<\/div>\n\t\t\t\t\t<\/div>\n\t\t\t\t<\/div>\n\t\t\t\t<\/div>","protected":false},"excerpt":{"rendered":"<p>Versandmethoden VERSAND muss in den folgenden St\u00fcckelungen erfolgen: 3-6-9-12 Deutschland Bestellung ist &lt; 90 \u20ac = 10 \u20acBestellung ist &lt; 90 \u20ac = KOSTENLOS Europ\u00e4ische Union 6-12 Flaschen = 20 &#8211; 31 \u20ac Wir arbeiten auch mit Importeuren in einigen EU-L\u00e4ndern zusammen. Bitte erkundige dich direkt bei uns \u00fcber die Kontaktseite. VERSAND \u00dcBER UPSDie Paketdienste [&hellip;]<\/p>\n","protected":false},"author":1,"featured_media":0,"parent":0,"menu_order":0,"comment_status":"closed","ping_status":"closed","template":"elementor_header_footer","meta":{"footnotes":""},"class_list":["post-943","page","type-page","status-publish","hentry"],"jetpack_shortlink":"https:\/\/wp.me\/PcLwpy-fd","jetpack_sharing_enabled":true,"_links":{"self":[{"href":"https:\/\/grandboisweine.com\/fr\/wp-json\/wp\/v2\/pages\/943","targetHints":{"allow":["GET"]}}],"collection":[{"href":"https:\/\/grandboisweine.com\/fr\/wp-json\/wp\/v2\/pages"}],"about":[{"href":"https:\/\/grandboisweine.com\/fr\/wp-json\/wp\/v2\/types\/page"}],"author":[{"embeddable":true,"href":"https:\/\/grandboisweine.com\/fr\/wp-json\/wp\/v2\/users\/1"}],"replies":[{"embeddable":true,"href":"https:\/\/grandboisweine.com\/fr\/wp-json\/wp\/v2\/comments?post=943"}],"version-history":[{"count":3,"href":"https:\/\/grandboisweine.com\/fr\/wp-json\/wp\/v2\/pages\/943\/revisions"}],"predecessor-version":[{"id":7411,"href":"https:\/\/grandboisweine.com\/fr\/wp-json\/wp\/v2\/pages\/943\/revisions\/7411"}],"wp:attachment":[{"href":"https:\/\/grandboisweine.com\/fr\/wp-json\/wp\/v2\/media?parent=943"}],"curies":[{"name":"wp","href":"https:\/\/api.w.org\/{rel}","templated":true}]}}