{"id":940,"date":"2021-10-08T13:02:14","date_gmt":"2021-10-08T11:02:14","guid":{"rendered":"https:\/\/grandboisweine.com\/imprint\/"},"modified":"2026-02-26T15:17:39","modified_gmt":"2026-02-26T14:17:39","slug":"impressum","status":"publish","type":"page","link":"https:\/\/grandboisweine.com\/fr\/impressum\/","title":{"rendered":"Impression"},"content":{"rendered":"<div data-elementor-type=\"wp-page\" data-elementor-id=\"940\" class=\"elementor elementor-940\" data-elementor-post-type=\"page\">\n\t\t\t\t\t\t<section class=\"elementor-section elementor-top-section elementor-element elementor-element-345a37a elementor-section-boxed elementor-section-height-default elementor-section-height-default\" data-id=\"345a37a\" data-element_type=\"section\" data-e-type=\"section\">\n\t\t\t\t\t\t<div class=\"elementor-container elementor-column-gap-default\">\n\t\t\t\t\t<div class=\"elementor-column elementor-col-100 elementor-top-column elementor-element elementor-element-b3e73bd\" data-id=\"b3e73bd\" data-element_type=\"column\" data-e-type=\"column\">\n\t\t\t<div class=\"elementor-widget-wrap elementor-element-populated\">\n\t\t\t\t\t\t<div class=\"elementor-element elementor-element-804e4e8 elementor-widget elementor-widget-heading\" data-id=\"804e4e8\" data-element_type=\"widget\" data-e-type=\"widget\" data-widget_type=\"heading.default\">\n\t\t\t\t<div class=\"elementor-widget-container\">\n\t\t\t\t\t<h2 class=\"elementor-heading-title elementor-size-default\">Impression<\/h2>\t\t\t\t<\/div>\n\t\t\t\t<\/div>\n\t\t\t\t<div class=\"elementor-element elementor-element-7030871 elementor-widget elementor-widget-text-editor\" data-id=\"7030871\" data-element_type=\"widget\" data-e-type=\"widget\" data-widget_type=\"text-editor.default\">\n\t\t\t\t<div class=\"elementor-widget-container\">\n\t\t\t\t\t\t\t\t\t<p>Informations selon \u00a7 5 TMG :<\/p><p>Vins de Grandbois,\u00a0<\/p><p>Gesch\u00e4ftsf\u00fchrung Philippe C. Grandbois, Siebenborner Str. 14, 54484 Maring\/Mosel, Deutschland Germany,<\/p><p>Num\u00e9ro de TVA DE344934231<\/p><p>Tel: +491709848148,<\/p><p>Courrier \u00e9lectronique : info@grandboisweine.com,\u00a0<\/p><h2>Possibilit\u00e9s de conciliation extrajudiciaire :<\/h2><p>En cas de litiges d\u00e9coulant de contrats de vente ou de services en ligne, une plateforme de RLL mise \u00e0 disposition par l'Union europ\u00e9enne peut \u00eatre utilis\u00e9e pour r\u00e9soudre ces litiges, dans la mesure o\u00f9 elle est effectivement mise \u00e0 disposition par l'Union europ\u00e9enne.<\/p><p>La plate-forme doit \u00eatre accessible ici :\u00a0<a href=\"http:\/\/ec.europa.eu\/consumers\/odr\/\" target=\"_blank\" rel=\"noopener\">http:\/\/ec.europa.eu\/consumers\/odr\/<\/a><\/p><h3>Notre adresse \u00e9lectronique est la suivante : info@grandboisweine.com<\/h3>\t\t\t\t\t\t\t\t<\/div>\n\t\t\t\t<\/div>\n\t\t\t\t\t<\/div>\n\t\t<\/div>\n\t\t\t\t\t<\/div>\n\t\t<\/section>\n\t\t\t\t<\/div>","protected":false},"excerpt":{"rendered":"<p>Impressum Angaben gem\u00e4\u00df \u00a7 5 TMG: Grandbois Weine,\u00a0 Gesch\u00e4ftsf\u00fchrung Philippe C. Grandbois, Siebenborner Str. 14, 54484 Maring\/Mosel, Deutschland Germany, USt.IDNr. DE344934231 Tel: +491709848148, E-Mail: info@grandboisweine.com,\u00a0 Au\u00dfergerichtliche Schlichtungsm\u00f6glichkeiten: Im Falle von Streitigkeiten aus Online-Kaufvertr\u00e4gen oder Online-Dienstvertr\u00e4gen kann eine von der Europ\u00e4ischen Union zur Verf\u00fcgung gestellte OS-Plattform zur Beilegung dieser Streitigkeiten genutzt werden, soweit diese von der [&hellip;]<\/p>\n","protected":false},"author":1,"featured_media":0,"parent":0,"menu_order":0,"comment_status":"closed","ping_status":"closed","template":"elementor_header_footer","meta":{"footnotes":""},"class_list":["post-940","page","type-page","status-publish","hentry"],"jetpack_shortlink":"https:\/\/wp.me\/PcLwpy-fa","jetpack_sharing_enabled":true,"_links":{"self":[{"href":"https:\/\/grandboisweine.com\/fr\/wp-json\/wp\/v2\/pages\/940","targetHints":{"allow":["GET"]}}],"collection":[{"href":"https:\/\/grandboisweine.com\/fr\/wp-json\/wp\/v2\/pages"}],"about":[{"href":"https:\/\/grandboisweine.com\/fr\/wp-json\/wp\/v2\/types\/page"}],"author":[{"embeddable":true,"href":"https:\/\/grandboisweine.com\/fr\/wp-json\/wp\/v2\/users\/1"}],"replies":[{"embeddable":true,"href":"https:\/\/grandboisweine.com\/fr\/wp-json\/wp\/v2\/comments?post=940"}],"version-history":[{"count":7,"href":"https:\/\/grandboisweine.com\/fr\/wp-json\/wp\/v2\/pages\/940\/revisions"}],"predecessor-version":[{"id":7301,"href":"https:\/\/grandboisweine.com\/fr\/wp-json\/wp\/v2\/pages\/940\/revisions\/7301"}],"wp:attachment":[{"href":"https:\/\/grandboisweine.com\/fr\/wp-json\/wp\/v2\/media?parent=940"}],"curies":[{"name":"wp","href":"https:\/\/api.w.org\/{rel}","templated":true}]}}