{"id":8,"date":"2021-01-29T04:25:17","date_gmt":"2021-01-29T04:25:17","guid":{"rendered":"https:\/\/grandboisweine.com\/?page_id=8"},"modified":"2026-02-10T14:10:27","modified_gmt":"2026-02-10T13:10:27","slug":"uber","status":"publish","type":"page","link":"https:\/\/grandboisweine.com\/fr\/uber\/","title":{"rendered":"\u00c0 propos"},"content":{"rendered":"<div data-elementor-type=\"wp-page\" data-elementor-id=\"8\" class=\"elementor elementor-8\" data-elementor-post-type=\"page\">\n\t\t\t\t<div class=\"elementor-element elementor-element-0899463 e-flex e-con-boxed e-con e-parent\" data-id=\"0899463\" data-element_type=\"container\" data-e-type=\"container\">\n\t\t\t\t\t<div class=\"e-con-inner\">\n\t\t\t\t<div class=\"elementor-element elementor-element-fa1820d elementor-widget elementor-widget-image\" data-id=\"fa1820d\" data-element_type=\"widget\" data-e-type=\"widget\" data-widget_type=\"image.default\">\n\t\t\t\t<div class=\"elementor-widget-container\">\n\t\t\t\t\t\t\t\t\t\t\t\t\t\t\t<img fetchpriority=\"high\" decoding=\"async\" width=\"1600\" height=\"1200\" src=\"https:\/\/i0.wp.com\/grandboisweine.com\/wp-content\/uploads\/2026\/01\/GrandboisWeineFamily.webp?fit=1600%2C1200&amp;ssl=1\" class=\"attachment-full size-full wp-image-6981\" alt=\"\" srcset=\"\" sizes=\"(max-width: 1280px) 100vw, 1280px\" data-srcset=\"\" \/>\t\t\t\t\t\t\t\t\t\t\t\t\t\t\t<\/div>\n\t\t\t\t<\/div>\n\t\t\t\t<div class=\"elementor-element elementor-element-51164de elementor-widget-divider--view-line elementor-widget elementor-widget-divider\" data-id=\"51164de\" data-element_type=\"widget\" data-e-type=\"widget\" data-widget_type=\"divider.default\">\n\t\t\t\t<div class=\"elementor-widget-container\">\n\t\t\t\t\t\t\t<div class=\"elementor-divider\">\n\t\t\t<span class=\"elementor-divider-separator\">\n\t\t\t\t\t\t<\/span>\n\t\t<\/div>\n\t\t\t\t\t\t<\/div>\n\t\t\t\t<\/div>\n\t\t\t\t<div class=\"elementor-element elementor-element-160d94f elementor-widget elementor-widget-heading\" data-id=\"160d94f\" data-element_type=\"widget\" data-e-type=\"widget\" data-widget_type=\"heading.default\">\n\t\t\t\t<div class=\"elementor-widget-container\">\n\t\t\t\t\t<h2 class=\"elementor-heading-title elementor-size-default\">\u00c0 propos de nous : Philippe &amp; Tanja Grandbois<\/h2>\t\t\t\t<\/div>\n\t\t\t\t<\/div>\n\t\t\t\t<div class=\"elementor-element elementor-element-6df1de2 elementor-widget elementor-widget-text-editor\" data-id=\"6df1de2\" data-element_type=\"widget\" data-e-type=\"widget\" data-widget_type=\"text-editor.default\">\n\t\t\t\t<div class=\"elementor-widget-container\">\n\t\t\t\t\t\t\t\t\t<h3 data-path-to-node=\"4\"><b data-path-to-node=\"4\" data-index-in-node=\"0\">Du palais au vignoble : l'histoire derri\u00e8re les vins Grandbois.<\/b><\/h3><p data-path-to-node=\"7\">Notre voyage n'a pas commenc\u00e9 dans la cave, mais chez le client. Gr\u00e2ce \u00e0 notre longue exp\u00e9rience dans la haute gastronomie, nous avons appris qu'un produit exceptionnel na\u00eet toujours \u00e0 l'origine - dans un sol vivant. Cette compr\u00e9hension culinaire caract\u00e9rise aujourd'hui chaque \u00e9tape de notre vinification. Nous ne pensons pas le vin en termes de simples analyses, mais en termes de textures, de fra\u00eecheur vivante et de moment parfait \u00e0 table.<\/p><h3 data-path-to-node=\"8\">Pourquoi la Moselle ?<\/h3><p data-path-to-node=\"9\">Nous avons d\u00e9lib\u00e9r\u00e9ment choisi Maring-Noviand. Avec ses pentes extr\u00eames, la Moselle offre l'un des plus grands d\u00e9fis aux viticulteurs du monde entier. Pour nous, ce paysage est la base n\u00e9cessaire au caract\u00e8re de nos vins. C'est ici que nous r\u00e9alisons notre vision de <b data-path-to-node=\"9\" data-index-in-node=\"281\">Viticulture \u00e0 faible intervention<\/b> sur des sols min\u00e9raux schisteux, o\u00f9 chaque c\u00e9page repr\u00e9sente un lien direct avec l'histoire de la terre.<\/p><h3 data-path-to-node=\"10\">Une \u00e9quipe, une vision<\/h3><p data-path-to-node=\"11\">Chez Grandbois Weine, il n'y a pas de hi\u00e9rarchie ou de services rigides. Nous nous consid\u00e9rons comme une \u00e9quipe qui assume ensemble toutes les t\u00e2ches de l'exploitation. Du dur travail manuel sur les coteaux au design des \u00e9tiquettes, en passant par l'accompagnement de la fermentation naturelle en cave, nous partageons chaque r\u00f4le. Cette globalit\u00e9 garantit que chaque bouteille contient 100 % de notre conviction commune.<\/p><h3 data-path-to-node=\"12\">Plus que des vignerons : une communaut\u00e9<\/h3><p data-path-to-node=\"13\">Nous faisons partie d'un mouvement qui veut changer la viticulture de la Moselle - en s'\u00e9loignant de la masse industrielle pour aller vers la diversit\u00e9 et la responsabilit\u00e9 \u00e9cologique. Notre quotidien est fait de travail physique dans les vignes, d'\u00e9changes avec des personnes partageant les m\u00eames id\u00e9es et de la recherche permanente d'un vin qui raconte une histoire honn\u00eate et sans fard.<\/p>\t\t\t\t\t\t\t\t<\/div>\n\t\t\t\t<\/div>\n\t\t\t\t<div class=\"elementor-element elementor-element-0909755 elementor-widget-divider--view-line elementor-widget elementor-widget-divider\" data-id=\"0909755\" data-element_type=\"widget\" data-e-type=\"widget\" data-widget_type=\"divider.default\">\n\t\t\t\t<div class=\"elementor-widget-container\">\n\t\t\t\t\t\t\t<div class=\"elementor-divider\">\n\t\t\t<span class=\"elementor-divider-separator\">\n\t\t\t\t\t\t<\/span>\n\t\t<\/div>\n\t\t\t\t\t\t<\/div>\n\t\t\t\t<\/div>\n\t\t\t\t<div class=\"elementor-element elementor-element-63cecf1 elementor-align-center elementor-widget elementor-widget-button\" data-id=\"63cecf1\" data-element_type=\"widget\" data-e-type=\"widget\" data-widget_type=\"button.default\">\n\t\t\t\t<div class=\"elementor-widget-container\">\n\t\t\t\t\t\t\t\t\t<div class=\"elementor-button-wrapper\">\n\t\t\t\t\t<a class=\"elementor-button elementor-button-link elementor-size-sm\" href=\"https:\/\/grandboisweine.com\/philosophie\/\">\n\t\t\t\t\t\t<span class=\"elementor-button-content-wrapper\">\n\t\t\t\t\t\t\t\t\t<span class=\"elementor-button-text\">Philosophie<\/span>\n\t\t\t\t\t<\/span>\n\t\t\t\t\t<\/a>\n\t\t\t\t<\/div>\n\t\t\t\t\t\t\t\t<\/div>\n\t\t\t\t<\/div>\n\t\t\t\t<div class=\"elementor-element elementor-element-0e1ed9d elementor-widget-divider--view-line elementor-widget elementor-widget-divider\" data-id=\"0e1ed9d\" data-element_type=\"widget\" data-e-type=\"widget\" data-widget_type=\"divider.default\">\n\t\t\t\t<div class=\"elementor-widget-container\">\n\t\t\t\t\t\t\t<div class=\"elementor-divider\">\n\t\t\t<span class=\"elementor-divider-separator\">\n\t\t\t\t\t\t<\/span>\n\t\t<\/div>\n\t\t\t\t\t\t<\/div>\n\t\t\t\t<\/div>\n\t\t\t\t\t<\/div>\n\t\t\t\t<\/div>\n\t\t\t\t<\/div>","protected":false},"excerpt":{"rendered":"<p>\u00dcber Uns: Philippe &amp; Tanja Grandbois Vom Gaumen zum Weinberg: Die Geschichte hinter Grandbois Weine. Unsere Reise begann nicht im Keller, sondern am Gast. Durch unsere langj\u00e4hrige Erfahrung in der gehobenen Gastronomie haben wir gelernt, dass ein herausragendes Produkt immer im Ursprung entsteht \u2013 im lebendigen Boden. Dieses kulinarische Verst\u00e4ndnis pr\u00e4gt heute jeden Schritt unserer [&hellip;]<\/p>\n","protected":false},"author":17433329,"featured_media":0,"parent":0,"menu_order":0,"comment_status":"closed","ping_status":"closed","template":"elementor_header_footer","meta":{"footnotes":""},"class_list":["post-8","page","type-page","status-publish","hentry"],"jetpack_shortlink":"https:\/\/wp.me\/PcLwpy-8","jetpack_sharing_enabled":false,"_links":{"self":[{"href":"https:\/\/grandboisweine.com\/fr\/wp-json\/wp\/v2\/pages\/8","targetHints":{"allow":["GET"]}}],"collection":[{"href":"https:\/\/grandboisweine.com\/fr\/wp-json\/wp\/v2\/pages"}],"about":[{"href":"https:\/\/grandboisweine.com\/fr\/wp-json\/wp\/v2\/types\/page"}],"author":[{"embeddable":true,"href":"https:\/\/grandboisweine.com\/fr\/wp-json\/wp\/v2\/users\/17433329"}],"replies":[{"embeddable":true,"href":"https:\/\/grandboisweine.com\/fr\/wp-json\/wp\/v2\/comments?post=8"}],"version-history":[{"count":7,"href":"https:\/\/grandboisweine.com\/fr\/wp-json\/wp\/v2\/pages\/8\/revisions"}],"predecessor-version":[{"id":7251,"href":"https:\/\/grandboisweine.com\/fr\/wp-json\/wp\/v2\/pages\/8\/revisions\/7251"}],"wp:attachment":[{"href":"https:\/\/grandboisweine.com\/fr\/wp-json\/wp\/v2\/media?parent=8"}],"curies":[{"name":"wp","href":"https:\/\/api.w.org\/{rel}","templated":true}]}}