{"id":7306,"date":"2026-03-02T09:58:02","date_gmt":"2026-03-02T08:58:02","guid":{"rendered":"https:\/\/grandboisweine.com\/?page_id=7306"},"modified":"2026-03-19T20:52:18","modified_gmt":"2026-03-19T19:52:18","slug":"solawi","status":"publish","type":"page","link":"https:\/\/grandboisweine.com\/fr\/solawi\/","title":{"rendered":"SOLAWI"},"content":{"rendered":"<div data-elementor-type=\"wp-page\" data-elementor-id=\"7306\" class=\"elementor elementor-7306\" data-elementor-post-type=\"page\">\n\t\t\t\t<div class=\"elementor-element elementor-element-2697b6d e-flex e-con-boxed e-con e-parent\" data-id=\"2697b6d\" data-element_type=\"container\" data-e-type=\"container\">\n\t\t\t\t\t<div class=\"e-con-inner\">\n\t\t\t\t<div class=\"elementor-element elementor-element-913ccd0 elementor-widget-divider--view-line elementor-widget elementor-widget-divider\" data-id=\"913ccd0\" data-element_type=\"widget\" data-e-type=\"widget\" data-widget_type=\"divider.default\">\n\t\t\t\t<div class=\"elementor-widget-container\">\n\t\t\t\t\t\t\t<div class=\"elementor-divider\">\n\t\t\t<span class=\"elementor-divider-separator\">\n\t\t\t\t\t\t<\/span>\n\t\t<\/div>\n\t\t\t\t\t\t<\/div>\n\t\t\t\t<\/div>\n\t\t\t\t<div class=\"elementor-element elementor-element-ce7dffc elementor-widget elementor-widget-heading\" data-id=\"ce7dffc\" data-element_type=\"widget\" data-e-type=\"widget\" data-widget_type=\"heading.default\">\n\t\t\t\t<div class=\"elementor-widget-container\">\n\t\t\t\t\t<h1 class=\"elementor-heading-title elementor-size-default\">Tu veux donc t'initier \u00e0 la vinification ?<\/h1>\t\t\t\t<\/div>\n\t\t\t\t<\/div>\n\t\t\t\t<div class=\"elementor-element elementor-element-3b2eae3 elementor-widget-divider--view-line elementor-widget elementor-widget-divider\" data-id=\"3b2eae3\" data-element_type=\"widget\" data-e-type=\"widget\" data-widget_type=\"divider.default\">\n\t\t\t\t<div class=\"elementor-widget-container\">\n\t\t\t\t\t\t\t<div class=\"elementor-divider\">\n\t\t\t<span class=\"elementor-divider-separator\">\n\t\t\t\t\t\t<\/span>\n\t\t<\/div>\n\t\t\t\t\t\t<\/div>\n\t\t\t\t<\/div>\n\t\t\t\t\t<\/div>\n\t\t\t\t<\/div>\n\t\t<div class=\"elementor-element elementor-element-551d1cb e-flex e-con-boxed e-con e-parent\" data-id=\"551d1cb\" data-element_type=\"container\" data-e-type=\"container\">\n\t\t\t\t\t<div class=\"e-con-inner\">\n\t\t\t\t<div class=\"elementor-element elementor-element-56baa1c elementor-widget elementor-widget-heading\" data-id=\"56baa1c\" data-element_type=\"widget\" data-e-type=\"widget\" data-widget_type=\"heading.default\">\n\t\t\t\t<div class=\"elementor-widget-container\">\n\t\t\t\t\t<h2 class=\"elementor-heading-title elementor-size-default\">SoLaWino 2.0: le principe<\/h2>\t\t\t\t<\/div>\n\t\t\t\t<\/div>\n\t\t\t\t<div class=\"elementor-element elementor-element-bc6042a elementor-widget elementor-widget-text-editor\" data-id=\"bc6042a\" data-element_type=\"widget\" data-e-type=\"widget\" data-widget_type=\"text-editor.default\">\n\t\t\t\t<div class=\"elementor-widget-container\">\n\t\t\t\t\t\t\t\t\t<p>SoLaWino, c'est l'agriculture solidaire dans le domaine viticole \u2013 le premier projet viticole communautaire de la Moselle.\u00a0<\/p><p>\u00a0Un bon vin ne vient pas seulement de la terre, mais aussi de la communaut\u00e9. Jan-Philipp a fond\u00e9 SoLaWino pour inviter les gens \u00e0 venir dans les vignes et \u00e0 d\u00e9couvrir la r\u00e9alit\u00e9 authentique et magnifique de l'agriculture mosellane. Aujourd\u2019hui, en famille, on a r\u00e9uni nos vignobles et nos caves pour d\u00e9velopper cette vision. On laisse derri\u00e8re nous la consommation traditionnelle et on se concentre pleinement sur la collaboration. C\u2019est notre promesse : partager la terre, le travail et la r\u00e9colte.<\/p><h2><strong>On partage un \u00e9cosyst\u00e8me :<\/strong><\/h2><p><span style=\"font-weight: 400;\">Racines &amp; \u00e9toiles. Pour avoir un vignoble en bonne sant\u00e9, il faut un \u00e9quilibre parfait entre la terre et le ciel. On r\u00e9unit deux \u00e9nergies diff\u00e9rentes, issues de l'agriculture et de la vinification, au sein d'un m\u00eame \u00e9cosyst\u00e8me :<\/span><\/p><h3>Les racines :<\/h3><p>Tanja et Philippe Grandbois (nous) s'occupent de la gravit\u00e9. Notre agriculture, c'est un sol vivant ; on travaille avec nos moutons sur les pentes escarp\u00e9es aux sols schisteux de la Moselle et on prend soin des racines profondes des vignes.<\/p><h3>Les \u00e9toiles :<\/h3><p>Jan-Philipp apporte un vent de fra\u00eecheur. Il aborde le vignoble et la cave avec une \u00e9nergie sauvage, nomade et cosmique. Comme on partage le m\u00eame terroir, on d\u00e9couvre ensemble toute la palette du vin. Des expressions profond\u00e9ment enracin\u00e9es de la nature jusqu\u2019\u00e0 l\u2019\u00e9nergie follement exp\u00e9rimentale du cosmos.<\/p><h2>On partage notre confiance : la famille dans les vignes.<\/h2><p><span style=\"font-weight: 400;\">L'exploitation des pentes escarp\u00e9es de la Moselle est impr\u00e9visible, et pour y arriver ensemble, il faut une v\u00e9ritable confiance. On a construit ce partenariat sur la base la plus solide qu\u2019on ait : la famille. Jan-Philipp est le parrain de notre premier fils. La confiance profonde qu\u2019on partage autour de notre table, on la transpose directement au vignoble. La solidarit\u00e9 qu\u2019on a en tant que famille, c\u2019est exactement ce dont on a besoin pour partager et agrandir notre communaut\u00e9 agricole.<\/span><\/p><h2><b>De simple consommateur \u00e0 co-cr\u00e9ateur.<\/b><\/h2><p>On veut que notre communaut\u00e9 vive avec nous, encore et encore, les diff\u00e9rents cycles de vie authentiques d\u2019un mill\u00e9sime. On invite nos membres \u00e0 d\u00e9couvrir les vignes avec nous lors d\u2019ateliers pratiques. Qu\u2019il s\u2019agisse de la taille d\u2019hiver, de l\u2019entretien de la vigne ou du frisson ultime des vendanges, on travaille la terre ensemble. La r\u00e9compense ultime de ce travail commun dans les champs n\u2019est pas seulement une bouteille de vin, mais le partage de la r\u00e9colte. Quand on ouvre une bouteille de SoLaWino, on go\u00fbte non seulement la Moselle, mais aussi la saison, le temps qu\u2019on a v\u00e9cu ensemble et la communaut\u00e9 qui a rendu tout \u00e7a possible.<\/p>\t\t\t\t\t\t\t\t<\/div>\n\t\t\t\t<\/div>\n\t\t\t\t<div class=\"elementor-element elementor-element-d2c926a elementor-widget-mobile__width-inherit elementor-widget elementor-widget-image\" data-id=\"d2c926a\" data-element_type=\"widget\" data-e-type=\"widget\" data-widget_type=\"image.default\">\n\t\t\t\t<div class=\"elementor-widget-container\">\n\t\t\t\t\t\t\t\t\t\t\t\t\t\t\t<img fetchpriority=\"high\" decoding=\"async\" width=\"2048\" height=\"1152\" src=\"https:\/\/i0.wp.com\/grandboisweine.com\/wp-content\/uploads\/2026\/01\/GrandboisWeineWide.webp?fit=2048%2C1152&amp;ssl=1\" class=\"attachment-full size-full wp-image-6978\" alt=\"\" srcset=\"\" sizes=\"(max-width: 1280px) 100vw, 1280px\" data-srcset=\"\" \/>\t\t\t\t\t\t\t\t\t\t\t\t\t\t\t<\/div>\n\t\t\t\t<\/div>\n\t\t\t\t<div class=\"elementor-element elementor-element-8c9460b elementor-widget elementor-widget-text-editor\" data-id=\"8c9460b\" data-element_type=\"widget\" data-e-type=\"widget\" data-widget_type=\"text-editor.default\">\n\t\t\t\t<div class=\"elementor-widget-container\">\n\t\t\t\t\t\t\t\t\t<p>Notre magnifique Maring-Noviand<\/p>\t\t\t\t\t\t\t\t<\/div>\n\t\t\t\t<\/div>\n\t\t\t\t<div class=\"elementor-element elementor-element-737660a elementor-widget-divider--view-line elementor-widget elementor-widget-divider\" data-id=\"737660a\" data-element_type=\"widget\" data-e-type=\"widget\" data-widget_type=\"divider.default\">\n\t\t\t\t<div class=\"elementor-widget-container\">\n\t\t\t\t\t\t\t<div class=\"elementor-divider\">\n\t\t\t<span class=\"elementor-divider-separator\">\n\t\t\t\t\t\t<\/span>\n\t\t<\/div>\n\t\t\t\t\t\t<\/div>\n\t\t\t\t<\/div>\n\t\t\t\t<div class=\"elementor-element elementor-element-6bb22d0 elementor-widget elementor-widget-heading\" data-id=\"6bb22d0\" data-element_type=\"widget\" data-e-type=\"widget\" data-widget_type=\"heading.default\">\n\t\t\t\t<div class=\"elementor-widget-container\">\n\t\t\t\t\t<h1 class=\"elementor-heading-title elementor-size-default\">Mesures et calendriers annuels \u00e0 respecter.<\/h1>\t\t\t\t<\/div>\n\t\t\t\t<\/div>\n\t\t\t\t<div class=\"elementor-element elementor-element-9a54800 elementor-widget elementor-widget-image\" data-id=\"9a54800\" data-element_type=\"widget\" data-e-type=\"widget\" data-widget_type=\"image.default\">\n\t\t\t\t<div class=\"elementor-widget-container\">\n\t\t\t\t\t\t\t\t\t\t\t\t\t\t\t\t<a href=\"https:\/\/grandboisweine.com\/wp-content\/uploads\/2026\/03\/Gemini_Generated_Image_xux304xux304xux3.png\" data-elementor-open-lightbox=\"yes\" data-elementor-lightbox-title=\"Annual plan\" data-e-action-hash=\"#elementor-action%3Aaction%3Dlightbox%26settings%3DeyJpZCI6NzMzNywidXJsIjoiaHR0cHM6XC9cL2dyYW5kYm9pc3dlaW5lLmNvbVwvd3AtY29udGVudFwvdXBsb2Fkc1wvMjAyNlwvMDNcL0NvZGVfR2VuZXJhdGVkX0ltYWdlLTIucG5nIn0%3D\">\n\t\t\t\t\t\t\t<img decoding=\"async\" width=\"1600\" height=\"693\" src=\"https:\/\/grandboisweine.com\/wp-content\/uploads\/2026\/03\/Gemini_Generated_Image_xux304xux304xux3.png\" class=\"attachment-full size-full wp-image-7337\" alt=\"\" srcset=\"https:\/\/i0.wp.com\/grandboisweine.com\/wp-content\/uploads\/2026\/03\/Gemini_Generated_Image_xux304xux304xux3.png?w=3106&ssl=1 3106w, https:\/\/i0.wp.com\/grandboisweine.com\/wp-content\/uploads\/2026\/03\/Gemini_Generated_Image_xux304xux304xux3.png?resize=300%2C130&ssl=1 300w, https:\/\/i0.wp.com\/grandboisweine.com\/wp-content\/uploads\/2026\/03\/Gemini_Generated_Image_xux304xux304xux3.png?resize=1024%2C443&ssl=1 1024w, https:\/\/i0.wp.com\/grandboisweine.com\/wp-content\/uploads\/2026\/03\/Gemini_Generated_Image_xux304xux304xux3.png?resize=768%2C332&ssl=1 768w, https:\/\/i0.wp.com\/grandboisweine.com\/wp-content\/uploads\/2026\/03\/Gemini_Generated_Image_xux304xux304xux3.png?resize=1536%2C665&ssl=1 1536w, https:\/\/i0.wp.com\/grandboisweine.com\/wp-content\/uploads\/2026\/03\/Gemini_Generated_Image_xux304xux304xux3.png?resize=2048%2C886&ssl=1 2048w, https:\/\/i0.wp.com\/grandboisweine.com\/wp-content\/uploads\/2026\/03\/Gemini_Generated_Image_xux304xux304xux3.png?resize=18%2C8&ssl=1 18w, https:\/\/i0.wp.com\/grandboisweine.com\/wp-content\/uploads\/2026\/03\/Gemini_Generated_Image_xux304xux304xux3.png?resize=600%2C260&ssl=1 600w, https:\/\/i0.wp.com\/grandboisweine.com\/wp-content\/uploads\/2026\/03\/Gemini_Generated_Image_xux304xux304xux3.png?w=2560&ssl=1 2560w\" sizes=\"(max-width: 1280px) 100vw, 1280px\" \/>\t\t\t\t\t\t\t\t<\/a>\n\t\t\t\t\t\t\t\t\t\t\t\t\t\t\t<\/div>\n\t\t\t\t<\/div>\n\t\t\t\t<div class=\"elementor-element elementor-element-75c9a25 elementor-widget-divider--view-line elementor-widget elementor-widget-divider\" data-id=\"75c9a25\" data-element_type=\"widget\" data-e-type=\"widget\" data-widget_type=\"divider.default\">\n\t\t\t\t<div class=\"elementor-widget-container\">\n\t\t\t\t\t\t\t<div class=\"elementor-divider\">\n\t\t\t<span class=\"elementor-divider-separator\">\n\t\t\t\t\t\t<\/span>\n\t\t<\/div>\n\t\t\t\t\t\t<\/div>\n\t\t\t\t<\/div>\n\t\t\t\t<div class=\"elementor-element elementor-element-6d07e62 elementor-widget elementor-widget-image\" data-id=\"6d07e62\" data-element_type=\"widget\" data-e-type=\"widget\" data-widget_type=\"image.default\">\n\t\t\t\t<div class=\"elementor-widget-container\">\n\t\t\t\t\t\t\t\t\t\t\t\t\t\t\t<img decoding=\"async\" width=\"1600\" height=\"1200\" src=\"https:\/\/i0.wp.com\/grandboisweine.com\/wp-content\/uploads\/2026\/01\/GrandboisWeineFamily.webp?fit=1600%2C1200&amp;ssl=1\" class=\"attachment-full size-full wp-image-6981\" alt=\"\" srcset=\"\" sizes=\"(max-width: 1280px) 100vw, 1280px\" data-srcset=\"\" \/>\t\t\t\t\t\t\t\t\t\t\t\t\t\t\t<\/div>\n\t\t\t\t<\/div>\n\t\t\t\t<div class=\"elementor-element elementor-element-d4873ce elementor-widget-divider--view-line elementor-widget elementor-widget-divider\" data-id=\"d4873ce\" data-element_type=\"widget\" data-e-type=\"widget\" data-widget_type=\"divider.default\">\n\t\t\t\t<div class=\"elementor-widget-container\">\n\t\t\t\t\t\t\t<div class=\"elementor-divider\">\n\t\t\t<span class=\"elementor-divider-separator\">\n\t\t\t\t\t\t<\/span>\n\t\t<\/div>\n\t\t\t\t\t\t<\/div>\n\t\t\t\t<\/div>\n\t\t\t\t<div class=\"elementor-element elementor-element-46e6cf4 elementor-widget elementor-widget-heading\" data-id=\"46e6cf4\" data-element_type=\"widget\" data-e-type=\"widget\" data-widget_type=\"heading.default\">\n\t\t\t\t<div class=\"elementor-widget-container\">\n\t\t\t\t\t<h1 class=\"elementor-heading-title elementor-size-default\">Le mod\u00e8le tarifaire <\/h1>\t\t\t\t<\/div>\n\t\t\t\t<\/div>\n\t\t\t\t<div class=\"elementor-element elementor-element-d42a277 elementor-widget elementor-widget-image\" data-id=\"d42a277\" data-element_type=\"widget\" data-e-type=\"widget\" data-widget_type=\"image.default\">\n\t\t\t\t<div class=\"elementor-widget-container\">\n\t\t\t\t\t\t\t\t\t\t\t\t\t\t\t\t<a href=\"https:\/\/grandboisweine.com\/wp-content\/uploads\/2026\/03\/SoLaWino_2026_Konzept_v4_DE-fr.pdf\">\n\t\t\t\t\t\t\t<img loading=\"lazy\" decoding=\"async\" width=\"150\" height=\"150\" src=\"https:\/\/i0.wp.com\/grandboisweine.com\/wp-content\/uploads\/2026\/03\/pdf-file-format-symbol.png?resize=150%2C150&amp;ssl=1\" class=\"attachment-thumbnail size-thumbnail wp-image-7438\" alt=\"\" srcset=\"\" sizes=\"(max-width: 150px) 100vw, 150px\" data-srcset=\"\" \/>\t\t\t\t\t\t\t\t<\/a>\n\t\t\t\t\t\t\t\t\t\t\t\t\t\t\t<\/div>\n\t\t\t\t<\/div>\n\t\t\t\t<div class=\"elementor-element elementor-element-52811c5 elementor-widget-divider--view-line elementor-widget elementor-widget-divider\" data-id=\"52811c5\" data-element_type=\"widget\" data-e-type=\"widget\" data-widget_type=\"divider.default\">\n\t\t\t\t<div class=\"elementor-widget-container\">\n\t\t\t\t\t\t\t<div class=\"elementor-divider\">\n\t\t\t<span class=\"elementor-divider-separator\">\n\t\t\t\t\t\t<\/span>\n\t\t<\/div>\n\t\t\t\t\t\t<\/div>\n\t\t\t\t<\/div>\n\t\t\t\t<div class=\"elementor-element elementor-element-c411bf5 elementor-widget elementor-widget-heading\" data-id=\"c411bf5\" data-element_type=\"widget\" data-e-type=\"widget\" data-widget_type=\"heading.default\">\n\t\t\t\t<div class=\"elementor-widget-container\">\n\t\t\t\t\t<h3 class=\"elementor-heading-title elementor-size-default\">Si tu souhaites rejoindre notre club SoLaWi, merci de remplir le formulaire ci-dessous dans la langue de ton choix.<\/h3>\t\t\t\t<\/div>\n\t\t\t\t<\/div>\n\t\t\t\t<div class=\"elementor-element elementor-element-055dc02 elementor-widget elementor-widget-text-editor\" data-id=\"055dc02\" data-element_type=\"widget\" data-e-type=\"widget\" data-widget_type=\"text-editor.default\">\n\t\t\t\t<div class=\"elementor-widget-container\">\n\t\t\t\t\t\t\t\t\t<p>\ud83c\udde9\ud83c\uddea &gt;&gt;<a href=\"https:\/\/forms.gle\/Nc6sVKnL8HZ5BUqf7\">https:\/\/forms.gle\/Nc6sVKnL8HZ5BUqf7<\/a><\/p><p>\ud83c\udde8\ud83c\udde6 &gt;&gt;<a href=\"https:\/\/forms.gle\/kE77tE1iXFSsduga6\">https:\/\/forms.gle\/kE77tE1iXFSsduga6<\/a><\/p><p>\ud83c\uddeb\ud83c\uddf7 &gt;&gt;<a href=\"https:\/\/forms.gle\/L6y4u5UMhefo9Tiu8\">https:\/\/forms.gle\/L6y4u5UMhefo9Tiu8<\/a><\/p>\t\t\t\t\t\t\t\t<\/div>\n\t\t\t\t<\/div>\n\t\t\t\t<div class=\"elementor-element elementor-element-8f4d4ed elementor-widget-divider--view-line elementor-widget elementor-widget-divider\" data-id=\"8f4d4ed\" data-element_type=\"widget\" data-e-type=\"widget\" data-widget_type=\"divider.default\">\n\t\t\t\t<div class=\"elementor-widget-container\">\n\t\t\t\t\t\t\t<div class=\"elementor-divider\">\n\t\t\t<span class=\"elementor-divider-separator\">\n\t\t\t\t\t\t<\/span>\n\t\t<\/div>\n\t\t\t\t\t\t<\/div>\n\t\t\t\t<\/div>\n\t\t\t\t\t<\/div>\n\t\t\t\t<\/div>\n\t\t\t\t<\/div>","protected":false},"excerpt":{"rendered":"<p>Du willst also Wein (mit)machen? &lt;h2&gt;SoLaWino 2.0: Der Grundsatz&lt;\/h2&gt; SoLaWino steht f\u00fcr Solidarische Landwirtschaft im Weinbau \u2013 das erste gemeinschaftlich getragene Weinprojekt an der Mosel.\u00a0 \u00a0Guter Wein kommt nicht nur aus dem Boden, sondern auch aus der Gemeinschaft. Jan-Philipp hat SoLaWino gegr\u00fcndet, um Leute einzuladen, in die Weinberge zu kommen und die echte, sch\u00f6ne Realit\u00e4t [&hellip;]<\/p>\n","protected":false},"author":17433329,"featured_media":0,"parent":0,"menu_order":0,"comment_status":"closed","ping_status":"closed","template":"elementor_header_footer","meta":{"footnotes":""},"class_list":["post-7306","page","type-page","status-publish","hentry"],"jetpack_shortlink":"https:\/\/wp.me\/PcLwpy-1TQ","jetpack_sharing_enabled":true,"_links":{"self":[{"href":"https:\/\/grandboisweine.com\/fr\/wp-json\/wp\/v2\/pages\/7306","targetHints":{"allow":["GET"]}}],"collection":[{"href":"https:\/\/grandboisweine.com\/fr\/wp-json\/wp\/v2\/pages"}],"about":[{"href":"https:\/\/grandboisweine.com\/fr\/wp-json\/wp\/v2\/types\/page"}],"author":[{"embeddable":true,"href":"https:\/\/grandboisweine.com\/fr\/wp-json\/wp\/v2\/users\/17433329"}],"replies":[{"embeddable":true,"href":"https:\/\/grandboisweine.com\/fr\/wp-json\/wp\/v2\/comments?post=7306"}],"version-history":[{"count":65,"href":"https:\/\/grandboisweine.com\/fr\/wp-json\/wp\/v2\/pages\/7306\/revisions"}],"predecessor-version":[{"id":7456,"href":"https:\/\/grandboisweine.com\/fr\/wp-json\/wp\/v2\/pages\/7306\/revisions\/7456"}],"wp:attachment":[{"href":"https:\/\/grandboisweine.com\/fr\/wp-json\/wp\/v2\/media?parent=7306"}],"curies":[{"name":"wp","href":"https:\/\/api.w.org\/{rel}","templated":true}]}}