{"id":5,"date":"2021-01-29T04:25:20","date_gmt":"2021-01-29T04:25:20","guid":{"rendered":"https:\/\/grandboisweine.com\/?page_id=5"},"modified":"2026-03-26T10:51:46","modified_gmt":"2026-03-26T09:51:46","slug":"home","status":"publish","type":"page","link":"https:\/\/grandboisweine.com\/fr\/","title":{"rendered":"Maison"},"content":{"rendered":"<div data-elementor-type=\"wp-page\" data-elementor-id=\"5\" class=\"elementor elementor-5\" data-elementor-post-type=\"page\">\n\t\t\t\t<div class=\"elementor-element elementor-element-5c47cbfe e-flex e-con-boxed e-con e-parent\" data-id=\"5c47cbfe\" data-element_type=\"container\" data-e-type=\"container\" fetchpriority=\"high\">\n\t\t\t\t\t<div class=\"e-con-inner\">\n\t\t\t\t<div class=\"elementor-element elementor-element-4c01643 elementor-hidden-desktop elementor-hidden-tablet elementor-widget elementor-widget-image\" data-id=\"4c01643\" data-element_type=\"widget\" data-e-type=\"widget\" data-settings=\"{&quot;_animation&quot;:&quot;none&quot;}\" data-widget_type=\"image.default\">\n\t\t\t\t<div class=\"elementor-widget-container\">\n\t\t\t\t\t\t\t\t\t\t\t\t\t\t\t<img fetchpriority=\"high\" decoding=\"async\" width=\"900\" height=\"1260\" src=\"https:\/\/i0.wp.com\/grandboisweine.com\/wp-content\/uploads\/2026\/01\/GrandboisWeineMobile-copy.webp?fit=900%2C1260&amp;ssl=1\" class=\"attachment-full size-full wp-image-6988\" alt=\"\" srcset=\"https:\/\/i0.wp.com\/grandboisweine.com\/wp-content\/uploads\/2026\/01\/GrandboisWeineMobile-copy.webp?w=900&amp;ssl=1 900w, https:\/\/i0.wp.com\/grandboisweine.com\/wp-content\/uploads\/2026\/01\/GrandboisWeineMobile-copy.webp?resize=214%2C300&amp;ssl=1 214w, https:\/\/i0.wp.com\/grandboisweine.com\/wp-content\/uploads\/2026\/01\/GrandboisWeineMobile-copy.webp?resize=731%2C1024&amp;ssl=1 731w, https:\/\/i0.wp.com\/grandboisweine.com\/wp-content\/uploads\/2026\/01\/GrandboisWeineMobile-copy.webp?resize=768%2C1075&amp;ssl=1 768w, https:\/\/i0.wp.com\/grandboisweine.com\/wp-content\/uploads\/2026\/01\/GrandboisWeineMobile-copy.webp?resize=9%2C12&amp;ssl=1 9w, https:\/\/i0.wp.com\/grandboisweine.com\/wp-content\/uploads\/2026\/01\/GrandboisWeineMobile-copy.webp?resize=300%2C420&amp;ssl=1 300w, https:\/\/i0.wp.com\/grandboisweine.com\/wp-content\/uploads\/2026\/01\/GrandboisWeineMobile-copy.webp?resize=600%2C840&amp;ssl=1 600w\" sizes=\"(max-width: 900px) 100vw, 900px\" \/>\t\t\t\t\t\t\t\t\t\t\t\t\t\t\t<\/div>\n\t\t\t\t<\/div>\n\t\t\t\t<div class=\"elementor-element elementor-element-c4bb437 elementor-hidden-mobile elementor-widget elementor-widget-image\" data-id=\"c4bb437\" data-element_type=\"widget\" data-e-type=\"widget\" data-settings=\"{&quot;_animation&quot;:&quot;none&quot;}\" data-widget_type=\"image.default\">\n\t\t\t\t<div class=\"elementor-widget-container\">\n\t\t\t\t\t\t\t\t\t\t\t\t\t\t\t<img decoding=\"async\" width=\"2048\" height=\"1152\" src=\"https:\/\/i0.wp.com\/grandboisweine.com\/wp-content\/uploads\/2026\/01\/GrandboisWeineWide.webp?fit=2048%2C1152&amp;ssl=1\" class=\"attachment-full size-full wp-image-6978\" alt=\"\" srcset=\"\" sizes=\"(max-width: 1280px) 100vw, 1280px\" data-srcset=\"\" \/>\t\t\t\t\t\t\t\t\t\t\t\t\t\t\t<\/div>\n\t\t\t\t<\/div>\n\t\t\t\t\t<\/div>\n\t\t\t\t<\/div>\n\t\t<div class=\"elementor-element elementor-element-5bccc72 e-flex e-con-boxed e-con e-parent\" data-id=\"5bccc72\" data-element_type=\"container\" data-e-type=\"container\">\n\t\t\t\t\t<div class=\"e-con-inner\">\n\t\t<div class=\"elementor-element elementor-element-5a5c8dc e-con-full e-flex e-con e-child\" data-id=\"5a5c8dc\" data-element_type=\"container\" data-e-type=\"container\">\n\t\t<div class=\"elementor-element elementor-element-684a68d e-con-full e-flex e-con e-child\" data-id=\"684a68d\" data-element_type=\"container\" data-e-type=\"container\">\n\t\t<div class=\"elementor-element elementor-element-c7a869e e-con-full e-flex e-con e-child\" data-id=\"c7a869e\" data-element_type=\"container\" data-e-type=\"container\">\n\t\t\t\t<div class=\"elementor-element elementor-element-c80bd2c elementor-widget elementor-widget-heading\" data-id=\"c80bd2c\" data-element_type=\"widget\" data-e-type=\"widget\" data-widget_type=\"heading.default\">\n\t\t\t\t<div class=\"elementor-widget-container\">\n\t\t\t\t\t<h1 class=\"elementor-heading-title elementor-size-default\">Familles <\/h1>\t\t\t\t<\/div>\n\t\t\t\t<\/div>\n\t\t\t\t<div class=\"elementor-element elementor-element-f1d7b68 elementor-widget elementor-widget-text-editor\" data-id=\"f1d7b68\" data-element_type=\"widget\" data-e-type=\"widget\" data-widget_type=\"text-editor.default\">\n\t\t\t\t<div class=\"elementor-widget-container\">\n\t\t\t\t\t\t\t\t\t<p>Nich\u00e9 dans les pentes spectaculaires de la vall\u00e9e de la Moselle, <strong>Vins de Grandbois<\/strong> Plus qu'un simple domaine viticole, c'est une d\u00e9claration d'amour \u00e0 la terre. Fond\u00e9 par Philippe et Tanja Grandbois, ce domaine viticole de charme est une oasis de <b>intervention minimale<\/b>, o\u00f9 chaque bouteille raconte l'histoire de la terre, du soleil et d'un soup\u00e7on de r\u00e9bellion.<\/p>\t\t\t\t\t\t\t\t<\/div>\n\t\t\t\t<\/div>\n\t\t\t\t<div class=\"elementor-element elementor-element-f9162cf elementor-align-right elementor-mobile-align-center elementor-widget elementor-widget-button\" data-id=\"f9162cf\" data-element_type=\"widget\" data-e-type=\"widget\" data-widget_type=\"button.default\">\n\t\t\t\t<div class=\"elementor-widget-container\">\n\t\t\t\t\t\t\t\t\t<div class=\"elementor-button-wrapper\">\n\t\t\t\t\t<a class=\"elementor-button elementor-button-link elementor-size-sm\" href=\"https:\/\/grandboisweine.com\/uber\">\n\t\t\t\t\t\t<span class=\"elementor-button-content-wrapper\">\n\t\t\t\t\t\t\t\t\t<span class=\"elementor-button-text\">plus&gt;&gt;<\/span>\n\t\t\t\t\t<\/span>\n\t\t\t\t\t<\/a>\n\t\t\t\t<\/div>\n\t\t\t\t\t\t\t\t<\/div>\n\t\t\t\t<\/div>\n\t\t\t\t<\/div>\n\t\t<div class=\"elementor-element elementor-element-c096db8 e-con-full e-flex e-con e-child\" data-id=\"c096db8\" data-element_type=\"container\" data-e-type=\"container\">\n\t\t\t\t<div class=\"elementor-element elementor-element-8f58af7 elementor-widget elementor-widget-image\" data-id=\"8f58af7\" data-element_type=\"widget\" data-e-type=\"widget\" data-settings=\"{&quot;_animation&quot;:&quot;none&quot;}\" data-widget_type=\"image.default\">\n\t\t\t\t<div class=\"elementor-widget-container\">\n\t\t\t\t\t\t\t\t\t\t\t\t\t\t\t<img decoding=\"async\" width=\"768\" height=\"576\" src=\"https:\/\/i0.wp.com\/grandboisweine.com\/wp-content\/uploads\/2026\/01\/GrandboisWeineFamily.webp?fit=768%2C576&amp;ssl=1\" class=\"attachment-medium_large size-medium_large wp-image-6981\" alt=\"\" srcset=\"https:\/\/i0.wp.com\/grandboisweine.com\/wp-content\/uploads\/2026\/01\/GrandboisWeineFamily.webp?w=1600&amp;ssl=1 1600w, https:\/\/i0.wp.com\/grandboisweine.com\/wp-content\/uploads\/2026\/01\/GrandboisWeineFamily.webp?resize=300%2C225&amp;ssl=1 300w, https:\/\/i0.wp.com\/grandboisweine.com\/wp-content\/uploads\/2026\/01\/GrandboisWeineFamily.webp?resize=1024%2C768&amp;ssl=1 1024w, https:\/\/i0.wp.com\/grandboisweine.com\/wp-content\/uploads\/2026\/01\/GrandboisWeineFamily.webp?resize=768%2C576&amp;ssl=1 768w, https:\/\/i0.wp.com\/grandboisweine.com\/wp-content\/uploads\/2026\/01\/GrandboisWeineFamily.webp?resize=1536%2C1152&amp;ssl=1 1536w, https:\/\/i0.wp.com\/grandboisweine.com\/wp-content\/uploads\/2026\/01\/GrandboisWeineFamily.webp?resize=16%2C12&amp;ssl=1 16w, https:\/\/i0.wp.com\/grandboisweine.com\/wp-content\/uploads\/2026\/01\/GrandboisWeineFamily.webp?resize=600%2C450&amp;ssl=1 600w\" sizes=\"(max-width: 768px) 100vw, 768px\" \/>\t\t\t\t\t\t\t\t\t\t\t\t\t\t\t<\/div>\n\t\t\t\t<\/div>\n\t\t\t\t<\/div>\n\t\t\t\t<\/div>\n\t\t\t\t<div class=\"elementor-element elementor-element-e07c7b1 elementor-widget-divider--view-line elementor-widget elementor-widget-divider\" data-id=\"e07c7b1\" data-element_type=\"widget\" data-e-type=\"widget\" data-widget_type=\"divider.default\">\n\t\t\t\t<div class=\"elementor-widget-container\">\n\t\t\t\t\t\t\t<div class=\"elementor-divider\">\n\t\t\t<span class=\"elementor-divider-separator\">\n\t\t\t\t\t\t<\/span>\n\t\t<\/div>\n\t\t\t\t\t\t<\/div>\n\t\t\t\t<\/div>\n\t\t<div class=\"elementor-element elementor-element-8db3058 e-con-full e-flex e-con e-child\" data-id=\"8db3058\" data-element_type=\"container\" data-e-type=\"container\">\n\t\t<div class=\"elementor-element elementor-element-6d4b2cd e-con-full elementor-hidden-mobile e-flex e-con e-child\" data-id=\"6d4b2cd\" data-element_type=\"container\" data-e-type=\"container\" data-settings=\"{&quot;background_background&quot;:&quot;classic&quot;}\">\n\t\t\t\t<\/div>\n\t\t<div class=\"elementor-element elementor-element-fa3c90b e-con-full e-flex e-con e-child\" data-id=\"fa3c90b\" data-element_type=\"container\" data-e-type=\"container\">\n\t\t\t\t<div class=\"elementor-element elementor-element-a3dbcf2 elementor-widget elementor-widget-heading\" data-id=\"a3dbcf2\" data-element_type=\"widget\" data-e-type=\"widget\" data-widget_type=\"heading.default\">\n\t\t\t\t<div class=\"elementor-widget-container\">\n\t\t\t\t\t<h1 class=\"elementor-heading-title elementor-size-default\">PHILO\nSOPHIE<\/h1>\t\t\t\t<\/div>\n\t\t\t\t<\/div>\n\t\t\t\t<div class=\"elementor-element elementor-element-89c04de elementor-widget elementor-widget-text-editor\" data-id=\"89c04de\" data-element_type=\"widget\" data-e-type=\"widget\" data-widget_type=\"text-editor.default\">\n\t\t\t\t<div class=\"elementor-widget-container\">\n\t\t\t\t\t\t\t\t\t<p>Ici, l'agriculture r\u00e9g\u00e9n\u00e9rative n'est pas seulement une pratique, mais une philosophie. Les vignobles prosp\u00e8rent sans produits synth\u00e9tiques, cultiv\u00e9s selon des principes biologiques et gr\u00e2ce aux sabots doux des moutons qui y vivent, qui paissent entre les rang\u00e9es, fertilisent le sol et maintiennent l'\u00e9quilibre de l'\u00e9cosyst\u00e8me. Le r\u00e9sultat ? Des vins qui vibrent d'\u00e9nergie, de puret\u00e9 et de l'esprit sauvage de la Moselle.<\/p>\t\t\t\t\t\t\t\t<\/div>\n\t\t\t\t<\/div>\n\t\t\t\t<div class=\"elementor-element elementor-element-3ddfd95 elementor-align-right elementor-mobile-align-center elementor-widget elementor-widget-button\" data-id=\"3ddfd95\" data-element_type=\"widget\" data-e-type=\"widget\" data-widget_type=\"button.default\">\n\t\t\t\t<div class=\"elementor-widget-container\">\n\t\t\t\t\t\t\t\t\t<div class=\"elementor-button-wrapper\">\n\t\t\t\t\t<a class=\"elementor-button elementor-button-link elementor-size-sm\" href=\"https:\/\/grandboisweine.com\/philosophie\/\">\n\t\t\t\t\t\t<span class=\"elementor-button-content-wrapper\">\n\t\t\t\t\t\t\t\t\t<span class=\"elementor-button-text\">plus&gt;&gt;<\/span>\n\t\t\t\t\t<\/span>\n\t\t\t\t\t<\/a>\n\t\t\t\t<\/div>\n\t\t\t\t\t\t\t\t<\/div>\n\t\t\t\t<\/div>\n\t\t\t\t<\/div>\n\t\t\t\t<\/div>\n\t\t\t\t<\/div>\n\t\t\t\t\t<\/div>\n\t\t\t\t<\/div>\n\t\t\t\t<\/div>","protected":false},"excerpt":{"rendered":"<p>Familien betrieb Eingebettet in die dramatischen H\u00e4nge des deutschen Moseltals, ist Grandbois Weine mehr als nur ein Weingut \u2013 es ist eine Liebeserkl\u00e4rung an das Land. Das von Philippe und Tanja Grandbois gegr\u00fcndete Boutique-Weingut ist eine Oase des minimalen Eingriffs, in der jede Flasche die Geschichte des Bodens, der Sonne und eines Hauches von Rebellion [&hellip;]<\/p>\n","protected":false},"author":17433329,"featured_media":0,"parent":0,"menu_order":1,"comment_status":"closed","ping_status":"closed","template":"elementor_header_footer","meta":{"footnotes":""},"class_list":["post-5","page","type-page","status-publish","hentry"],"jetpack_shortlink":"https:\/\/wp.me\/PcLwpy-5","jetpack_sharing_enabled":false,"_links":{"self":[{"href":"https:\/\/grandboisweine.com\/fr\/wp-json\/wp\/v2\/pages\/5","targetHints":{"allow":["GET"]}}],"collection":[{"href":"https:\/\/grandboisweine.com\/fr\/wp-json\/wp\/v2\/pages"}],"about":[{"href":"https:\/\/grandboisweine.com\/fr\/wp-json\/wp\/v2\/types\/page"}],"author":[{"embeddable":true,"href":"https:\/\/grandboisweine.com\/fr\/wp-json\/wp\/v2\/users\/17433329"}],"replies":[{"embeddable":true,"href":"https:\/\/grandboisweine.com\/fr\/wp-json\/wp\/v2\/comments?post=5"}],"version-history":[{"count":28,"href":"https:\/\/grandboisweine.com\/fr\/wp-json\/wp\/v2\/pages\/5\/revisions"}],"predecessor-version":[{"id":7487,"href":"https:\/\/grandboisweine.com\/fr\/wp-json\/wp\/v2\/pages\/5\/revisions\/7487"}],"wp:attachment":[{"href":"https:\/\/grandboisweine.com\/fr\/wp-json\/wp\/v2\/media?parent=5"}],"curies":[{"name":"wp","href":"https:\/\/api.w.org\/{rel}","templated":true}]}}