{"id":4282,"date":"2023-11-05T11:49:47","date_gmt":"2023-11-05T10:49:47","guid":{"rendered":"https:\/\/grandboisweine.com\/?page_id=4282"},"modified":"2026-03-26T10:40:01","modified_gmt":"2026-03-26T09:40:01","slug":"philosophie","status":"publish","type":"page","link":"https:\/\/grandboisweine.com\/fr\/philosophie\/","title":{"rendered":"Philosophie"},"content":{"rendered":"<div data-elementor-type=\"wp-page\" data-elementor-id=\"4282\" class=\"elementor elementor-4282\" data-elementor-post-type=\"page\">\n\t\t\t\t<div class=\"elementor-element elementor-element-2fa4332 e-flex e-con-boxed e-con e-parent\" data-id=\"2fa4332\" data-element_type=\"container\" data-e-type=\"container\">\n\t\t\t\t\t<div class=\"e-con-inner\">\n\t\t<div class=\"elementor-element elementor-element-76af16d e-con-full e-flex e-con e-child\" data-id=\"76af16d\" data-element_type=\"container\" data-e-type=\"container\">\n\t\t\t\t<div class=\"elementor-element elementor-element-ec01b8c elementor-widget-divider--view-line elementor-widget elementor-widget-divider\" data-id=\"ec01b8c\" data-element_type=\"widget\" data-e-type=\"widget\" data-widget_type=\"divider.default\">\n\t\t\t\t<div class=\"elementor-widget-container\">\n\t\t\t\t\t\t\t<div class=\"elementor-divider\">\n\t\t\t<span class=\"elementor-divider-separator\">\n\t\t\t\t\t\t<\/span>\n\t\t<\/div>\n\t\t\t\t\t\t<\/div>\n\t\t\t\t<\/div>\n\t\t\t\t<div class=\"elementor-element elementor-element-df17bda elementor-widget elementor-widget-heading\" data-id=\"df17bda\" data-element_type=\"widget\" data-e-type=\"widget\" data-widget_type=\"heading.default\">\n\t\t\t\t<div class=\"elementor-widget-container\">\n\t\t\t\t\t<h2 class=\"elementor-heading-title elementor-size-default\">Viticulture r\u00e9g\u00e9n\u00e9rative et biodiversit\u00e9<br> (dans le vignoble)<\/h2>\t\t\t\t<\/div>\n\t\t\t\t<\/div>\n\t\t\t\t<div class=\"elementor-element elementor-element-feffa73 elementor-widget elementor-widget-text-editor\" data-id=\"feffa73\" data-element_type=\"widget\" data-e-type=\"widget\" data-widget_type=\"text-editor.default\">\n\t\t\t\t<div class=\"elementor-widget-container\">\n\t\t\t\t\t\t\t\t\t<p>Chez Grandbois, on ne fait pas que de l'agriculture bio, mais aussi <b>viticulture r\u00e9g\u00e9n\u00e9rative<\/b>. On est certes stricts <b>Certifi\u00e9 biologique par l'UE<\/b>, mais notre approche va encore plus loin :<\/p><p><b><i><u>Sp\u00e9cialiste des pentes raides :<\/u><\/i> <\/b>95 % de nos vignobles sont class\u00e9s comme pentes raides. \u00c7a veut dire qu'il faut beaucoup de boulot manuel pour garantir la meilleure s\u00e9lection de raisins et un compactage minimal du sol.95 % de nos vignobles sont class\u00e9s comme pentes raides. \u00c7a veut dire qu'il faut beaucoup de boulot manuel pour garantir la meilleure s\u00e9lection de raisins et un compactage minimal du sol.<\/p><p><em><b><span style=\"text-decoration: underline;\">Sant\u00e9 des sols et s\u00e9questration du carbone :<\/span> <\/b><\/em>On accorde beaucoup d'importance \u00e0 la r\u00e9silience \u00e0 long terme des sols. En encourageant les cultures de couverture naturelles et la biodiversit\u00e9 locale, on transforme nos vignobles en \u00e9cosyst\u00e8mes qui r\u00e9duisent les \u00e9missions de carbone.<\/p><p><span style=\"text-decoration: underline;\"><em><b>Empreinte minimale : <\/b><\/em><\/span>On bosse en harmonie avec les rythmes de la nature et on \u00e9vite les pesticides synth\u00e9tiques et les engrais chimiques pour prot\u00e9ger l'\u00e9cosyst\u00e8me sensible de la Moselle.<\/p>\t\t\t\t\t\t\t\t<\/div>\n\t\t\t\t<\/div>\n\t\t\t\t<div class=\"elementor-element elementor-element-4d24041 elementor-widget-divider--view-line elementor-widget elementor-widget-divider\" data-id=\"4d24041\" data-element_type=\"widget\" data-e-type=\"widget\" data-widget_type=\"divider.default\">\n\t\t\t\t<div class=\"elementor-widget-container\">\n\t\t\t\t\t\t\t<div class=\"elementor-divider\">\n\t\t\t<span class=\"elementor-divider-separator\">\n\t\t\t\t\t\t<\/span>\n\t\t<\/div>\n\t\t\t\t\t\t<\/div>\n\t\t\t\t<\/div>\n\t\t\t\t<div class=\"elementor-element elementor-element-24e80d2 elementor-widget elementor-widget-heading\" data-id=\"24e80d2\" data-element_type=\"widget\" data-e-type=\"widget\" data-widget_type=\"heading.default\">\n\t\t\t\t<div class=\"elementor-widget-container\">\n\t\t\t\t\t<h2 class=\"elementor-heading-title elementor-size-default\">Intervention minimale et vinification naturelle <br>(dans la cave)<\/h2>\t\t\t\t<\/div>\n\t\t\t\t<\/div>\n\t\t\t\t<div class=\"elementor-element elementor-element-45d353e elementor-widget elementor-widget-text-editor\" data-id=\"45d353e\" data-element_type=\"widget\" data-e-type=\"widget\" data-widget_type=\"text-editor.default\">\n\t\t\t\t<div class=\"elementor-widget-container\">\n\t\t\t\t\t\t\t\t\t<p>Nous sommes convaincus que le vin est un produit vivant. Notre philosophie viticole repose sur une \u0153nologie minimaliste et sur le mouvement en faveur d'une vinification non interventionniste :<\/p><p><em><span style=\"text-decoration: underline;\"><strong>Fermentation spontan\u00e9e :<\/strong><\/span><\/em> Chaque vin Grandbois est fait avec des levures sauvages locales. Pas d'additifs commerciaux, pas d'enzymes et pas de raccourcis industriels.<\/p><p><em><span style=\"text-decoration: underline;\"><strong>Contact plus long avec la levure :<\/strong><\/span><\/em> On fait r\u00e9guli\u00e8rement du b\u00e2tonnage pour avoir une texture naturelle et une complexit\u00e9 cr\u00e9meuse sans avoir \u00e0 filtrer.<\/p><p><em><span style=\"text-decoration: underline;\"><strong>Gestion du bois de ch\u00eane :<\/strong><\/span><\/em> On utilise un m\u00e9lange sp\u00e9cial de f\u00fbts de ch\u00eane neutres et neufs pour que le fruit et le terroir min\u00e9ral de la Moselle puissent donner le ton au profil sensoriel.<\/p><p><strong><em><span style=\"text-decoration: underline;\">La patience comme processus :<\/span><\/em><\/strong> Nos vins ne sortent sur le march\u00e9 que lorsqu'ils ont atteint leur apog\u00e9e. Le vieillissement en bouteille dure entre un mois et deux ans, pour garantir un \u00e9quilibre parfait \u00e0 la livraison.<\/p>\t\t\t\t\t\t\t\t<\/div>\n\t\t\t\t<\/div>\n\t\t\t\t<div class=\"elementor-element elementor-element-cb2d302 elementor-widget-divider--view-line elementor-widget elementor-widget-divider\" data-id=\"cb2d302\" data-element_type=\"widget\" data-e-type=\"widget\" data-widget_type=\"divider.default\">\n\t\t\t\t<div class=\"elementor-widget-container\">\n\t\t\t\t\t\t\t<div class=\"elementor-divider\">\n\t\t\t<span class=\"elementor-divider-separator\">\n\t\t\t\t\t\t<\/span>\n\t\t<\/div>\n\t\t\t\t\t\t<\/div>\n\t\t\t\t<\/div>\n\t\t\t\t<div class=\"elementor-element elementor-element-d87e5c8 elementor-widget elementor-widget-heading\" data-id=\"d87e5c8\" data-element_type=\"widget\" data-e-type=\"widget\" data-widget_type=\"heading.default\">\n\t\t\t\t<div class=\"elementor-widget-container\">\n\t\t\t\t\t<h2 class=\"elementor-heading-title elementor-size-default\">Transparence et savoir-faire artisanal (la bouteille)<\/h2>\t\t\t\t<\/div>\n\t\t\t\t<\/div>\n\t\t\t\t<div class=\"elementor-element elementor-element-46ff124 elementor-widget elementor-widget-text-editor\" data-id=\"46ff124\" data-element_type=\"widget\" data-e-type=\"widget\" data-widget_type=\"text-editor.default\">\n\t\t\t\t<div class=\"elementor-widget-container\">\n\t\t\t\t\t\t\t\t\t<p>Nos \u00e9tiquettes \u2013 de la <b>Orange antifasciste<\/b> jusqu'\u00e0 nos <b>Pet-Nats<\/b> \u2013 C'est plus qu'une simple image de marque, c'est un manifeste.<\/p><p><b><i><u>\u00c9tiquettes con\u00e7ues par des artistes :<\/u><\/i><\/b> On cr\u00e9e toutes les \u00e9tiquettes nous-m\u00eames pour montrer l'\u00e2me \u00ab sociopolitique \u00bb du vin. On utilise l'ext\u00e9rieur de la bouteille pour raconter une partie de l'histoire.<\/p><p><strong><em><span style=\"text-decoration: underline;\">V\u00e9g\u00e9talien compatible :<\/span><\/em><\/strong> Tous les vins Grandbois sont 100 % v\u00e9g\u00e9taliens et sont faits sans aucun agent de clarification d'origine animale.<\/p>\t\t\t\t\t\t\t\t<\/div>\n\t\t\t\t<\/div>\n\t\t\t\t<\/div>\n\t\t\t\t\t<\/div>\n\t\t\t\t<\/div>\n\t\t<div class=\"elementor-element elementor-element-ba6b17e e-flex e-con-boxed e-con e-parent\" data-id=\"ba6b17e\" data-element_type=\"container\" data-e-type=\"container\">\n\t\t\t\t\t<div class=\"e-con-inner\">\n\t\t\t\t<div class=\"elementor-element elementor-element-23bb1d9 elementor-widget-divider--view-line elementor-widget elementor-widget-divider\" data-id=\"23bb1d9\" data-element_type=\"widget\" data-e-type=\"widget\" data-widget_type=\"divider.default\">\n\t\t\t\t<div class=\"elementor-widget-container\">\n\t\t\t\t\t\t\t<div class=\"elementor-divider\">\n\t\t\t<span class=\"elementor-divider-separator\">\n\t\t\t\t\t\t<\/span>\n\t\t<\/div>\n\t\t\t\t\t\t<\/div>\n\t\t\t\t<\/div>\n\t\t\t\t<div class=\"elementor-element elementor-element-990ddef elementor-align-center elementor-widget elementor-widget-button\" data-id=\"990ddef\" data-element_type=\"widget\" data-e-type=\"widget\" data-widget_type=\"button.default\">\n\t\t\t\t<div class=\"elementor-widget-container\">\n\t\t\t\t\t\t\t\t\t<div class=\"elementor-button-wrapper\">\n\t\t\t\t\t<a class=\"elementor-button elementor-button-link elementor-size-sm\" href=\"https:\/\/grandboisweine.com\/shop\/\">\n\t\t\t\t\t\t<span class=\"elementor-button-content-wrapper\">\n\t\t\t\t\t\t\t\t\t<span class=\"elementor-button-text\">Boutique en ligne<\/span>\n\t\t\t\t\t<\/span>\n\t\t\t\t\t<\/a>\n\t\t\t\t<\/div>\n\t\t\t\t\t\t\t\t<\/div>\n\t\t\t\t<\/div>\n\t\t\t\t<div class=\"elementor-element elementor-element-f4adfd3 elementor-widget-divider--view-line elementor-widget elementor-widget-divider\" data-id=\"f4adfd3\" data-element_type=\"widget\" data-e-type=\"widget\" data-widget_type=\"divider.default\">\n\t\t\t\t<div class=\"elementor-widget-container\">\n\t\t\t\t\t\t\t<div class=\"elementor-divider\">\n\t\t\t<span class=\"elementor-divider-separator\">\n\t\t\t\t\t\t<\/span>\n\t\t<\/div>\n\t\t\t\t\t\t<\/div>\n\t\t\t\t<\/div>\n\t\t\t\t\t<\/div>\n\t\t\t\t<\/div>\n\t\t\t\t<\/div>","protected":false},"excerpt":{"rendered":"<p>Regenerativer Weinbau &amp; Biodiversit\u00e4t (im Weinberg) Bei Grandbois betreiben wir nicht nur biologischen Anbau, sondern auch &lt;b&gt;regenerativen Weinbau&lt;\/b&gt;. Wir sind zwar streng &lt;b&gt;EU-zertifiziert biologisch&lt;\/b&gt;, aber unser Ansatz geht noch weiter: Spezialist f\u00fcr Steilh\u00e4nge: 95 % unserer Weinberge sind als Steilh\u00e4nge eingestuft. Das bedeutet viel Handarbeit, um die beste Traubenauslese und eine minimale Bodenverdichtung zu gew\u00e4hrleisten. [&hellip;]<\/p>\n","protected":false},"author":17433329,"featured_media":0,"parent":0,"menu_order":0,"comment_status":"closed","ping_status":"closed","template":"elementor_header_footer","meta":{"footnotes":""},"class_list":["post-4282","page","type-page","status-publish","hentry"],"jetpack_shortlink":"https:\/\/wp.me\/PcLwpy-174","jetpack_sharing_enabled":true,"_links":{"self":[{"href":"https:\/\/grandboisweine.com\/fr\/wp-json\/wp\/v2\/pages\/4282","targetHints":{"allow":["GET"]}}],"collection":[{"href":"https:\/\/grandboisweine.com\/fr\/wp-json\/wp\/v2\/pages"}],"about":[{"href":"https:\/\/grandboisweine.com\/fr\/wp-json\/wp\/v2\/types\/page"}],"author":[{"embeddable":true,"href":"https:\/\/grandboisweine.com\/fr\/wp-json\/wp\/v2\/users\/17433329"}],"replies":[{"embeddable":true,"href":"https:\/\/grandboisweine.com\/fr\/wp-json\/wp\/v2\/comments?post=4282"}],"version-history":[{"count":10,"href":"https:\/\/grandboisweine.com\/fr\/wp-json\/wp\/v2\/pages\/4282\/revisions"}],"predecessor-version":[{"id":7477,"href":"https:\/\/grandboisweine.com\/fr\/wp-json\/wp\/v2\/pages\/4282\/revisions\/7477"}],"wp:attachment":[{"href":"https:\/\/grandboisweine.com\/fr\/wp-json\/wp\/v2\/media?parent=4282"}],"curies":[{"name":"wp","href":"https:\/\/api.w.org\/{rel}","templated":true}]}}