{"id":6616,"date":"2025-01-07T09:16:22","date_gmt":"2025-01-07T08:16:22","guid":{"rendered":"https:\/\/grandboisweine.com\/?post_type=product&#038;p=6616"},"modified":"2026-01-10T21:08:53","modified_gmt":"2026-01-10T20:08:53","slug":"bio-glue-glue-piwi-gluehwein","status":"publish","type":"product","link":"https:\/\/grandboisweine.com\/en\/shop\/aromatisierter-wein\/bio-glue-glue-piwi-gluehwein\/","title":{"rendered":"*BIO GL\u00dc GL\u00dc PIWI mulled wine"},"content":{"rendered":"<p>Not your grandmother's mulled wine.<\/p>\n<p>Cult Dornfelder, Regent, cinnamon, citrus peel, cloves, blueberries and vanilla pods.<\/p>\n<p>** Some bottles feature a hand-painted Claire Anne original, but only about 20 have been made so far, and we cannot legally request more. Perhaps there will be more. Who knows.<\/p>","protected":false},"excerpt":{"rendered":"<p>Nicht der Gl\u00fchwein Ihrer Gro\u00dfmutter. Kultig Dornfelder, Regent, Zimt, Zitrusschalen, Gew\u00fcrznelken, Heidelbeeren und Vanilleschoten. ** Einige Flaschen haben ein handgemaltes Claire Anne Original drauf, aber bisher wurden nur etwa 20 davon gemacht, und wir k\u00f6nnen sie rechtlich nicht bitten, mehr zu machen. Vielleicht kommen noch mehr. Wer wei\u00df.<\/p>","protected":false},"featured_media":6611,"template":"","meta":[],"product_brand":[],"product_cat":[1551],"product_tag":[1622,1623,1624,1657,1658],"class_list":{"0":"post-6616","1":"product","2":"type-product","3":"status-publish","4":"has-post-thumbnail","6":"product_cat-aromatisierter-wein","7":"product_tag-gluehwein","8":"product_tag-spiced","9":"product_tag-mulled","10":"product_tag-dornfelder","11":"product_tag-regent","13":"first","14":"instock","15":"taxable","16":"shipping-taxable","17":"purchasable","18":"product-type-simple"},"group_of_quantity":0,"min_quantity":1,"max_quantity":"","exclude_order_quantity_value_rules":"no","exclude_category_quantity_rules":"no","combine_variations":"no","jetpack_sharing_enabled":true,"_links":{"self":[{"href":"https:\/\/grandboisweine.com\/en\/wp-json\/wp\/v2\/product\/6616","targetHints":{"allow":["GET"]}}],"collection":[{"href":"https:\/\/grandboisweine.com\/en\/wp-json\/wp\/v2\/product"}],"about":[{"href":"https:\/\/grandboisweine.com\/en\/wp-json\/wp\/v2\/types\/product"}],"version-history":[{"count":0,"href":"https:\/\/grandboisweine.com\/en\/wp-json\/wp\/v2\/product\/6616\/revisions"}],"wp:featuredmedia":[{"embeddable":true,"href":"https:\/\/grandboisweine.com\/en\/wp-json\/wp\/v2\/media\/6611"}],"wp:attachment":[{"href":"https:\/\/grandboisweine.com\/en\/wp-json\/wp\/v2\/media?parent=6616"}],"wp:term":[{"taxonomy":"product_brand","embeddable":true,"href":"https:\/\/grandboisweine.com\/en\/wp-json\/wp\/v2\/product_brand?post=6616"},{"taxonomy":"product_cat","embeddable":true,"href":"https:\/\/grandboisweine.com\/en\/wp-json\/wp\/v2\/product_cat?post=6616"},{"taxonomy":"product_tag","embeddable":true,"href":"https:\/\/grandboisweine.com\/en\/wp-json\/wp\/v2\/product_tag?post=6616"}],"curies":[{"name":"wp","href":"https:\/\/api.w.org\/{rel}","templated":true}]}}