{"id":6538,"date":"2025-11-05T15:07:28","date_gmt":"2025-11-05T14:07:28","guid":{"rendered":"https:\/\/grandboisweine.com\/?post_type=product&#038;p=6538"},"modified":"2026-01-27T16:30:33","modified_gmt":"2026-01-27T15:30:33","slug":"come-fly-with-me-paket","status":"publish","type":"product","link":"https:\/\/grandboisweine.com\/en\/shop\/rosewein\/come-fly-with-me-paket\/","title":{"rendered":"COME-FLY-WITH-ME-PAKET"},"content":{"rendered":"<p>Unleash your senses with <b>\u201eThe Three Birds\u201c<\/b> \u2013 einem Trio von Weinen, die so wild und frei sind wie die Tiere, die sie inspiriert haben. Jede Flasche f\u00e4ngt den Geist des Moseltals ein und verwandelt die Anmut, Kraft und das Geheimnis unserer gefiederten Musen in fl\u00fcssige Poesie.<\/p>\n<p><b>Kestrel Late Harvest Riesling (2023).<\/b> The sharp-eyed hunter, who hovers with precision. This Riesling is characterized by lively green apple notes, white flowers and a sharp acidity that lingers like the unwavering focus of a peregrine falcon. Appearing in early 2024, it is a tribute to patience and precision.<\/p>\n<p><b>Blackbird Cuv\u00e9e (2024).<\/b> Der geheimnisvolle Singvogel, geh\u00fcllt in mitternachtliches Gefieder. Diese Cuv\u00e9e aus Satin und Pinot Noir verf\u00fchrt mit eleganten roten Beeren, einem Hauch von Veilchen und einem seidigen, fast schwerelosen Abgang. So geheimnisvoll und verf\u00fchrerisch wie die Mitternachtsmelodie der Amsel.<\/p>\n<p><b>Kestrel Really Late Harvest Riesling (2023).<\/b> The patient observer is enjoying the last golden rays of autumn. Honeyed apricots, the richness of jam and a penetrating minerality reflect the ancient slopes of the Moselle. Released at the end of 2024, this wine is the rarest of the trio \u2013 a wine for those who appreciate the beauty of time and transformation.<\/p>\n<p><b>Warum diese Weine?<\/b> Dies sind nicht nur Flaschen \u2013 sie sind Einladungen zum Abheben. Der Kestrel Late Harvest verk\u00f6rpert Konzentration und Intensit\u00e4t, der Blackbird verf\u00fchrt mit seiner dunklen Anziehungskraft und der Kestrel Really Late Harvest belohnt diejenigen, die auf das Au\u00dfergew\u00f6hnliche warten.<\/p>\n<p>Free shipping in Germany and Europe + 15 \u20ac<\/p>","protected":false},"excerpt":{"rendered":"<p>Entfesseln Sie Ihre Sinne mit \u201eThe Three Birds\u201c \u2013 einem Trio von Weinen, die so wild und frei sind wie die Tiere, die sie inspiriert haben. Jede Flasche f\u00e4ngt den Geist des Moseltals ein und verwandelt die Anmut, Kraft und das Geheimnis unserer gefiederten Musen in fl\u00fcssige Poesie. Kestrel Late Harvest Riesling (2023). Der scharfsichtige [&hellip;]<\/p>\n","protected":false},"featured_media":6511,"template":"","meta":[],"product_brand":[],"product_cat":[1611,1451,1543],"product_tag":[1563,1646,1647,1651],"class_list":{"0":"post-6538","1":"product","2":"type-product","3":"status-publish","4":"has-post-thumbnail","6":"product_cat-rosewein","7":"product_cat-paket","8":"product_cat-petnat","9":"product_tag-riesling","10":"product_tag-satin-noir","11":"product_tag-piwi","12":"product_tag-kestrel","14":"first","15":"outofstock","16":"sale","17":"taxable","18":"shipping-taxable","19":"purchasable","20":"product-type-simple"},"group_of_quantity":0,"min_quantity":1,"max_quantity":1,"exclude_order_quantity_value_rules":"no","exclude_category_quantity_rules":"no","combine_variations":"no","jetpack_sharing_enabled":true,"_links":{"self":[{"href":"https:\/\/grandboisweine.com\/en\/wp-json\/wp\/v2\/product\/6538","targetHints":{"allow":["GET"]}}],"collection":[{"href":"https:\/\/grandboisweine.com\/en\/wp-json\/wp\/v2\/product"}],"about":[{"href":"https:\/\/grandboisweine.com\/en\/wp-json\/wp\/v2\/types\/product"}],"version-history":[{"count":0,"href":"https:\/\/grandboisweine.com\/en\/wp-json\/wp\/v2\/product\/6538\/revisions"}],"wp:featuredmedia":[{"embeddable":true,"href":"https:\/\/grandboisweine.com\/en\/wp-json\/wp\/v2\/media\/6511"}],"wp:attachment":[{"href":"https:\/\/grandboisweine.com\/en\/wp-json\/wp\/v2\/media?parent=6538"}],"wp:term":[{"taxonomy":"product_brand","embeddable":true,"href":"https:\/\/grandboisweine.com\/en\/wp-json\/wp\/v2\/product_brand?post=6538"},{"taxonomy":"product_cat","embeddable":true,"href":"https:\/\/grandboisweine.com\/en\/wp-json\/wp\/v2\/product_cat?post=6538"},{"taxonomy":"product_tag","embeddable":true,"href":"https:\/\/grandboisweine.com\/en\/wp-json\/wp\/v2\/product_tag?post=6538"}],"curies":[{"name":"wp","href":"https:\/\/api.w.org\/{rel}","templated":true}]}}