{"id":6532,"date":"2025-11-05T14:50:42","date_gmt":"2025-11-05T13:50:42","guid":{"rendered":"https:\/\/grandboisweine.com\/?post_type=product&#038;p=6532"},"modified":"2026-01-27T15:40:31","modified_gmt":"2026-01-27T14:40:31","slug":"la-resistance-1984-riesling","status":"publish","type":"product","link":"https:\/\/grandboisweine.com\/en\/shop\/weisswein\/la-resistance-1984-riesling\/","title":{"rendered":"La R\u00e9sistance 1984 Riesling"},"content":{"rendered":"<p data-path-to-node=\"4\"><b data-path-to-node=\"4\" data-index-in-node=\"0\">Resistance to industrial uniformity.<\/b><\/p>\n<p data-path-to-node=\"5\">A quiet wine that is loud and has an edge. Precise, direct and full of energy - our liquid protest against the standardization of taste. This is not about polished surfaces, but about depth and the unadorned origin of our wines. <b data-path-to-node=\"5\" data-index-in-node=\"250\">Steep slope<\/b>.<\/p>\n<ul data-path-to-node=\"6\">\n<li>\n<p data-path-to-node=\"6,0,0\"><b data-path-to-node=\"6,0,0\" data-index-in-node=\"0\">The kick:<\/b> Wild yeasts and a pithy structure ensure a lively drinking flow. It brings a fascinating texture and juiciness to the glass, supported by a cool, smoky slate minerality.<\/p>\n<\/li>\n<li>\n<p data-path-to-node=\"6,1,0\"><b data-path-to-node=\"6,1,0\" data-index-in-node=\"0\">The craft:<\/b> Consistent <b data-path-to-node=\"6,1,0\" data-index-in-node=\"27\">Low intervention<\/b>. <b data-path-to-node=\"6,1,0\" data-index-in-node=\"45\">Spontaneous fermentation<\/b>, <b data-path-to-node=\"6,1,0\" data-index-in-node=\"60\">unfiltered<\/b>, <b data-path-to-node=\"6,1,0\" data-index-in-node=\"73\">vegan<\/b> and filled with minimal added sulphur. A wine that has found its clarity and unadapted character through a long rest on the lees.<\/p>\n<\/li>\n<li>\n<p data-path-to-node=\"6,2,0\"><b data-path-to-node=\"6,2,0\" data-index-in-node=\"0\">The vibe:<\/b> Refreshingly radical. A wine for the moment when you break with convention and concentrate on the essentials.<\/p>\n<\/li>\n<li>\n<p data-path-to-node=\"6,3,0\"><b data-path-to-node=\"6,3,0\" data-index-in-node=\"0\">Food Pairing:<\/b> Needs dishes with character. Ideal with <b data-path-to-node=\"6,3,0\" data-index-in-node=\"55\">Crispy roast chicken with herbs<\/b>, <b data-path-to-node=\"6,3,0\" data-index-in-node=\"93\">fried artichokes<\/b> or one <b data-path-to-node=\"6,3,0\" data-index-in-node=\"129\">rich quiche with leek and goat's cheese<\/b>.<\/p>\n<\/li>\n<\/ul>\n<p>Technische Details &gt;&gt;\u00a0<img decoding=\"async\" class=\"alignnone wp-image-5600\" src=\"https:\/\/i0.wp.com\/grandboisweine.com\/wp-content\/uploads\/2025\/01\/Raisin-1-150x150.png?resize=5050&amp;ssl=1\" sizes=\"(max-width: 50px) 100vw, 50px\" srcset=\"\" alt=\"\" width=\"50\" height=\"50\" data-recalc-dims=\"1\" data-attachment-id=\"5600\" data-permalink=\"https:\/\/grandboisweine.com\/?attachment_id=5600\" data-orig-file=\"https:\/\/i0.wp.com\/grandboisweine.com\/wp-content\/uploads\/2025\/01\/Raisin-1.webp?fit=482%2C482&amp;ssl=1\" data-orig-size=\"482,482\" data-comments-opened=\"1\" data-image-meta=\"{&quot;aperture&quot;:&quot;0&quot;,&quot;credit&quot;:&quot;&quot;,&quot;camera&quot;:&quot;&quot;,&quot;caption&quot;:&quot;&quot;,&quot;created_timestamp&quot;:&quot;0&quot;,&quot;copyright&quot;:&quot;&quot;,&quot;focal_length&quot;:&quot;0&quot;,&quot;iso&quot;:&quot;0&quot;,&quot;shutter_speed&quot;:&quot;0&quot;,&quot;title&quot;:&quot;&quot;,&quot;orientation&quot;:&quot;0&quot;}\" data-image-title=\"Raisin\" data-image-description=\"\" data-image-caption=\"\" data-medium-file=\"https:\/\/i0.wp.com\/grandboisweine.com\/wp-content\/uploads\/2025\/01\/Raisin-1.webp?fit=300%2C300&amp;ssl=1\" data-large-file=\"https:\/\/i0.wp.com\/grandboisweine.com\/wp-content\/uploads\/2025\/01\/Raisin-1.webp?fit=482%2C482&amp;ssl=1\" data-srcset=\"\" \/><\/p>","protected":false},"excerpt":{"rendered":"<p>Der Widerstand gegen den industriellen Einheitsbrei. Ein stiller Wein, der laut ist und Kante zeigt. Pr\u00e4zise, direkt und voller Energie \u2013 unser fl\u00fcssiger Protest gegen die Standardisierung des Geschmacks. Hier geht es nicht um polierte Oberfl\u00e4chen, sondern um Tiefe und die ungesch\u00f6nte Herkunft unserer Steillage. Der Kick: Wilde Hefen und eine kernige Struktur sorgen f\u00fcr [&hellip;]<\/p>\n","protected":false},"featured_media":6508,"template":"","meta":[],"product_brand":[],"product_cat":[1587],"product_tag":[1563,1630,1631,1632],"class_list":{"0":"post-6532","1":"product","2":"type-product","3":"status-publish","4":"has-post-thumbnail","6":"product_cat-weisswein","7":"product_tag-riesling","8":"product_tag-kestrel-falcon","9":"product_tag-kestrel-riesling","10":"product_tag-sundial","12":"first","13":"instock","14":"taxable","15":"shipping-taxable","16":"purchasable","17":"product-type-simple"},"group_of_quantity":0,"min_quantity":1,"max_quantity":"","exclude_order_quantity_value_rules":"no","exclude_category_quantity_rules":"no","combine_variations":"no","jetpack_sharing_enabled":true,"_links":{"self":[{"href":"https:\/\/grandboisweine.com\/en\/wp-json\/wp\/v2\/product\/6532","targetHints":{"allow":["GET"]}}],"collection":[{"href":"https:\/\/grandboisweine.com\/en\/wp-json\/wp\/v2\/product"}],"about":[{"href":"https:\/\/grandboisweine.com\/en\/wp-json\/wp\/v2\/types\/product"}],"version-history":[{"count":0,"href":"https:\/\/grandboisweine.com\/en\/wp-json\/wp\/v2\/product\/6532\/revisions"}],"wp:featuredmedia":[{"embeddable":true,"href":"https:\/\/grandboisweine.com\/en\/wp-json\/wp\/v2\/media\/6508"}],"wp:attachment":[{"href":"https:\/\/grandboisweine.com\/en\/wp-json\/wp\/v2\/media?parent=6532"}],"wp:term":[{"taxonomy":"product_brand","embeddable":true,"href":"https:\/\/grandboisweine.com\/en\/wp-json\/wp\/v2\/product_brand?post=6532"},{"taxonomy":"product_cat","embeddable":true,"href":"https:\/\/grandboisweine.com\/en\/wp-json\/wp\/v2\/product_cat?post=6532"},{"taxonomy":"product_tag","embeddable":true,"href":"https:\/\/grandboisweine.com\/en\/wp-json\/wp\/v2\/product_tag?post=6532"}],"curies":[{"name":"wp","href":"https:\/\/api.w.org\/{rel}","templated":true}]}}