{"id":6524,"date":"2025-11-05T14:35:26","date_gmt":"2025-11-05T13:35:26","guid":{"rendered":"https:\/\/grandboisweine.com\/?post_type=product&#038;p=6524"},"modified":"2026-02-21T00:02:38","modified_gmt":"2026-02-20T23:02:38","slug":"2024-blackbird-cuvee","status":"publish","type":"product","link":"https:\/\/grandboisweine.com\/en\/shop\/rotwein\/2024-blackbird-cuvee\/","title":{"rendered":"2024 BLACKBIRD Cuv\u00e9e *Bio"},"content":{"rendered":"<p data-path-to-node=\"4\"><b data-path-to-node=\"4\" data-index-in-node=\"0\">Light-footed, wild and full of energy.<\/b><\/p>\n<p data-path-to-node=\"5\">Our <b data-path-to-node=\"5\" data-index-in-node=\"7\">Blackbird Cuv\u00e9e<\/b> is like its namesake: nimble, lively and impossible to overlook. This playful mixture of <b data-path-to-node=\"5\" data-index-in-node=\"122\">50 % Satin Noir<\/b> and <b data-path-to-node=\"5\" data-index-in-node=\"142\">50 % Pinot Noir<\/b> is our answer to the desire for a red wine that has depth without being heavy. With only <b data-path-to-node=\"5\" data-index-in-node=\"266\">9.5 % Alcohol<\/b> it is the ultimate \u201eglou-glou\u201c red wine with depth.<\/p>\n<ul data-path-to-node=\"6\">\n<li>\n<p data-path-to-node=\"6,0,0\"><b data-path-to-node=\"6,0,0\" data-index-in-node=\"0\">The kick:<\/b> Juicy wild raspberries and red berries dance on the palate. Due to the ageing in <b data-path-to-node=\"6,0,0\" data-index-in-node=\"86\">used Cabernet tonneaux<\/b> gives the wine a fine, smoky spiciness and a structure that makes it extremely strong in character despite its lightness.<\/p>\n<\/li>\n<li>\n<p data-path-to-node=\"6,1,0\"><b data-path-to-node=\"6,1,0\" data-index-in-node=\"0\">The craft:<\/b> Consistent <b data-path-to-node=\"6,1,0\" data-index-in-node=\"27\">Low intervention<\/b>. <b data-path-to-node=\"6,1,0\" data-index-in-node=\"45\">Spontaneous fermentation<\/b>, unfiltered and as <b data-path-to-node=\"6,1,0\" data-index-in-node=\"80\">Country wine<\/b> directly from the Moselle region. <b data-path-to-node=\"6,1,0\" data-index-in-node=\"118\">Without added sulphur<\/b> filled to preserve the pure, vibrant fruit. 100 % <b data-path-to-node=\"6,1,0\" data-index-in-node=\"198\">vegan<\/b> and <b data-path-to-node=\"6,1,0\" data-index-in-node=\"208\">Organic<\/b>.<\/p>\n<\/li>\n<li>\n<p data-path-to-node=\"6,2,0\"><b data-path-to-node=\"6,2,0\" data-index-in-node=\"0\">The vibe:<\/b> A modern \u201echilled red\u201c. Perfect for anyone looking for a red wine that is easy to drink but plays in the Champions League in terms of craftsmanship.<\/p>\n<\/li>\n<li>\n<p data-path-to-node=\"6,3,0\"><b data-path-to-node=\"6,3,0\" data-index-in-node=\"0\">Food Pairing:<\/b> A favorite for creative home cooking. Serve slightly chilled with <b data-path-to-node=\"6,3,0\" data-index-in-node=\"90\">grilled vegetables with salsa verde<\/b>, <b data-path-to-node=\"6,3,0\" data-index-in-node=\"125\">Pizza with spicy salami<\/b> or a <b data-path-to-node=\"6,3,0\" data-index-in-node=\"162\">Lentil salad with herbs and feta<\/b>.<\/p>\n<\/li>\n<\/ul>\n<div class=\"elementor-element elementor-element-f7c1d33 elementor-widget elementor-widget-woocommerce-product-content\" data-id=\"f7c1d33\" data-element_type=\"widget\" data-widget_type=\"woocommerce-product-content.default\">\n<div class=\"elementor-widget-container\">\n<p>Technische Details &gt;&gt;\u00a0<img decoding=\"async\" class=\"alignnone wp-image-5600\" src=\"https:\/\/i0.wp.com\/grandboisweine.com\/wp-content\/uploads\/2025\/01\/Raisin-1-150x150.png?resize=5050&amp;ssl=1\" sizes=\"(max-width: 50px) 100vw, 50px\" srcset=\"\" alt=\"\" width=\"50\" height=\"50\" data-attachment-id=\"5600\" data-permalink=\"https:\/\/grandboisweine.com\/?attachment_id=5600\" data-orig-file=\"https:\/\/i0.wp.com\/grandboisweine.com\/wp-content\/uploads\/2025\/01\/Raisin-1.webp?fit=482%2C482&amp;ssl=1\" data-orig-size=\"482,482\" data-comments-opened=\"1\" data-image-meta=\"{&quot;aperture&quot;:&quot;0&quot;,&quot;credit&quot;:&quot;&quot;,&quot;camera&quot;:&quot;&quot;,&quot;caption&quot;:&quot;&quot;,&quot;created_timestamp&quot;:&quot;0&quot;,&quot;copyright&quot;:&quot;&quot;,&quot;focal_length&quot;:&quot;0&quot;,&quot;iso&quot;:&quot;0&quot;,&quot;shutter_speed&quot;:&quot;0&quot;,&quot;title&quot;:&quot;&quot;,&quot;orientation&quot;:&quot;0&quot;}\" data-image-title=\"Raisin\" data-image-description=\"\" data-image-caption=\"\" data-medium-file=\"https:\/\/i0.wp.com\/grandboisweine.com\/wp-content\/uploads\/2025\/01\/Raisin-1.webp?fit=300%2C300&amp;ssl=1\" data-large-file=\"https:\/\/i0.wp.com\/grandboisweine.com\/wp-content\/uploads\/2025\/01\/Raisin-1.webp?fit=482%2C482&amp;ssl=1\" data-recalc-dims=\"1\" data-srcset=\"\" \/><\/p>\n<\/div>\n<\/div>\n<div class=\"elementor-element elementor-element-4e83acf elementor-widget elementor-widget-woocommerce-product-additional-information\" data-id=\"4e83acf\" data-element_type=\"widget\" data-widget_type=\"woocommerce-product-additional-information.default\">\n<div class=\"elementor-widget-container\"><\/div>\n<\/div>","protected":false},"excerpt":{"rendered":"<p>Leichtf\u00fc\u00dfig, wild und voller Energie. Unsere Blackbird Cuv\u00e9e ist wie ihr Namensgeber: flink, lebendig und unm\u00f6glich zu \u00fcbersehen. Diese verspielte Mischung aus 50 % Satin Noir und 50 % Pinot Noir ist unsere Antwort auf den Wunsch nach einem Rotwein, der Tiefe besitzt, ohne schwerf\u00e4llig zu sein. Mit nur 9,5 % Alkohol ist er der [&hellip;]<\/p>\n","protected":false},"featured_media":6512,"template":"","meta":[],"product_brand":[],"product_cat":[1610],"product_tag":[1615,1616,1646,1647],"class_list":{"0":"post-6524","1":"product","2":"type-product","3":"status-publish","4":"has-post-thumbnail","6":"product_cat-rotwein","7":"product_tag-cuvee","8":"product_tag-pinot-noir","9":"product_tag-satin-noir","10":"product_tag-piwi","12":"first","13":"instock","14":"taxable","15":"shipping-taxable","16":"purchasable","17":"product-type-simple"},"group_of_quantity":0,"min_quantity":0,"max_quantity":"","exclude_order_quantity_value_rules":"no","exclude_category_quantity_rules":"no","combine_variations":"no","jetpack_sharing_enabled":true,"_links":{"self":[{"href":"https:\/\/grandboisweine.com\/en\/wp-json\/wp\/v2\/product\/6524","targetHints":{"allow":["GET"]}}],"collection":[{"href":"https:\/\/grandboisweine.com\/en\/wp-json\/wp\/v2\/product"}],"about":[{"href":"https:\/\/grandboisweine.com\/en\/wp-json\/wp\/v2\/types\/product"}],"version-history":[{"count":0,"href":"https:\/\/grandboisweine.com\/en\/wp-json\/wp\/v2\/product\/6524\/revisions"}],"wp:featuredmedia":[{"embeddable":true,"href":"https:\/\/grandboisweine.com\/en\/wp-json\/wp\/v2\/media\/6512"}],"wp:attachment":[{"href":"https:\/\/grandboisweine.com\/en\/wp-json\/wp\/v2\/media?parent=6524"}],"wp:term":[{"taxonomy":"product_brand","embeddable":true,"href":"https:\/\/grandboisweine.com\/en\/wp-json\/wp\/v2\/product_brand?post=6524"},{"taxonomy":"product_cat","embeddable":true,"href":"https:\/\/grandboisweine.com\/en\/wp-json\/wp\/v2\/product_cat?post=6524"},{"taxonomy":"product_tag","embeddable":true,"href":"https:\/\/grandboisweine.com\/en\/wp-json\/wp\/v2\/product_tag?post=6524"}],"curies":[{"name":"wp","href":"https:\/\/api.w.org\/{rel}","templated":true}]}}