{"id":5490,"date":"2025-01-09T11:45:03","date_gmt":"2025-01-09T10:45:03","guid":{"rendered":"https:\/\/grandboisweine.com\/?post_type=product&#038;p=5490"},"modified":"2026-03-26T10:45:21","modified_gmt":"2026-03-26T09:45:21","slug":"2023-kestrel-riesling-lh","status":"publish","type":"product","link":"https:\/\/grandboisweine.com\/en\/shop\/weisswein\/2023-kestrel-riesling-lh\/","title":{"rendered":"2023 Kestrel Riesling &#8222;Late Harvest&#8220;"},"content":{"rendered":"<p data-path-to-node=\"4\"><b data-path-to-node=\"4\" data-index-in-node=\"0\">Pr\u00e4zision aus der H\u00f6he. Die Seele der Sonnenuhr.<\/b><\/p>\n<p data-path-to-node=\"5\">Der <b data-path-to-node=\"5\" data-index-in-node=\"4\">Kestrel<\/b> (Turmfalke) schwebt \u00fcber unseren Reben in der <b data-path-to-node=\"5\" data-index-in-node=\"58\">Maringer sundial<\/b>, f\u00e4ngt die Jetstreams ein und beobachtet methodisch das Terroir. Genau diese Mischung aus k\u00fchler Erhabenheit und intensiver Beobachtung steckt in diesem Riesling. Eine <b data-path-to-node=\"5\" data-index-in-node=\"245\">Sp\u00e4tlese (Late Harvest)<\/b>, die das Beste aus einem langen, sonnigen Herbst einf\u00e4ngt \u2013 jedoch konsequent trocken ausgebaut.<\/p>\n<ul data-path-to-node=\"6\">\n<li>\n<p data-path-to-node=\"6,0,0\"><b data-path-to-node=\"6,0,0\" data-index-in-node=\"0\">The kick:<\/b> Durch die sp\u00e4te Ernte und einen Anteil von 15 % <b data-path-to-node=\"6,0,0\" data-index-in-node=\"58\">Botrytis<\/b> gewinnt der Wein eine enorme Tiefe und Komplexit\u00e4t. Reife gelbe Fr\u00fcchte treffen auf die k\u00fchle, salzige Mineralit\u00e4t der Schiefersteillage. Am Gaumen zeigt er Grip, Struktur und eine faszinierende L\u00e4nge.<\/p>\n<\/li>\n<li>\n<p data-path-to-node=\"6,1,0\"><b data-path-to-node=\"6,1,0\" data-index-in-node=\"0\">The craft:<\/b> Tradition trifft Natur. Langsame G\u00e4rung \u00fcber 30 Tage, gefolgt von <b data-path-to-node=\"6,1,0\" data-index-in-node=\"80\">6 Monaten Lagerung auf der Vollhefe<\/b> im neutralen <b data-path-to-node=\"6,1,0\" data-index-in-node=\"129\">1000-Liter-Fuderfass<\/b>. <b data-path-to-node=\"6,1,0\" data-index-in-node=\"151\">Unfiltered<\/b>, <b data-path-to-node=\"6,1,0\" data-index-in-node=\"164\">vegan<\/b> und mit minimaler Intervention gef\u00fcllt, um den unverf\u00e4lschten Ausdruck der Sonnenuhr zu bewahren.<\/p>\n<\/li>\n<li>\n<p data-path-to-node=\"6,2,0\"><b data-path-to-node=\"6,2,0\" data-index-in-node=\"0\">The vibe:<\/b> Ein aristokratischer Wein. Elegant, zeitlos und tief verwurzelt in der Landschaft der Mosel.<\/p>\n<\/li>\n<li>\n<p data-path-to-node=\"6,3,0\"><b data-path-to-node=\"6,3,0\" data-index-in-node=\"0\">Food Pairing:<\/b> Ein Wein, der nach &#8222;Elevated Home Cookery&#8220; verlangt. Hervorragend zu <b data-path-to-node=\"6,3,0\" data-index-in-node=\"83\">gebratenem Steinbutt mit Beurre Blanc<\/b>, <b data-path-to-node=\"6,3,0\" data-index-in-node=\"122\">w\u00fcrzigem thail\u00e4ndischem Papayasalat<\/b> (die Intensit\u00e4t h\u00e4lt stand!) oder einem <b data-path-to-node=\"6,3,0\" data-index-in-node=\"198\">altgereiften Bergk\u00e4se<\/b>.<\/p>\n<\/li>\n<\/ul>\n<p><a href=\"https:\/\/www.raisin.digital\/en\/artisans\/natural-winemakers\/tanja-philippe-grandbois\/grandboisweine\/wines\/whites\/kestrel-late-harvest-2023-263433\/\">Technische Details &gt;&gt;\u00a0<img decoding=\"async\" class=\"alignnone wp-image-5600\" src=\"https:\/\/i0.wp.com\/grandboisweine.com\/wp-content\/uploads\/2025\/01\/Raisin-1-150x150.png?resize=5050&amp;ssl=1\" sizes=\"(max-width: 50px) 100vw, 50px\" srcset=\"\" alt=\"\" width=\"50\" height=\"50\" data-recalc-dims=\"1\" data-attachment-id=\"5600\" data-permalink=\"https:\/\/grandboisweine.com\/?attachment_id=5600\" data-orig-file=\"https:\/\/i0.wp.com\/grandboisweine.com\/wp-content\/uploads\/2025\/01\/Raisin-1.webp?fit=482%2C482&amp;ssl=1\" data-orig-size=\"482,482\" data-comments-opened=\"1\" data-image-meta=\"{&quot;aperture&quot;:&quot;0&quot;,&quot;credit&quot;:&quot;&quot;,&quot;camera&quot;:&quot;&quot;,&quot;caption&quot;:&quot;&quot;,&quot;created_timestamp&quot;:&quot;0&quot;,&quot;copyright&quot;:&quot;&quot;,&quot;focal_length&quot;:&quot;0&quot;,&quot;iso&quot;:&quot;0&quot;,&quot;shutter_speed&quot;:&quot;0&quot;,&quot;title&quot;:&quot;&quot;,&quot;orientation&quot;:&quot;0&quot;}\" data-image-title=\"Raisin\" data-image-description=\"\" data-image-caption=\"\" data-medium-file=\"https:\/\/i0.wp.com\/grandboisweine.com\/wp-content\/uploads\/2025\/01\/Raisin-1.webp?fit=300%2C300&amp;ssl=1\" data-large-file=\"https:\/\/i0.wp.com\/grandboisweine.com\/wp-content\/uploads\/2025\/01\/Raisin-1.webp?fit=482%2C482&amp;ssl=1\" data-srcset=\"\" \/><\/a><\/p>","protected":false},"excerpt":{"rendered":"<p>Pr\u00e4zision aus der H\u00f6he. Die Seele der Sonnenuhr. Der Kestrel (Turmfalke) schwebt \u00fcber unseren Reben in der Maringer Sonnenuhr, f\u00e4ngt die Jetstreams ein und beobachtet methodisch das Terroir. Genau diese Mischung aus k\u00fchler Erhabenheit und intensiver Beobachtung steckt in diesem Riesling. Eine Sp\u00e4tlese (Late Harvest), die das Beste aus einem langen, sonnigen Herbst einf\u00e4ngt \u2013 [&hellip;]<\/p>\n","protected":false},"featured_media":6507,"template":"","meta":[],"product_brand":[],"product_cat":[1587],"product_tag":[1630,1631,1632,1563],"class_list":{"0":"post-5490","1":"product","2":"type-product","3":"status-publish","4":"has-post-thumbnail","6":"product_cat-weisswein","7":"product_tag-kestrel-falcon","8":"product_tag-kestrel-riesling","9":"product_tag-sundial","10":"product_tag-riesling","12":"first","13":"instock","14":"taxable","15":"shipping-taxable","16":"purchasable","17":"product-type-simple"},"group_of_quantity":0,"min_quantity":1,"max_quantity":"","exclude_order_quantity_value_rules":"no","exclude_category_quantity_rules":"no","combine_variations":"no","jetpack_sharing_enabled":true,"_links":{"self":[{"href":"https:\/\/grandboisweine.com\/en\/wp-json\/wp\/v2\/product\/5490","targetHints":{"allow":["GET"]}}],"collection":[{"href":"https:\/\/grandboisweine.com\/en\/wp-json\/wp\/v2\/product"}],"about":[{"href":"https:\/\/grandboisweine.com\/en\/wp-json\/wp\/v2\/types\/product"}],"version-history":[{"count":3,"href":"https:\/\/grandboisweine.com\/en\/wp-json\/wp\/v2\/product\/5490\/revisions"}],"predecessor-version":[{"id":7481,"href":"https:\/\/grandboisweine.com\/en\/wp-json\/wp\/v2\/product\/5490\/revisions\/7481"}],"wp:featuredmedia":[{"embeddable":true,"href":"https:\/\/grandboisweine.com\/en\/wp-json\/wp\/v2\/media\/6507"}],"wp:attachment":[{"href":"https:\/\/grandboisweine.com\/en\/wp-json\/wp\/v2\/media?parent=5490"}],"wp:term":[{"taxonomy":"product_brand","embeddable":true,"href":"https:\/\/grandboisweine.com\/en\/wp-json\/wp\/v2\/product_brand?post=5490"},{"taxonomy":"product_cat","embeddable":true,"href":"https:\/\/grandboisweine.com\/en\/wp-json\/wp\/v2\/product_cat?post=5490"},{"taxonomy":"product_tag","embeddable":true,"href":"https:\/\/grandboisweine.com\/en\/wp-json\/wp\/v2\/product_tag?post=5490"}],"curies":[{"name":"wp","href":"https:\/\/api.w.org\/{rel}","templated":true}]}}