{"id":5433,"date":"2025-01-08T13:37:03","date_gmt":"2025-01-08T12:37:03","guid":{"rendered":"https:\/\/grandboisweine.com\/?post_type=product&#038;p=5433"},"modified":"2025-05-18T17:28:59","modified_gmt":"2025-05-18T15:28:59","slug":"2023-heart-pinot-noir-saignee-m","status":"publish","type":"product","link":"https:\/\/grandboisweine.com\/en\/shop\/petnat\/2023-heart-pinot-noir-saignee-m\/","title":{"rendered":"2023 Heart Pinot Noir Saign\u00e9e \u201eM\u201c"},"content":{"rendered":"<p>Here we have the ros\u00e9 wine from the Maringer Sonnenuhr plot of land near our house blown. The intention with all of our Petnaten is to capture an honest, unadulterated version of the wine, with a little bubble for playfulness.<\/p>\n<p>We are proud to present our Heart Series wines, inspired by our daughter's journey with a congenital heart defect. Her resilience and vitality are reflected in these young, vibrant wines, all of which are lively and full of character. This collection showcases the diverse expressions of Mosel Pinot Noir and reflects the power and spirit of our family's experiences.<\/p>\n<p>Our daughter's journey is an example of the advances in modern medicine that enable people with congenital heart defects to thrive. Her strength and vitality inspire us daily, and we want to capture that spirit in every bottle of the Heart Series.<\/p>\n<p>By exploring the different expressions of Mosel Pinot Noir, we celebrate not only the versatility of this noble grape variety but also the resilience and determination that characterize our family's history.<\/p>\n<p><a href=\"https:\/\/www.raisin.digital\/en\/artisans\/natural-winemakers\/tanja-philippe-grandbois\/grandboisweine\/wines\/sparklings\/rose-saignee-2023-263429\/\">Technische Details &gt;&gt;\u00a0<img decoding=\"async\" class=\"alignnone wp-image-5600\" src=\"https:\/\/i0.wp.com\/grandboisweine.com\/wp-content\/uploads\/2025\/01\/Raisin-1-150x150.png?resize=5050&amp;ssl=1\" sizes=\"(max-width: 50px) 100vw, 50px\" srcset=\"\" alt=\"\" width=\"50\" height=\"50\" data-attachment-id=\"5600\" data-permalink=\"https:\/\/grandboisweine.com\/?attachment_id=5600\" data-orig-file=\"https:\/\/i0.wp.com\/grandboisweine.com\/wp-content\/uploads\/2025\/01\/Raisin-1.webp?fit=482%2C482&amp;ssl=1\" data-orig-size=\"482,482\" data-comments-opened=\"1\" data-image-meta=\"{&quot;aperture&quot;:&quot;0&quot;,&quot;credit&quot;:&quot;&quot;,&quot;camera&quot;:&quot;&quot;,&quot;caption&quot;:&quot;&quot;,&quot;created_timestamp&quot;:&quot;0&quot;,&quot;copyright&quot;:&quot;&quot;,&quot;focal_length&quot;:&quot;0&quot;,&quot;iso&quot;:&quot;0&quot;,&quot;shutter_speed&quot;:&quot;0&quot;,&quot;title&quot;:&quot;&quot;,&quot;orientation&quot;:&quot;0&quot;}\" data-image-title=\"Raisin\" data-image-description=\"\" data-image-caption=\"\" data-medium-file=\"https:\/\/i0.wp.com\/grandboisweine.com\/wp-content\/uploads\/2025\/01\/Raisin-1.webp?fit=300%2C300&amp;ssl=1\" data-large-file=\"https:\/\/i0.wp.com\/grandboisweine.com\/wp-content\/uploads\/2025\/01\/Raisin-1.webp?fit=482%2C482&amp;ssl=1\" data-recalc-dims=\"1\" data-srcset=\"\" \/><\/a><\/p>","protected":false},"excerpt":{"rendered":"<p>Hier haben wir den Ros\u00e9wein aus der Maringer Sonnenuhr-Parzelle in der N\u00e4he unseres Hauses geblasen. Die Absicht bei all unseren Petnaten ist es, eine ehrliche, unverf\u00e4lschte Version des Weins einzufangen, mit ein wenig Blase f\u00fcr Verspieltheit. Wir stellen unsere Weine der Heart Series vor, inspiriert durch den Weg unserer Tochter mit angeborenem Herzfehler. Ihre Unverw\u00fcstlichkeit [&hellip;]<\/p>\n","protected":false},"featured_media":5355,"template":"","meta":[],"product_brand":[],"product_cat":[1543,1611],"product_tag":[1614,1616,1544,1585],"class_list":{"0":"post-5433","1":"product","2":"type-product","3":"status-publish","4":"has-post-thumbnail","6":"product_cat-petnat","7":"product_cat-rosewein","8":"product_tag-rose","9":"product_tag-pinot-noir","10":"product_tag-petnat","11":"product_tag-mosel","13":"first","14":"instock","15":"taxable","16":"shipping-taxable","17":"purchasable","18":"product-type-simple"},"group_of_quantity":0,"min_quantity":1,"max_quantity":"","exclude_order_quantity_value_rules":"no","exclude_category_quantity_rules":"no","combine_variations":"no","jetpack_sharing_enabled":true,"_links":{"self":[{"href":"https:\/\/grandboisweine.com\/en\/wp-json\/wp\/v2\/product\/5433","targetHints":{"allow":["GET"]}}],"collection":[{"href":"https:\/\/grandboisweine.com\/en\/wp-json\/wp\/v2\/product"}],"about":[{"href":"https:\/\/grandboisweine.com\/en\/wp-json\/wp\/v2\/types\/product"}],"version-history":[{"count":0,"href":"https:\/\/grandboisweine.com\/en\/wp-json\/wp\/v2\/product\/5433\/revisions"}],"wp:featuredmedia":[{"embeddable":true,"href":"https:\/\/grandboisweine.com\/en\/wp-json\/wp\/v2\/media\/5355"}],"wp:attachment":[{"href":"https:\/\/grandboisweine.com\/en\/wp-json\/wp\/v2\/media?parent=5433"}],"wp:term":[{"taxonomy":"product_brand","embeddable":true,"href":"https:\/\/grandboisweine.com\/en\/wp-json\/wp\/v2\/product_brand?post=5433"},{"taxonomy":"product_cat","embeddable":true,"href":"https:\/\/grandboisweine.com\/en\/wp-json\/wp\/v2\/product_cat?post=5433"},{"taxonomy":"product_tag","embeddable":true,"href":"https:\/\/grandboisweine.com\/en\/wp-json\/wp\/v2\/product_tag?post=5433"}],"curies":[{"name":"wp","href":"https:\/\/api.w.org\/{rel}","templated":true}]}}