{"id":5374,"date":"2025-01-07T21:13:38","date_gmt":"2025-01-07T20:13:38","guid":{"rendered":"https:\/\/grandboisweine.com\/?post_type=product&#038;p=5374"},"modified":"2025-11-05T14:19:21","modified_gmt":"2025-11-05T13:19:21","slug":"velo-bitter-aperitif-liqueur-500ml","status":"publish","type":"product","link":"https:\/\/grandboisweine.com\/en\/shop\/aperitif\/velo-bitter-aperitif-liqueur-500ml\/","title":{"rendered":"V\u00c9LO Bitter Ap\u00e9ritif Liqueur"},"content":{"rendered":"<p>For the brave who long for balance \u2013 because contrast is not chaos, but art. We challenged ourselves to create a completely honest and additive-free option for your spritzer.<\/p>\n<p>Cold-pressed grapefruit juice is blended with 26 aromatic botanicals, Pinot Noir ros\u00e9 and a hint of raw sugar. Naturally coloured with dried rose petals.<\/p>","protected":false},"excerpt":{"rendered":"<p>F\u00fcr die Mutigen, die sich nach Ausgewogenheit sehnen &#8211; denn Kontrast ist kein Chaos, sondern Kunst. Wir haben uns selbst herausgefordert, eine v\u00f6llig ehrliche und zusatzstofffreie Option f\u00fcr Ihren Spritz zu kreieren. Kaltgepresster Grapefruitsaft vermischt sich mit 26 aromatischen Botanicals, Pinot Noir Ros\u00e9 und einem Hauch von Rohzucker. Nat\u00fcrlich gef\u00e4rbt mit getrockneten Rosenbl\u00e4ttern.<\/p>","protected":false},"featured_media":5353,"template":"","meta":[],"product_brand":[],"product_cat":[1527],"product_tag":[1582,1583,1584,1585],"class_list":{"0":"post-5374","1":"product","2":"type-product","3":"status-publish","4":"has-post-thumbnail","6":"product_cat-aperitif","7":"product_tag-bitteraperitif","8":"product_tag-amaro","9":"product_tag-velobitter","10":"product_tag-mosel","12":"first","13":"outofstock","14":"taxable","15":"shipping-taxable","16":"purchasable","17":"product-type-simple"},"group_of_quantity":0,"min_quantity":1,"max_quantity":6,"exclude_order_quantity_value_rules":"no","exclude_category_quantity_rules":"no","combine_variations":"no","jetpack_sharing_enabled":true,"_links":{"self":[{"href":"https:\/\/grandboisweine.com\/en\/wp-json\/wp\/v2\/product\/5374","targetHints":{"allow":["GET"]}}],"collection":[{"href":"https:\/\/grandboisweine.com\/en\/wp-json\/wp\/v2\/product"}],"about":[{"href":"https:\/\/grandboisweine.com\/en\/wp-json\/wp\/v2\/types\/product"}],"version-history":[{"count":0,"href":"https:\/\/grandboisweine.com\/en\/wp-json\/wp\/v2\/product\/5374\/revisions"}],"wp:featuredmedia":[{"embeddable":true,"href":"https:\/\/grandboisweine.com\/en\/wp-json\/wp\/v2\/media\/5353"}],"wp:attachment":[{"href":"https:\/\/grandboisweine.com\/en\/wp-json\/wp\/v2\/media?parent=5374"}],"wp:term":[{"taxonomy":"product_brand","embeddable":true,"href":"https:\/\/grandboisweine.com\/en\/wp-json\/wp\/v2\/product_brand?post=5374"},{"taxonomy":"product_cat","embeddable":true,"href":"https:\/\/grandboisweine.com\/en\/wp-json\/wp\/v2\/product_cat?post=5374"},{"taxonomy":"product_tag","embeddable":true,"href":"https:\/\/grandboisweine.com\/en\/wp-json\/wp\/v2\/product_tag?post=5374"}],"curies":[{"name":"wp","href":"https:\/\/api.w.org\/{rel}","templated":true}]}}