{"id":7306,"date":"2026-03-02T09:58:02","date_gmt":"2026-03-02T08:58:02","guid":{"rendered":"https:\/\/grandboisweine.com\/?page_id=7306"},"modified":"2026-03-19T20:52:18","modified_gmt":"2026-03-19T19:52:18","slug":"solawi","status":"publish","type":"page","link":"https:\/\/grandboisweine.com\/en\/solawi\/","title":{"rendered":"SOLAWI"},"content":{"rendered":"<div data-elementor-type=\"wp-page\" data-elementor-id=\"7306\" class=\"elementor elementor-7306\" data-elementor-post-type=\"page\">\n\t\t\t\t<div class=\"elementor-element elementor-element-2697b6d e-flex e-con-boxed e-con e-parent\" data-id=\"2697b6d\" data-element_type=\"container\" data-e-type=\"container\">\n\t\t\t\t\t<div class=\"e-con-inner\">\n\t\t\t\t<div class=\"elementor-element elementor-element-913ccd0 elementor-widget-divider--view-line elementor-widget elementor-widget-divider\" data-id=\"913ccd0\" data-element_type=\"widget\" data-e-type=\"widget\" data-widget_type=\"divider.default\">\n\t\t\t\t<div class=\"elementor-widget-container\">\n\t\t\t\t\t\t\t<div class=\"elementor-divider\">\n\t\t\t<span class=\"elementor-divider-separator\">\n\t\t\t\t\t\t<\/span>\n\t\t<\/div>\n\t\t\t\t\t\t<\/div>\n\t\t\t\t<\/div>\n\t\t\t\t<div class=\"elementor-element elementor-element-ce7dffc elementor-widget elementor-widget-heading\" data-id=\"ce7dffc\" data-element_type=\"widget\" data-e-type=\"widget\" data-widget_type=\"heading.default\">\n\t\t\t\t<div class=\"elementor-widget-container\">\n\t\t\t\t\t<h1 class=\"elementor-heading-title elementor-size-default\">So you want to get involved in making wine?<\/h1>\t\t\t\t<\/div>\n\t\t\t\t<\/div>\n\t\t\t\t<div class=\"elementor-element elementor-element-3b2eae3 elementor-widget-divider--view-line elementor-widget elementor-widget-divider\" data-id=\"3b2eae3\" data-element_type=\"widget\" data-e-type=\"widget\" data-widget_type=\"divider.default\">\n\t\t\t\t<div class=\"elementor-widget-container\">\n\t\t\t\t\t\t\t<div class=\"elementor-divider\">\n\t\t\t<span class=\"elementor-divider-separator\">\n\t\t\t\t\t\t<\/span>\n\t\t<\/div>\n\t\t\t\t\t\t<\/div>\n\t\t\t\t<\/div>\n\t\t\t\t\t<\/div>\n\t\t\t\t<\/div>\n\t\t<div class=\"elementor-element elementor-element-551d1cb e-flex e-con-boxed e-con e-parent\" data-id=\"551d1cb\" data-element_type=\"container\" data-e-type=\"container\">\n\t\t\t\t\t<div class=\"e-con-inner\">\n\t\t\t\t<div class=\"elementor-element elementor-element-56baa1c elementor-widget elementor-widget-heading\" data-id=\"56baa1c\" data-element_type=\"widget\" data-e-type=\"widget\" data-widget_type=\"heading.default\">\n\t\t\t\t<div class=\"elementor-widget-container\">\n\t\t\t\t\t<h2 class=\"elementor-heading-title elementor-size-default\">SoLaWino 2.0: The Principle<\/h2>\t\t\t\t<\/div>\n\t\t\t\t<\/div>\n\t\t\t\t<div class=\"elementor-element elementor-element-bc6042a elementor-widget elementor-widget-text-editor\" data-id=\"bc6042a\" data-element_type=\"widget\" data-e-type=\"widget\" data-widget_type=\"text-editor.default\">\n\t\t\t\t<div class=\"elementor-widget-container\">\n\t\t\t\t\t\t\t\t\t<p>SoLaWino stands for Community-Supported Agriculture in Viticulture \u2013 the first community-supported wine project on the Moselle.\u00a0<\/p><p>\u00a0Great wine comes not only from the soil, but also from the community. Jan-Philipp founded SoLaWino to invite people to come to the vineyards and experience the authentic, beautiful reality of farming on the Moselle. Now, as a family, we have merged our vineyards and cellars to further develop this vision. We are leaving traditional consumption behind and focusing entirely on collaboration. This is our promise: to share the land, the work and the harvest.<\/p><h2><strong>We share an ecosystem:<\/strong><\/h2><p><span style=\"font-weight: 400;\">Roots &amp; Stars. To have a healthy vineyard, you need the perfect balance between earth and sky. We bring together two distinct energies from agriculture and winemaking within a shared ecosystem:<\/span><\/p><h3>The roots:<\/h3><p>Tanja &amp; Philippe Grandbois (us) provide the gravity. Our farming is all about living soil; we work alongside our sheep on the steep Moselle slate soils and nurture the deep roots of the vines and the land..<\/p><h3>The Stars:<\/h3><p>Jan-Philipp brings a fresh dynamic to the table. He approaches the vineyard and the cellar with a wild, nomadic and cosmic energy. Because we share the same soil, we discover the full spectrum of wine together. From nature\u2019s deeply rooted expressions to the wildly experimental energy of the cosmos.<\/p><h2>We share our trust: family in the vineyards.<\/h2><p><span style=\"font-weight: 400;\">Farming the steep slopes of the Moselle is unpredictable, and to manage this together, you need genuine trust. We have built this partnership on the strongest foundation we have: family. Jan-Philipp is the godfather of our first son. The deep trust we share at our own dining table carries directly over to the vineyard. The solidarity we have as a family is exactly what we need to share and expand our farming community.<\/span><\/p><h2><b>From consumer to co-creator.<\/b><\/h2><p>We want our community to join us in experiencing the varied and authentic life cycles of a vintage time and again. We invite our members to explore the vineyards with us through hands-on workshops. Whether it\u2019s winter pruning, tending the vines or the ultimate thrill of the harvest \u2013 we work the land together. The ultimate reward for working together in the field is not just a bottle of wine, but sharing the harvest. When we open a bottle of SoLaWino wine, we taste not only the Moselle, but also the season, the weather we have experienced together, and the community that made this possible.<\/p>\t\t\t\t\t\t\t\t<\/div>\n\t\t\t\t<\/div>\n\t\t\t\t<div class=\"elementor-element elementor-element-d2c926a elementor-widget-mobile__width-inherit elementor-widget elementor-widget-image\" data-id=\"d2c926a\" data-element_type=\"widget\" data-e-type=\"widget\" data-widget_type=\"image.default\">\n\t\t\t\t<div class=\"elementor-widget-container\">\n\t\t\t\t\t\t\t\t\t\t\t\t\t\t\t<img fetchpriority=\"high\" decoding=\"async\" width=\"2048\" height=\"1152\" src=\"https:\/\/i0.wp.com\/grandboisweine.com\/wp-content\/uploads\/2026\/01\/GrandboisWeineWide.webp?fit=2048%2C1152&amp;ssl=1\" class=\"attachment-full size-full wp-image-6978\" alt=\"\" srcset=\"\" sizes=\"(max-width: 1280px) 100vw, 1280px\" data-srcset=\"\" \/>\t\t\t\t\t\t\t\t\t\t\t\t\t\t\t<\/div>\n\t\t\t\t<\/div>\n\t\t\t\t<div class=\"elementor-element elementor-element-8c9460b elementor-widget elementor-widget-text-editor\" data-id=\"8c9460b\" data-element_type=\"widget\" data-e-type=\"widget\" data-widget_type=\"text-editor.default\">\n\t\t\t\t<div class=\"elementor-widget-container\">\n\t\t\t\t\t\t\t\t\t<p>Our beautiful Maring-Noviand<\/p>\t\t\t\t\t\t\t\t<\/div>\n\t\t\t\t<\/div>\n\t\t\t\t<div class=\"elementor-element elementor-element-737660a elementor-widget-divider--view-line elementor-widget elementor-widget-divider\" data-id=\"737660a\" data-element_type=\"widget\" data-e-type=\"widget\" data-widget_type=\"divider.default\">\n\t\t\t\t<div class=\"elementor-widget-container\">\n\t\t\t\t\t\t\t<div class=\"elementor-divider\">\n\t\t\t<span class=\"elementor-divider-separator\">\n\t\t\t\t\t\t<\/span>\n\t\t<\/div>\n\t\t\t\t\t\t<\/div>\n\t\t\t\t<\/div>\n\t\t\t\t<div class=\"elementor-element elementor-element-6bb22d0 elementor-widget elementor-widget-heading\" data-id=\"6bb22d0\" data-element_type=\"widget\" data-e-type=\"widget\" data-widget_type=\"heading.default\">\n\t\t\t\t<div class=\"elementor-widget-container\">\n\t\t\t\t\t<h1 class=\"elementor-heading-title elementor-size-default\">Annual tasks and schedules to bear in mind.<\/h1>\t\t\t\t<\/div>\n\t\t\t\t<\/div>\n\t\t\t\t<div class=\"elementor-element elementor-element-9a54800 elementor-widget elementor-widget-image\" data-id=\"9a54800\" data-element_type=\"widget\" data-e-type=\"widget\" data-widget_type=\"image.default\">\n\t\t\t\t<div class=\"elementor-widget-container\">\n\t\t\t\t\t\t\t\t\t\t\t\t\t\t\t\t<a href=\"https:\/\/grandboisweine.com\/wp-content\/uploads\/2026\/03\/Code_Generated_Image-7.png\" data-elementor-open-lightbox=\"yes\" data-elementor-lightbox-title=\"Annual plan\" data-e-action-hash=\"#elementor-action%3Aaction%3Dlightbox%26settings%3DeyJpZCI6NzMzNywidXJsIjoiaHR0cHM6XC9cL2dyYW5kYm9pc3dlaW5lLmNvbVwvd3AtY29udGVudFwvdXBsb2Fkc1wvMjAyNlwvMDNcL0NvZGVfR2VuZXJhdGVkX0ltYWdlLTIucG5nIn0%3D\">\n\t\t\t\t\t\t\t<img decoding=\"async\" width=\"1600\" height=\"693\" src=\"https:\/\/grandboisweine.com\/wp-content\/uploads\/2026\/03\/Code_Generated_Image-7.png\" class=\"attachment-full size-full wp-image-7337\" alt=\"\" srcset=\"https:\/\/i0.wp.com\/grandboisweine.com\/wp-content\/uploads\/2026\/03\/Code_Generated_Image-7.png?w=1600&ssl=1 1600w, https:\/\/i0.wp.com\/grandboisweine.com\/wp-content\/uploads\/2026\/03\/Code_Generated_Image-7.png?resize=300%2C130&ssl=1 300w, https:\/\/i0.wp.com\/grandboisweine.com\/wp-content\/uploads\/2026\/03\/Code_Generated_Image-7.png?resize=1024%2C444&ssl=1 1024w, https:\/\/i0.wp.com\/grandboisweine.com\/wp-content\/uploads\/2026\/03\/Code_Generated_Image-7.png?resize=768%2C333&ssl=1 768w, https:\/\/i0.wp.com\/grandboisweine.com\/wp-content\/uploads\/2026\/03\/Code_Generated_Image-7.png?resize=1536%2C665&ssl=1 1536w, https:\/\/i0.wp.com\/grandboisweine.com\/wp-content\/uploads\/2026\/03\/Code_Generated_Image-7.png?resize=18%2C8&ssl=1 18w, https:\/\/i0.wp.com\/grandboisweine.com\/wp-content\/uploads\/2026\/03\/Code_Generated_Image-7.png?resize=600%2C260&ssl=1 600w\" sizes=\"(max-width: 1280px) 100vw, 1280px\" \/>\t\t\t\t\t\t\t\t<\/a>\n\t\t\t\t\t\t\t\t\t\t\t\t\t\t\t<\/div>\n\t\t\t\t<\/div>\n\t\t\t\t<div class=\"elementor-element elementor-element-75c9a25 elementor-widget-divider--view-line elementor-widget elementor-widget-divider\" data-id=\"75c9a25\" data-element_type=\"widget\" data-e-type=\"widget\" data-widget_type=\"divider.default\">\n\t\t\t\t<div class=\"elementor-widget-container\">\n\t\t\t\t\t\t\t<div class=\"elementor-divider\">\n\t\t\t<span class=\"elementor-divider-separator\">\n\t\t\t\t\t\t<\/span>\n\t\t<\/div>\n\t\t\t\t\t\t<\/div>\n\t\t\t\t<\/div>\n\t\t\t\t<div class=\"elementor-element elementor-element-6d07e62 elementor-widget elementor-widget-image\" data-id=\"6d07e62\" data-element_type=\"widget\" data-e-type=\"widget\" data-widget_type=\"image.default\">\n\t\t\t\t<div class=\"elementor-widget-container\">\n\t\t\t\t\t\t\t\t\t\t\t\t\t\t\t<img decoding=\"async\" width=\"1600\" height=\"1200\" src=\"https:\/\/i0.wp.com\/grandboisweine.com\/wp-content\/uploads\/2026\/01\/GrandboisWeineFamily.webp?fit=1600%2C1200&amp;ssl=1\" class=\"attachment-full size-full wp-image-6981\" alt=\"\" srcset=\"\" sizes=\"(max-width: 1280px) 100vw, 1280px\" data-srcset=\"\" \/>\t\t\t\t\t\t\t\t\t\t\t\t\t\t\t<\/div>\n\t\t\t\t<\/div>\n\t\t\t\t<div class=\"elementor-element elementor-element-d4873ce elementor-widget-divider--view-line elementor-widget elementor-widget-divider\" data-id=\"d4873ce\" data-element_type=\"widget\" data-e-type=\"widget\" data-widget_type=\"divider.default\">\n\t\t\t\t<div class=\"elementor-widget-container\">\n\t\t\t\t\t\t\t<div class=\"elementor-divider\">\n\t\t\t<span class=\"elementor-divider-separator\">\n\t\t\t\t\t\t<\/span>\n\t\t<\/div>\n\t\t\t\t\t\t<\/div>\n\t\t\t\t<\/div>\n\t\t\t\t<div class=\"elementor-element elementor-element-46e6cf4 elementor-widget elementor-widget-heading\" data-id=\"46e6cf4\" data-element_type=\"widget\" data-e-type=\"widget\" data-widget_type=\"heading.default\">\n\t\t\t\t<div class=\"elementor-widget-container\">\n\t\t\t\t\t<h1 class=\"elementor-heading-title elementor-size-default\">The pricing model <\/h1>\t\t\t\t<\/div>\n\t\t\t\t<\/div>\n\t\t\t\t<div class=\"elementor-element elementor-element-d42a277 elementor-widget elementor-widget-image\" data-id=\"d42a277\" data-element_type=\"widget\" data-e-type=\"widget\" data-widget_type=\"image.default\">\n\t\t\t\t<div class=\"elementor-widget-container\">\n\t\t\t\t\t\t\t\t\t\t\t\t\t\t\t\t<a href=\"https:\/\/grandboisweine.com\/wp-content\/uploads\/2026\/03\/SoLaWino_2026_Konzept_v4_DE-en-US.pdf\">\n\t\t\t\t\t\t\t<img loading=\"lazy\" decoding=\"async\" width=\"150\" height=\"150\" src=\"https:\/\/i0.wp.com\/grandboisweine.com\/wp-content\/uploads\/2026\/03\/pdf-file-format-symbol.png?resize=150%2C150&amp;ssl=1\" class=\"attachment-thumbnail size-thumbnail wp-image-7438\" alt=\"\" srcset=\"\" sizes=\"(max-width: 150px) 100vw, 150px\" data-srcset=\"\" \/>\t\t\t\t\t\t\t\t<\/a>\n\t\t\t\t\t\t\t\t\t\t\t\t\t\t\t<\/div>\n\t\t\t\t<\/div>\n\t\t\t\t<div class=\"elementor-element elementor-element-52811c5 elementor-widget-divider--view-line elementor-widget elementor-widget-divider\" data-id=\"52811c5\" data-element_type=\"widget\" data-e-type=\"widget\" data-widget_type=\"divider.default\">\n\t\t\t\t<div class=\"elementor-widget-container\">\n\t\t\t\t\t\t\t<div class=\"elementor-divider\">\n\t\t\t<span class=\"elementor-divider-separator\">\n\t\t\t\t\t\t<\/span>\n\t\t<\/div>\n\t\t\t\t\t\t<\/div>\n\t\t\t\t<\/div>\n\t\t\t\t<div class=\"elementor-element elementor-element-c411bf5 elementor-widget elementor-widget-heading\" data-id=\"c411bf5\" data-element_type=\"widget\" data-e-type=\"widget\" data-widget_type=\"heading.default\">\n\t\t\t\t<div class=\"elementor-widget-container\">\n\t\t\t\t\t<h3 class=\"elementor-heading-title elementor-size-default\">If you\u2019re interested in joining our SoLaWi Club, please fill in the form below in your preferred language.<\/h3>\t\t\t\t<\/div>\n\t\t\t\t<\/div>\n\t\t\t\t<div class=\"elementor-element elementor-element-055dc02 elementor-widget elementor-widget-text-editor\" data-id=\"055dc02\" data-element_type=\"widget\" data-e-type=\"widget\" data-widget_type=\"text-editor.default\">\n\t\t\t\t<div class=\"elementor-widget-container\">\n\t\t\t\t\t\t\t\t\t<p>\ud83c\udde9\ud83c\uddea &gt;&gt;<a href=\"https:\/\/forms.gle\/Nc6sVKnL8HZ5BUqf7\">https:\/\/forms.gle\/Nc6sVKnL8HZ5BUqf7<\/a><\/p><p>\ud83c\udde8\ud83c\udde6 &gt;&gt;<a href=\"https:\/\/forms.gle\/kE77tE1iXFSsduga6\">https:\/\/forms.gle\/kE77tE1iXFSsduga6<\/a><\/p><p>\ud83c\uddeb\ud83c\uddf7 &gt;&gt;<a href=\"https:\/\/forms.gle\/L6y4u5UMhefo9Tiu8\">https:\/\/forms.gle\/L6y4u5UMhefo9Tiu8<\/a><\/p>\t\t\t\t\t\t\t\t<\/div>\n\t\t\t\t<\/div>\n\t\t\t\t<div class=\"elementor-element elementor-element-8f4d4ed elementor-widget-divider--view-line elementor-widget elementor-widget-divider\" data-id=\"8f4d4ed\" data-element_type=\"widget\" data-e-type=\"widget\" data-widget_type=\"divider.default\">\n\t\t\t\t<div class=\"elementor-widget-container\">\n\t\t\t\t\t\t\t<div class=\"elementor-divider\">\n\t\t\t<span class=\"elementor-divider-separator\">\n\t\t\t\t\t\t<\/span>\n\t\t<\/div>\n\t\t\t\t\t\t<\/div>\n\t\t\t\t<\/div>\n\t\t\t\t\t<\/div>\n\t\t\t\t<\/div>\n\t\t\t\t<\/div>","protected":false},"excerpt":{"rendered":"<p>Du willst also Wein (mit)machen? &lt;h2&gt;SoLaWino 2.0: Der Grundsatz&lt;\/h2&gt; SoLaWino steht f\u00fcr Solidarische Landwirtschaft im Weinbau \u2013 das erste gemeinschaftlich getragene Weinprojekt an der Mosel.\u00a0 \u00a0Guter Wein kommt nicht nur aus dem Boden, sondern auch aus der Gemeinschaft. Jan-Philipp hat SoLaWino gegr\u00fcndet, um Leute einzuladen, in die Weinberge zu kommen und die echte, sch\u00f6ne Realit\u00e4t [&hellip;]<\/p>\n","protected":false},"author":17433329,"featured_media":0,"parent":0,"menu_order":0,"comment_status":"closed","ping_status":"closed","template":"elementor_header_footer","meta":{"footnotes":""},"class_list":["post-7306","page","type-page","status-publish","hentry"],"jetpack_shortlink":"https:\/\/wp.me\/PcLwpy-1TQ","jetpack_sharing_enabled":true,"_links":{"self":[{"href":"https:\/\/grandboisweine.com\/en\/wp-json\/wp\/v2\/pages\/7306","targetHints":{"allow":["GET"]}}],"collection":[{"href":"https:\/\/grandboisweine.com\/en\/wp-json\/wp\/v2\/pages"}],"about":[{"href":"https:\/\/grandboisweine.com\/en\/wp-json\/wp\/v2\/types\/page"}],"author":[{"embeddable":true,"href":"https:\/\/grandboisweine.com\/en\/wp-json\/wp\/v2\/users\/17433329"}],"replies":[{"embeddable":true,"href":"https:\/\/grandboisweine.com\/en\/wp-json\/wp\/v2\/comments?post=7306"}],"version-history":[{"count":65,"href":"https:\/\/grandboisweine.com\/en\/wp-json\/wp\/v2\/pages\/7306\/revisions"}],"predecessor-version":[{"id":7456,"href":"https:\/\/grandboisweine.com\/en\/wp-json\/wp\/v2\/pages\/7306\/revisions\/7456"}],"wp:attachment":[{"href":"https:\/\/grandboisweine.com\/en\/wp-json\/wp\/v2\/media?parent=7306"}],"curies":[{"name":"wp","href":"https:\/\/api.w.org\/{rel}","templated":true}]}}