{"id":1188,"date":"2021-10-13T17:54:28","date_gmt":"2021-10-13T15:54:28","guid":{"rendered":"https:\/\/grandboisweine.com\/?page_id=1188"},"modified":"2023-07-29T11:46:02","modified_gmt":"2023-07-29T09:46:02","slug":"agb","status":"publish","type":"page","link":"https:\/\/grandboisweine.com\/en\/agb\/","title":{"rendered":"AGB"},"content":{"rendered":"<div data-elementor-type=\"wp-page\" data-elementor-id=\"1188\" class=\"elementor elementor-1188\" data-elementor-post-type=\"page\">\n\t\t\t\t\t\t<section class=\"elementor-section elementor-top-section elementor-element elementor-element-c1ff90a elementor-section-boxed elementor-section-height-default elementor-section-height-default\" data-id=\"c1ff90a\" data-element_type=\"section\" data-e-type=\"section\">\n\t\t\t\t\t\t<div class=\"elementor-container elementor-column-gap-default\">\n\t\t\t\t\t<div class=\"elementor-column elementor-col-100 elementor-top-column elementor-element elementor-element-f2da65b\" data-id=\"f2da65b\" data-element_type=\"column\" data-e-type=\"column\">\n\t\t\t<div class=\"elementor-widget-wrap elementor-element-populated\">\n\t\t\t\t\t\t<div class=\"elementor-element elementor-element-55d41aa elementor-widget elementor-widget-heading\" data-id=\"55d41aa\" data-element_type=\"widget\" data-e-type=\"widget\" data-widget_type=\"heading.default\">\n\t\t\t\t<div class=\"elementor-widget-container\">\n\t\t\t\t\t<h2 class=\"elementor-heading-title elementor-size-default\">AGB<\/h2>\t\t\t\t<\/div>\n\t\t\t\t<\/div>\n\t\t\t\t<div class=\"elementor-element elementor-element-c49b14d elementor-widget elementor-widget-text-editor\" data-id=\"c49b14d\" data-element_type=\"widget\" data-e-type=\"widget\" data-widget_type=\"text-editor.default\">\n\t\t\t\t<div class=\"elementor-widget-container\">\n\t\t\t\t\t\t\t\t\t<h3>General Terms and Conditions<\/h3>\n<h4>1. scope of application<\/h4>\nThe following terms and conditions apply to all orders placed via our online store. Our online store is aimed exclusively at consumers.\n\nA consumer is any natural person who enters into a legal transaction for purposes that are predominantly outside their trade, business or profession. An entrepreneur is a natural or legal person or a partnership with legal capacity which, when concluding a legal transaction, is acting in the exercise of its commercial or independent professional activity.\n<h4>2 Contractual partner, conclusion of contract<\/h4>\nThe purchase contract is concluded with Grandbois Consulting &amp; Weine.\n\nThe presentation of the products in the online store does not constitute a legally binding offer, but a non-binding online catalog. You can initially place our products in the shopping cart without obligation and correct your entries at any time before sending your binding order by using the correction aids provided and explained in the order process. By clicking on the order button, you place a binding order for the goods contained in the shopping cart. Confirmation of receipt of your order will be sent by e-mail immediately after the order has been sent.\n\nWhen the contract with us is concluded depends on the payment method you have selected:\n\nInvoice\n\nWe accept your order by sending a declaration of acceptance in a separate e-mail or by delivering the goods within two days.\n<h4>3. contract language, contract text storage<\/h4>\nThe language available for the conclusion of the contract is German.\n\nThe text of the contract is not saved by us.\n<h5>4. terms of delivery<\/h5>\nShipping costs may apply in addition to the indicated product prices.\n\nYou can find out more about any shipping costs in the offers.\n\nYou generally have the option of collecting from;\n\nGrandbois Wines\n\nPhilippe C. Grandbois\n\n<span style=\"font-family: 'Roboto Slab', sans-serif;\">Layweg 1 54484 Maring\/Mosel<\/span>\n\nGrandbois Wines, Philippe C. Grandbois,\u00a0<span style=\"font-family: 'Roboto Slab', sans-serif;\">Layweg 1 54484 Maring\/Mosel<\/span>\u00a0Germany,\n\nTel: +491709848148,\n\nE-mail: info@grandboisweine.com,\n\nduring the following business hours: by appointment.\n<h4>5. payment<\/h4>\nThe following payment methods are available in our store:\n\nInvoice\n\nYou pay the invoice amount after receipt of the goods and the invoice by bank transfer to our bank account. We reserve the right to offer purchase on account only after a successful credit check.\n\nCredit card\n\nYou enter your credit card details when placing the order. Once you have been legitimized as the legitimate cardholder, the payment transaction will be carried out automatically and your card will be debited.\n\nDirect debit\n\nPayPal\n\nStripe\n\nDuring the ordering process you will be redirected to the website of the online provider PayPal. In order to be able to pay the invoice amount via PayPal, you must be registered there or first register, legitimize with your access data and confirm the payment instruction to us. After placing the order in the store, we request PayPal to initiate the payment transaction. The payment transaction will be carried out automatically by PayPal immediately afterwards. You will receive further instructions during the ordering process.\n<h4>6. reservation of title<\/h4>\nThe goods remain our property until full payment has been made.\n<h5>7. transportation damage<\/h5>\nIf goods are delivered with obvious transport damage, please complain about such defects to the deliverer as soon as possible and contact us immediately. Failure to make a complaint or contact us has no consequences for your legal claims and their enforcement, in particular your warranty rights. However, you will help us to assert our own claims against the carrier or the transport insurance company.\n<h4>8 Warranty and guarantees<\/h4>\nUnless expressly agreed otherwise below, the statutory liability for defects shall apply.\n\nThe following applies to used goods: if the defect occurs after the expiry of one year from delivery of the goods, claims for defects are excluded. Defects that occur within one year of delivery of the goods may be claimed within the statutory limitation period of two years from delivery of the goods.\n\nThe above restrictions and shortened periods do not apply to claims based on damage caused by us, our legal representatives or vicarious agents\n\n- in the event of injury to life, limb or health\n\n- in the event of intentional or grossly negligent breach of duty and fraudulent intent\n\n- in the event of a breach of material contractual obligations, the fulfillment of which\n\nfulfillment of which makes the proper execution of the contract possible in the first place and\n\ncompliance with which the contractual partner may regularly rely\n\n(cardinal obligations)\n\n- within the scope of a guarantee promise, if agreed or\n\n- insofar as the scope of application of the Product Liability Act is opened.\n\nInformation on any additional guarantees that may apply and their exact conditions can be found with the product and on special information pages in the online store.\n<h4>9. liability<\/h4>\nWe shall always be liable without limitation for claims based on damage caused by us, our legal representatives or vicarious agents\n\n- in the event of injury to life, limb or health,\n\n- in the event of intentional or grossly negligent breach of duty,\n\n- in the case of warranty promises, if agreed, or\n\n- insofar as the scope of application of the Product Liability Act applies.\n\nIn the event of a breach of essential contractual obligations, the fulfillment of which is essential for the proper execution of the contract and on the observance of which the contractual partner may regularly rely (cardinal obligations) due to slight negligence on our part, our legal representatives or vicarious agents, liability shall be limited to the amount of damage foreseeable at the time of conclusion of the contract, the occurrence of which must typically be expected. Otherwise, claims for damages are excluded.\n<h4>10. dispute resolution<\/h4>\nThe European Commission provides a platform for online dispute resolution (OS), which you can find herehttps:\/\/ec.europa.eu\/consumers\/odr\/.\n\nWe are not obliged or willing to participate in a dispute resolution procedure before a consumer arbitration board.\n<h4>11. protection of minors<\/h4>\nIf your order includes goods whose sale is subject to age restrictions, we use a reliable procedure that includes a personal identity and age check to ensure that the customer has reached the required minimum age. The deliverer will only hand over the goods after an age check has been carried out and only to the customer personally.\t\t\t\t\t\t\t\t<\/div>\n\t\t\t\t<\/div>\n\t\t\t\t\t<\/div>\n\t\t<\/div>\n\t\t\t\t\t<\/div>\n\t\t<\/section>\n\t\t\t\t<\/div>","protected":false},"excerpt":{"rendered":"<p>AGB Allgemeine Gesch\u00e4ftsbedingungen 1. Geltungsbereich F\u00fcr alle Bestellungen \u00fcber unseren Online-Shop gelten die nachfolgenden AGB. Unser Online-Shop richtet sich ausschlie\u00dflich an Verbraucher. Verbraucher ist jede nat\u00fcrliche Person, die ein Rechtsgesch\u00e4ft zu Zwecken abschlie\u00dft, die \u00fcberwiegend weder ihrer gewerblichen noch ihrer selbst\u00e4ndigen beruflichen T\u00e4tigkeit zugerechnet werden k\u00f6nnen. Unternehmer ist eine nat\u00fcrliche oder juristische Person oder eine [&hellip;]<\/p>\n","protected":false},"author":17433329,"featured_media":0,"parent":0,"menu_order":0,"comment_status":"closed","ping_status":"closed","template":"elementor_header_footer","meta":{"footnotes":""},"class_list":["post-1188","page","type-page","status-publish","hentry"],"jetpack_shortlink":"https:\/\/wp.me\/PcLwpy-ja","jetpack_sharing_enabled":true,"_links":{"self":[{"href":"https:\/\/grandboisweine.com\/en\/wp-json\/wp\/v2\/pages\/1188","targetHints":{"allow":["GET"]}}],"collection":[{"href":"https:\/\/grandboisweine.com\/en\/wp-json\/wp\/v2\/pages"}],"about":[{"href":"https:\/\/grandboisweine.com\/en\/wp-json\/wp\/v2\/types\/page"}],"author":[{"embeddable":true,"href":"https:\/\/grandboisweine.com\/en\/wp-json\/wp\/v2\/users\/17433329"}],"replies":[{"embeddable":true,"href":"https:\/\/grandboisweine.com\/en\/wp-json\/wp\/v2\/comments?post=1188"}],"version-history":[{"count":0,"href":"https:\/\/grandboisweine.com\/en\/wp-json\/wp\/v2\/pages\/1188\/revisions"}],"wp:attachment":[{"href":"https:\/\/grandboisweine.com\/en\/wp-json\/wp\/v2\/media?parent=1188"}],"curies":[{"name":"wp","href":"https:\/\/api.w.org\/{rel}","templated":true}]}}